{"id":19941,"date":"2025-10-09T14:43:56","date_gmt":"2025-10-09T13:43:56","guid":{"rendered":"https:\/\/www.dolivo.shop\/?post_type=product&#038;p=19941"},"modified":"2025-10-09T16:36:32","modified_gmt":"2025-10-09T15:36:32","slug":"runde-heilige-familie-copia-2","status":"publish","type":"product","link":"https:\/\/www.dolivo.shop\/de\/produkt\/runde-heilige-familie-copia-2\/","title":{"rendered":"Heiligen Franz von Assisi"},"content":{"rendered":"<p class=\"p3\">Ein Kunstwerk, das <span class=\"s2\"><b>Spiritualit\u00e4t, Kunst und Natur<\/b><\/span> miteinander vereint.<\/p>\n<p class=\"p4\"><span class=\"s3\">Diese fein gearbeitete Statue des <\/span><b>Heiligen Franz von Assisi<\/b><span class=\"s3\">, <\/span><b>aus einem einzigen Block echten Olivenholzes geschnitzt<\/b><span class=\"s3\">, verk\u00f6rpert die Sch\u00f6nheit und St\u00e4rke eines edlen Materials \u2013 <\/span><b>ein zeitloses Symbol f\u00fcr Frieden und Hingabe<\/b><span class=\"s3\">.<\/span><\/p>\n<p class=\"p3\">Das <span class=\"s2\"><b>Olivenholz<\/b><\/span>, mit seinen <span class=\"s2\"><b>warmen, nat\u00fcrlichen Maserungen<\/b><\/span>, macht jede Statue zu einem <span class=\"s2\"><b>Unikat<\/b><\/span>.<\/p>\n<p class=\"p3\">Jede Farbnuance und jede Linie des Holzes erz\u00e4hlt die jahrhundertealte Geschichte des Baumes, aus dem sie stammt, und verleiht der Skulptur einen <span class=\"s2\"><b>einzigartigen Charakter<\/b><\/span>.<\/p>\n<p class=\"p4\"><span class=\"s3\">Die <\/span><b>handwerkliche Verarbeitung<\/b><span class=\"s3\"> betont die <\/span><b>sanften und kontemplativen Z\u00fcge<\/b><span class=\"s3\"> des Heiligen und vermittelt ein Gef\u00fchl von <\/span><b>Ruhe und spiritueller Harmonie<\/b><span class=\"s3\">.<\/span><\/p>\n<p class=\"p3\">Das Ergebnis ist mehr als nur eine Figur \u2013 es ist eine <span class=\"s2\"><b>stille, lichtvolle Pr\u00e4senz<\/b><\/span>, die <span class=\"s2\"><b>innere Ruhe und Authentizit\u00e4t<\/b><\/span> ausstrahlt.<\/p>\n<p class=\"p4\"><span class=\"s3\">Ideal f\u00fcr alle, die ihrem Zuhause oder einem <\/span><b>sakralen Raum<\/b><span class=\"s3\"> ein <\/span><b>Zeichen des Glaubens und zeitloser Sch\u00f6nheit<\/b><span class=\"s3\"> verleihen m\u00f6chten, gefertigt in <\/span><b>traditioneller italienischer Handwerkskunst<\/b><span class=\"s3\">.<\/span><\/p>\n","protected":false},"excerpt":{"rendered":"<p>Ein Kunstwerk, das Spiritualit\u00e4t, Kunst und Natur miteinander vereint. Diese fein gearbeitete Statue des Heiligen Franz von Assisi, aus einem einzigen Block echten Olivenholzes geschnitzt, verk\u00f6rpert die Sch\u00f6nheit und St\u00e4rke eines edlen Materials \u2013 ein zeitloses Symbol f\u00fcr Frieden und Hingabe. Das Olivenholz, mit seinen warmen, nat\u00fcrlichen Maserungen, macht jede Statue zu einem Unikat. Jede&#8230;<\/p>\n","protected":false},"featured_media":8912,"template":"","meta":{"_acf_changed":false},"product_brand":[],"product_cat":[296,366],"product_tag":[],"class_list":{"0":"post-19941","1":"product","2":"type-product","3":"status-publish","4":"has-post-thumbnail","6":"product_cat-skulpturen","7":"product_cat-geschenkartikel","9":"first","10":"instock","11":"taxable","12":"shipping-taxable","13":"purchasable","14":"product-type-variable"},"acf":[],"_links":{"self":[{"href":"https:\/\/www.dolivo.shop\/de\/wp-json\/wp\/v2\/product\/19941","targetHints":{"allow":["GET"]}}],"collection":[{"href":"https:\/\/www.dolivo.shop\/de\/wp-json\/wp\/v2\/product"}],"about":[{"href":"https:\/\/www.dolivo.shop\/de\/wp-json\/wp\/v2\/types\/product"}],"wp:featuredmedia":[{"embeddable":true,"href":"https:\/\/www.dolivo.shop\/de\/wp-json\/wp\/v2\/media\/8912"}],"wp:attachment":[{"href":"https:\/\/www.dolivo.shop\/de\/wp-json\/wp\/v2\/media?parent=19941"}],"wp:term":[{"taxonomy":"product_brand","embeddable":true,"href":"https:\/\/www.dolivo.shop\/de\/wp-json\/wp\/v2\/product_brand?post=19941"},{"taxonomy":"product_cat","embeddable":true,"href":"https:\/\/www.dolivo.shop\/de\/wp-json\/wp\/v2\/product_cat?post=19941"},{"taxonomy":"product_tag","embeddable":true,"href":"https:\/\/www.dolivo.shop\/de\/wp-json\/wp\/v2\/product_tag?post=19941"}],"curies":[{"name":"wp","href":"https:\/\/api.w.org\/{rel}","templated":true}]}}