{"id":19958,"date":"2025-10-09T15:46:21","date_gmt":"2025-10-09T14:46:21","guid":{"rendered":"https:\/\/www.dolivo.shop\/?post_type=product&#038;p=19958"},"modified":"2025-10-09T16:36:55","modified_gmt":"2025-10-09T15:36:55","slug":"sankt-franziskus-copia","status":"publish","type":"product","link":"https:\/\/www.dolivo.shop\/de\/produkt\/sankt-franziskus-copia\/","title":{"rendered":"Hl. Franziskus mit dem Wolf"},"content":{"rendered":"<h3><b>Heiligenfigur Handgefertigt<\/b><\/h3>\n<p class=\"p3\"><span class=\"s2\">Diese elegante Statue, die <\/span><b>den Heiligen Franziskus von Assisi mit dem Wolf<\/b><span class=\"s2\"> darstellt, wird <\/span><b>in sorgf\u00e4ltiger Handarbeit aus edlem Olivenholz<\/b><span class=\"s2\"> gefertigt \u2013 einem <\/span><b>wertvollen Material voller spiritueller Bedeutung<\/b><span class=\"s2\">.<\/span><\/p>\n<p class=\"p3\"><span class=\"s2\">Das Olivenholz, gewonnen aus <\/span><b>jahrhundertealten mediterranen B\u00e4umen<\/b><span class=\"s2\">, ist bekannt f\u00fcr seine <\/span><b>einzigartige Maserung<\/b><span class=\"s2\">, <\/span><b>warm-goldenen Farbt\u00f6ne<\/b><span class=\"s2\"> und <\/span><b>nat\u00fcrliche Best\u00e4ndigkeit<\/b><span class=\"s2\">.<\/span><\/p>\n<p class=\"p4\">Jedes St\u00fcck ist <span class=\"s3\"><b>ein Unikat<\/b><\/span>, da die nat\u00fcrliche Struktur des Holzes jede Skulptur unverwechselbar macht.<\/p>\n<p class=\"p4\">Als <span class=\"s3\"><b>Symbol des Friedens, der Demut und der Harmonie mit der Natur<\/b><\/span> zeigt diese Figur den heiligen Franziskus in einer <span class=\"s3\"><b>liebevollen Geste gegen\u00fcber dem Wolf<\/b><\/span>, seinem treuen Begleiter in der Legende.<\/p>\n<p class=\"p4\">Die <span class=\"s3\"><b>Essenz des Olivenholzes<\/b><\/span>, eines heiligen Baumes und <span class=\"s3\"><b>Zeichens des Friedens<\/b><\/span>, unterstreicht die spirituelle Botschaft dieser Darstellung.<\/p>\n<p class=\"p3\"><span class=\"s2\">Ideal als <\/span><b>Andachtsobjekt<\/b><span class=\"s2\">, <\/span><b>religi\u00f6ses Geschenk<\/b><span class=\"s2\"> oder <\/span><b>dekoratives Element<\/b><span class=\"s2\"> \u2013 diese Statue vereint <\/span><b>Kunst, Glaube und Natur<\/b><span class=\"s2\"> in einem Werk <\/span><b>authentischer Handwerkskunst<\/b><span class=\"s2\">.<\/span><\/p>\n<p>&nbsp;<\/p>\n<p class=\"p1\"><strong>Aus einem einzigen Holzblock geschnitzt<\/strong>.<\/p>\n","protected":false},"excerpt":{"rendered":"<p>Heiligenfigur Handgefertigt Diese elegante Statue, die den Heiligen Franziskus von Assisi mit dem Wolf darstellt, wird in sorgf\u00e4ltiger Handarbeit aus edlem Olivenholz gefertigt \u2013 einem wertvollen Material voller spiritueller Bedeutung. Das Olivenholz, gewonnen aus jahrhundertealten mediterranen B\u00e4umen, ist bekannt f\u00fcr seine einzigartige Maserung, warm-goldenen Farbt\u00f6ne und nat\u00fcrliche Best\u00e4ndigkeit. Jedes St\u00fcck ist ein Unikat, da die&#8230;<\/p>\n","protected":false},"featured_media":8910,"template":"","meta":{"_acf_changed":false},"product_brand":[],"product_cat":[296,366],"product_tag":[],"class_list":{"0":"post-19958","1":"product","2":"type-product","3":"status-publish","4":"has-post-thumbnail","6":"product_cat-skulpturen","7":"product_cat-geschenkartikel","9":"first","10":"instock","11":"taxable","12":"shipping-taxable","13":"purchasable","14":"product-type-variable"},"acf":[],"_links":{"self":[{"href":"https:\/\/www.dolivo.shop\/de\/wp-json\/wp\/v2\/product\/19958","targetHints":{"allow":["GET"]}}],"collection":[{"href":"https:\/\/www.dolivo.shop\/de\/wp-json\/wp\/v2\/product"}],"about":[{"href":"https:\/\/www.dolivo.shop\/de\/wp-json\/wp\/v2\/types\/product"}],"wp:featuredmedia":[{"embeddable":true,"href":"https:\/\/www.dolivo.shop\/de\/wp-json\/wp\/v2\/media\/8910"}],"wp:attachment":[{"href":"https:\/\/www.dolivo.shop\/de\/wp-json\/wp\/v2\/media?parent=19958"}],"wp:term":[{"taxonomy":"product_brand","embeddable":true,"href":"https:\/\/www.dolivo.shop\/de\/wp-json\/wp\/v2\/product_brand?post=19958"},{"taxonomy":"product_cat","embeddable":true,"href":"https:\/\/www.dolivo.shop\/de\/wp-json\/wp\/v2\/product_cat?post=19958"},{"taxonomy":"product_tag","embeddable":true,"href":"https:\/\/www.dolivo.shop\/de\/wp-json\/wp\/v2\/product_tag?post=19958"}],"curies":[{"name":"wp","href":"https:\/\/api.w.org\/{rel}","templated":true}]}}