{"id":21496,"date":"2026-02-26T16:38:11","date_gmt":"2026-02-26T15:38:11","guid":{"rendered":"https:\/\/www.dolivo.shop\/?post_type=product&#038;p=21496"},"modified":"2026-02-27T17:57:43","modified_gmt":"2026-02-27T16:57:43","slug":"frosch-copia-copia-copia-copia","status":"publish","type":"product","link":"https:\/\/www.dolivo.shop\/de\/produkt\/frosch-copia-copia-copia-copia\/","title":{"rendered":"Lesezeichen \u201eMarienk\u00e4fer\u201c aus Olivenholz"},"content":{"rendered":"<h2 class=\"p1\">Lesezeichen \u201eMarienk\u00e4fer\u201c aus Olivenholz<b><\/b><\/h2>\n<p class=\"p3\">Ein kleines Detail, das bleibt: Dieses handgefertigte Lesezeichen aus Olivenholz wird durch einen charmanten Marienk\u00e4fer mit zartem, modernem Design veredelt. Ideal als Begleiter f\u00fcr jedes Buch \u2013 und zugleich ein n\u00fctzliches, elegantes Geschenk f\u00fcr B\u00fccherliebhaber, Lehrkr\u00e4fte, Katecheten oder besondere G\u00e4ste.<\/p>\n<p class=\"p3\">Gefertigt aus echtem Olivenholz ist jedes St\u00fcck ein <strong>Unikat<\/strong>: Die nat\u00fcrliche Maserung und die warmen Farbschattierungen dieses Holzes fallen bei jedem Exemplar anders aus. Durch die schlanke Form ist das Lesezeichen praktisch und leicht \u2013 perfekt, um es zwischen die Seiten zu legen, ohne das Buch zu besch\u00e4digen.<\/p>\n<h2 class=\"p1\">Eine originelle, nachhaltige Geschenkidee \u2013 auch als Gastgeschenk<b><\/b><\/h2>\n<p class=\"p3\">Der nat\u00fcrliche Stil und die sorgf\u00e4ltige Handarbeit machen es zu einem idealen kleinen Pr\u00e4sent f\u00fcr Erstkommunion, Taufe, besondere Anl\u00e4sse oder als stilvollen Platzhalter am Tisch.<\/p>\n<p class=\"p3\">Auf Wunsch fertigen wir <span class=\"s1\"><b>personalisierte Gravuren<\/b><\/span> an.<\/p>\n<p class=\"p3\"><span class=\"s1\"><b>Ma\u00dfe:<\/b><\/span> 4 \u00d7 15 cm.<\/p>\n","protected":false},"excerpt":{"rendered":"<p>Lesezeichen \u201eMarienk\u00e4fer\u201c aus Olivenholz Ein kleines Detail, das bleibt: Dieses handgefertigte Lesezeichen aus Olivenholz wird durch einen charmanten Marienk\u00e4fer mit zartem, modernem Design veredelt. Ideal als Begleiter f\u00fcr jedes Buch \u2013 und zugleich ein n\u00fctzliches, elegantes Geschenk f\u00fcr B\u00fccherliebhaber, Lehrkr\u00e4fte, Katecheten oder besondere G\u00e4ste. Gefertigt aus echtem Olivenholz ist jedes St\u00fcck ein Unikat: Die nat\u00fcrliche&#8230;<\/p>\n","protected":false},"featured_media":21499,"template":"","meta":{"_acf_changed":false},"product_brand":[],"product_cat":[366,870],"product_tag":[],"class_list":{"0":"post-21496","1":"product","2":"type-product","3":"status-publish","4":"has-post-thumbnail","6":"product_cat-geschenkartikel","7":"product_cat-lesezeichen","9":"first","10":"instock","11":"taxable","12":"shipping-taxable","13":"purchasable","14":"product-type-simple"},"acf":[],"_links":{"self":[{"href":"https:\/\/www.dolivo.shop\/de\/wp-json\/wp\/v2\/product\/21496","targetHints":{"allow":["GET"]}}],"collection":[{"href":"https:\/\/www.dolivo.shop\/de\/wp-json\/wp\/v2\/product"}],"about":[{"href":"https:\/\/www.dolivo.shop\/de\/wp-json\/wp\/v2\/types\/product"}],"wp:featuredmedia":[{"embeddable":true,"href":"https:\/\/www.dolivo.shop\/de\/wp-json\/wp\/v2\/media\/21499"}],"wp:attachment":[{"href":"https:\/\/www.dolivo.shop\/de\/wp-json\/wp\/v2\/media?parent=21496"}],"wp:term":[{"taxonomy":"product_brand","embeddable":true,"href":"https:\/\/www.dolivo.shop\/de\/wp-json\/wp\/v2\/product_brand?post=21496"},{"taxonomy":"product_cat","embeddable":true,"href":"https:\/\/www.dolivo.shop\/de\/wp-json\/wp\/v2\/product_cat?post=21496"},{"taxonomy":"product_tag","embeddable":true,"href":"https:\/\/www.dolivo.shop\/de\/wp-json\/wp\/v2\/product_tag?post=21496"}],"curies":[{"name":"wp","href":"https:\/\/api.w.org\/{rel}","templated":true}]}}