{"id":21562,"date":"2026-02-26T16:59:48","date_gmt":"2026-02-26T15:59:48","guid":{"rendered":"https:\/\/www.dolivo.shop\/?post_type=product&#038;p=21562"},"modified":"2026-02-27T17:17:31","modified_gmt":"2026-02-27T16:17:31","slug":"frosch-copia-copia-copia-copia-copia-copia-copia-copia","status":"publish","type":"product","link":"https:\/\/www.dolivo.shop\/de\/produkt\/frosch-copia-copia-copia-copia-copia-copia-copia-copia\/","title":{"rendered":"Lesezeichen \u201ePeppa Pig\u201c aus Olivenholz"},"content":{"rendered":"<h2 class=\"p1\">Lesezeichen \u201ePeppa Pig\u201c aus Olivenholz<b><\/b><\/h2>\n<p class=\"p3\">Ein kleines Detail, das lange bleibt: Dieses handgefertigte Lesezeichen aus Olivenholz wird durch eine liebevolle Peppa-Pig-Applikation in einem modernen, fein abgestimmten Design veredelt. Ideal als Begleiter f\u00fcr jedes Buch \u2013 und zugleich ein n\u00fctzliches, elegantes Geschenk f\u00fcr B\u00fccherliebhaber, Lehrkr\u00e4fte, Katecheten oder besondere G\u00e4ste.<\/p>\n<p class=\"p3\">Gefertigt aus echtem Olivenholz ist jedes St\u00fcck ein Unikat: Die charakteristische Maserung und die warmen Farbt\u00f6ne variieren bei jedem Lesezeichen und machen jedes Exemplar einzigartig. Dank seiner schlanken Form ist es leicht und praktisch \u2013 perfekt, um es zwischen die Seiten zu legen, ohne das Buch zu besch\u00e4digen.<\/p>\n<h2 class=\"p1\">Eine originelle Idee f\u00fcr eine umweltfreundliche Gastgeschenk-Alternative<b><\/b><\/h2>\n<p class=\"p3\">Der nat\u00fcrliche Look und die traditionelle Handarbeit machen dieses Lesezeichen zu einem stimmigen Pr\u00e4sent f\u00fcr Erstkommunion, Taufe, besondere Anl\u00e4sse oder auch als Platzk\u00e4rtchen.<\/p>\n<p class=\"p3\">Auf Wunsch fertigen wir <span class=\"s1\"><b>personalisierte Gravuren<\/b><\/span> an.<\/p>\n<p class=\"p3\"><span class=\"s1\"><b>Ma\u00dfe:<\/b><\/span> 3,5 \u00d7 15 cm.<\/p>\n","protected":false},"excerpt":{"rendered":"<p>Lesezeichen \u201ePeppa Pig\u201c aus Olivenholz Ein kleines Detail, das lange bleibt: Dieses handgefertigte Lesezeichen aus Olivenholz wird durch eine liebevolle Peppa-Pig-Applikation in einem modernen, fein abgestimmten Design veredelt. Ideal als Begleiter f\u00fcr jedes Buch \u2013 und zugleich ein n\u00fctzliches, elegantes Geschenk f\u00fcr B\u00fccherliebhaber, Lehrkr\u00e4fte, Katecheten oder besondere G\u00e4ste. Gefertigt aus echtem Olivenholz ist jedes St\u00fcck&#8230;<\/p>\n","protected":false},"featured_media":21568,"template":"","meta":{"_acf_changed":false},"product_brand":[],"product_cat":[366,870],"product_tag":[],"class_list":{"0":"post-21562","1":"product","2":"type-product","3":"status-publish","4":"has-post-thumbnail","6":"product_cat-geschenkartikel","7":"product_cat-lesezeichen","9":"first","10":"instock","11":"taxable","12":"shipping-taxable","13":"purchasable","14":"product-type-simple"},"acf":[],"_links":{"self":[{"href":"https:\/\/www.dolivo.shop\/de\/wp-json\/wp\/v2\/product\/21562","targetHints":{"allow":["GET"]}}],"collection":[{"href":"https:\/\/www.dolivo.shop\/de\/wp-json\/wp\/v2\/product"}],"about":[{"href":"https:\/\/www.dolivo.shop\/de\/wp-json\/wp\/v2\/types\/product"}],"wp:featuredmedia":[{"embeddable":true,"href":"https:\/\/www.dolivo.shop\/de\/wp-json\/wp\/v2\/media\/21568"}],"wp:attachment":[{"href":"https:\/\/www.dolivo.shop\/de\/wp-json\/wp\/v2\/media?parent=21562"}],"wp:term":[{"taxonomy":"product_brand","embeddable":true,"href":"https:\/\/www.dolivo.shop\/de\/wp-json\/wp\/v2\/product_brand?post=21562"},{"taxonomy":"product_cat","embeddable":true,"href":"https:\/\/www.dolivo.shop\/de\/wp-json\/wp\/v2\/product_cat?post=21562"},{"taxonomy":"product_tag","embeddable":true,"href":"https:\/\/www.dolivo.shop\/de\/wp-json\/wp\/v2\/product_tag?post=21562"}],"curies":[{"name":"wp","href":"https:\/\/api.w.org\/{rel}","templated":true}]}}