{"id":21581,"date":"2026-02-26T17:03:31","date_gmt":"2026-02-26T16:03:31","guid":{"rendered":"https:\/\/www.dolivo.shop\/?post_type=product&#038;p=21581"},"modified":"2026-02-27T17:55:32","modified_gmt":"2026-02-27T16:55:32","slug":"frosch-copia-copia-copia-copia-copia-copia-copia-copia-copia","status":"publish","type":"product","link":"https:\/\/www.dolivo.shop\/de\/produkt\/frosch-copia-copia-copia-copia-copia-copia-copia-copia-copia\/","title":{"rendered":"Tau-Lesezeichen \u201eVaterunser\u201c aus Olivenholz"},"content":{"rendered":"<h2 class=\"p1\">Tau-Lesezeichen \u201eVaterunser\u201c aus Olivenholz<b><\/b><\/h2>\n<p class=\"p3\">Ein kleines Detail, das bleibt: Dieses handgefertigte Lesezeichen aus Olivenholz ist mit dem Tau-Symbol veredelt. Ideal als stilvoller Begleiter f\u00fcr jedes Buch \u2013 und zugleich ein praktisches, elegantes Geschenk f\u00fcr B\u00fccherliebhaber, Lehrerinnen und Lehrer, Katechetinnen und Katecheten oder besondere G\u00e4ste.<\/p>\n<p class=\"p3\">Gefertigt aus echtem Olivenholz ist jedes St\u00fcck ein <strong>Unikat<\/strong>: Die charakteristische, stets unterschiedliche Maserung und die warmen Farbt\u00f6ne dieses Holzes machen jedes Lesezeichen einzigartig. Die schlanke Form ist leicht und angenehm in der Handhabung \u2013 perfekt, um es zwischen die Seiten zu legen, ohne das Buch zu besch\u00e4digen.<\/p>\n<h2 class=\"p1\">Eine originelle, umweltfreundliche Gastgeschenk-Idee<b><\/b><\/h2>\n<p class=\"p3\">Der nat\u00fcrliche Look und die sorgf\u00e4ltige handwerkliche Verarbeitung machen es zu einem idealen Andenken f\u00fcr Erstkommunionen, Taufen, besondere Anl\u00e4sse oder auch als Tischk\u00e4rtchen\/Ersatz f\u00fcr ein Platzk\u00e4rtchen (Segnaposto).<\/p>\n<p class=\"p3\">Auf Wunsch fertigen wir <span class=\"s1\"><b>personalisierte Gravuren<\/b><\/span> an.<\/p>\n<p class=\"p3\"><span class=\"s1\"><b>Ma\u00dfe:<\/b><\/span> 5,5 \u00d7 19 cm.<\/p>\n","protected":false},"excerpt":{"rendered":"<p>Tau-Lesezeichen \u201eVaterunser\u201c aus Olivenholz Ein kleines Detail, das bleibt: Dieses handgefertigte Lesezeichen aus Olivenholz ist mit dem Tau-Symbol veredelt. Ideal als stilvoller Begleiter f\u00fcr jedes Buch \u2013 und zugleich ein praktisches, elegantes Geschenk f\u00fcr B\u00fccherliebhaber, Lehrerinnen und Lehrer, Katechetinnen und Katecheten oder besondere G\u00e4ste. Gefertigt aus echtem Olivenholz ist jedes St\u00fcck ein Unikat: Die charakteristische,&#8230;<\/p>\n","protected":false},"featured_media":21596,"template":"","meta":{"_acf_changed":false},"product_brand":[],"product_cat":[366,870],"product_tag":[],"class_list":{"0":"post-21581","1":"product","2":"type-product","3":"status-publish","4":"has-post-thumbnail","6":"product_cat-geschenkartikel","7":"product_cat-lesezeichen","9":"first","10":"instock","11":"taxable","12":"shipping-taxable","13":"purchasable","14":"product-type-simple"},"acf":[],"_links":{"self":[{"href":"https:\/\/www.dolivo.shop\/de\/wp-json\/wp\/v2\/product\/21581","targetHints":{"allow":["GET"]}}],"collection":[{"href":"https:\/\/www.dolivo.shop\/de\/wp-json\/wp\/v2\/product"}],"about":[{"href":"https:\/\/www.dolivo.shop\/de\/wp-json\/wp\/v2\/types\/product"}],"wp:featuredmedia":[{"embeddable":true,"href":"https:\/\/www.dolivo.shop\/de\/wp-json\/wp\/v2\/media\/21596"}],"wp:attachment":[{"href":"https:\/\/www.dolivo.shop\/de\/wp-json\/wp\/v2\/media?parent=21581"}],"wp:term":[{"taxonomy":"product_brand","embeddable":true,"href":"https:\/\/www.dolivo.shop\/de\/wp-json\/wp\/v2\/product_brand?post=21581"},{"taxonomy":"product_cat","embeddable":true,"href":"https:\/\/www.dolivo.shop\/de\/wp-json\/wp\/v2\/product_cat?post=21581"},{"taxonomy":"product_tag","embeddable":true,"href":"https:\/\/www.dolivo.shop\/de\/wp-json\/wp\/v2\/product_tag?post=21581"}],"curies":[{"name":"wp","href":"https:\/\/api.w.org\/{rel}","templated":true}]}}