{"id":21784,"date":"2026-03-02T10:32:48","date_gmt":"2026-03-02T09:32:48","guid":{"rendered":"https:\/\/www.dolivo.shop\/?post_type=product&#038;p=21784"},"modified":"2026-03-02T10:57:39","modified_gmt":"2026-03-02T09:57:39","slug":"gemuse-und-polentamesser-copia","status":"publish","type":"product","link":"https:\/\/www.dolivo.shop\/de\/produkt\/gemuse-und-polentamesser-copia\/","title":{"rendered":"Brotmesser mit Griff aus Olivenholz"},"content":{"rendered":"<p class=\"p3\">Dieses Brotmesser vereint professionelle Funktionalit\u00e4t mit nat\u00fcrlicher Eleganz \u2013 dank des edlen Griffs aus hochwertigem <strong>Olivenholz<\/strong>. Die gezahnte Klinge aus Stahl sorgt f\u00fcr einen pr\u00e4zisen, sauberen Schnitt und eignet sich ideal f\u00fcr knuspriges Brot, Focaccia und Backwaren, ohne die Krume zu zerdr\u00fccken.<\/p>\n<p class=\"p3\">Der wahre Blickfang ist der Griff: <strong>Olivenholz<\/strong>, bekannt f\u00fcr seine au\u00dfergew\u00f6hnliche Widerstandsf\u00e4higkeit und Langlebigkeit, verleiht jedem St\u00fcck einen unverwechselbaren Charakter. Seine warmen, unregelm\u00e4\u00dfigen Maserungen machen jedes Messer zum <strong>Unikat<\/strong> \u2013 exklusiv und zugleich alltagstauglich. Dieses Holz ist von Natur aus hygienisch (antibakterielle Eigenschaften) und f\u00fchlt sich angenehm an; die ergonomische Form garantiert einen sicheren, komfortablen Halt bei der Nutzung.<\/p>\n<p class=\"p3\">Sorgf\u00e4ltig handgefertigt ist dieses Messer nicht nur ein K\u00fcchenwerkzeug, sondern auch ein stilvolles Detail, das den Charme mediterraner Tradition in Ihre K\u00fcche bringt. Perfekt auch als Geschenkidee. Ein Brotmesser, das auf Dauer ausgelegt ist und jede K\u00fcche mit der nat\u00fcrlichen Sch\u00f6nheit von Olivenholz bereichert.<\/p>\n<p class=\"p1\"><b>Hauptmerkmale:<\/b><b><\/b><\/p>\n<ul>\n<li>\n<p class=\"p1\">gezahnte Stahlklinge f\u00fcr pr\u00e4zise, m\u00fchelose Schnitte<\/p>\n<\/li>\n<li>\n<p class=\"p1\">Griff aus echtem Olivenholz: robust, langlebig, einzigartig gemasert<\/p>\n<\/li>\n<li>\n<p class=\"p1\">ergonomisches Design f\u00fcr einen bequemen und sicheren Halt<\/p>\n<\/li>\n<li>\n<p class=\"p1\">handgefertigtes Produkt mit hohem \u00e4sthetischem und funktionalem Wert<\/p>\n<\/li>\n<\/ul>\n<p class=\"p3\"><strong>F\u00fcr den Kontakt mit Lebensmitteln geeignet und hygienisch. Die Klinge ist l\u00e4nger als der Standard, um auch besonders gro\u00dfe Brotlaibe komfortabel schneiden zu k\u00f6nnen.<\/strong><\/p>\n<p class=\"p3\">\n<p class=\"p3\">Auf Wunsch fertigen wir personalisierte Gravuren an \u2013 sowohl auf der Klinge als auch auf dem Griff.<\/p>\n<p class=\"p3\"><span class=\"s2\"><b>Ma\u00dfe:<\/b><\/span> 3 \u00d7 42,5 cm<\/p>\n<h2 class=\"p1\">Wichtiger Hinweis<b><\/b><\/h2>\n<p class=\"p3\">Handgefertigter Artikel: Kleine Unregelm\u00e4\u00dfigkeiten oder minimale Abweichungen sind nicht als M\u00e4ngel zu verstehen, sondern als Zeichen der authentischen Handarbeit und der Echtheit des Produkts.<\/p>\n","protected":false},"excerpt":{"rendered":"<p>Dieses Brotmesser vereint professionelle Funktionalit\u00e4t mit nat\u00fcrlicher Eleganz \u2013 dank des edlen Griffs aus hochwertigem Olivenholz. Die gezahnte Klinge aus Stahl sorgt f\u00fcr einen pr\u00e4zisen, sauberen Schnitt und eignet sich ideal f\u00fcr knuspriges Brot, Focaccia und Backwaren, ohne die Krume zu zerdr\u00fccken. Der wahre Blickfang ist der Griff: Olivenholz, bekannt f\u00fcr seine au\u00dfergew\u00f6hnliche Widerstandsf\u00e4higkeit und&#8230;<\/p>\n","protected":false},"featured_media":21791,"template":"","meta":{"_acf_changed":false},"product_brand":[],"product_cat":[277,288],"product_tag":[],"class_list":{"0":"post-21784","1":"product","2":"type-product","3":"status-publish","4":"has-post-thumbnail","6":"product_cat-in-der-kueche","7":"product_cat-kuechengeraete","9":"first","10":"instock","11":"taxable","12":"shipping-taxable","13":"purchasable","14":"product-type-simple"},"acf":[],"_links":{"self":[{"href":"https:\/\/www.dolivo.shop\/de\/wp-json\/wp\/v2\/product\/21784","targetHints":{"allow":["GET"]}}],"collection":[{"href":"https:\/\/www.dolivo.shop\/de\/wp-json\/wp\/v2\/product"}],"about":[{"href":"https:\/\/www.dolivo.shop\/de\/wp-json\/wp\/v2\/types\/product"}],"wp:featuredmedia":[{"embeddable":true,"href":"https:\/\/www.dolivo.shop\/de\/wp-json\/wp\/v2\/media\/21791"}],"wp:attachment":[{"href":"https:\/\/www.dolivo.shop\/de\/wp-json\/wp\/v2\/media?parent=21784"}],"wp:term":[{"taxonomy":"product_brand","embeddable":true,"href":"https:\/\/www.dolivo.shop\/de\/wp-json\/wp\/v2\/product_brand?post=21784"},{"taxonomy":"product_cat","embeddable":true,"href":"https:\/\/www.dolivo.shop\/de\/wp-json\/wp\/v2\/product_cat?post=21784"},{"taxonomy":"product_tag","embeddable":true,"href":"https:\/\/www.dolivo.shop\/de\/wp-json\/wp\/v2\/product_tag?post=21784"}],"curies":[{"name":"wp","href":"https:\/\/api.w.org\/{rel}","templated":true}]}}