{"id":21820,"date":"2026-03-02T11:05:28","date_gmt":"2026-03-02T10:05:28","guid":{"rendered":"https:\/\/www.dolivo.shop\/?post_type=product&#038;p=21820"},"modified":"2026-03-02T11:46:24","modified_gmt":"2026-03-02T10:46:24","slug":"brotmesser-mit-griff-aus-olivenholz-copia","status":"publish","type":"product","link":"https:\/\/www.dolivo.shop\/de\/produkt\/brotmesser-mit-griff-aus-olivenholz-copia\/","title":{"rendered":"Brotmesser mit Brotschneidebrett aus Olivenholz"},"content":{"rendered":"<p class=\"p3\">Ein elegantes und zugleich funktionales Set, das handwerkliche Tradition mit Alltagstauglichkeit verbindet: Dieses Brotmesser mit passendem Brotschneidebrett wird durch die authentische Sch\u00f6nheit des Olivenholzes besonders aufgewertet.<\/p>\n<p class=\"p3\">Das Messer ist mit einer gezahnten Edelstahlklinge ausgestattet und erm\u00f6glicht einen sauberen, pr\u00e4zisen Schnitt \u2013 auch bei besonders knuspriger Kruste. Der Griff aus echtem <strong>Olivenholz<\/strong> wirkt nicht nur edel, sondern ist auch \u00e4u\u00dferst robust, ergonomisch geformt und angenehm in der Hand. Jede Maserung erz\u00e4hlt ihre eigene Geschichte und macht jedes St\u00fcck zu einem unverwechselbaren Unikat.<\/p>\n<p class=\"p3\">Das abgestimmte Brotschneidebrett aus Olivenholz ist mit Leisten (Lamellen) gefertigt, die beim Schneiden die Kr\u00fcmel auffangen und so die Arbeitsfl\u00e4che sauber und ordentlich halten. Neben der praktischen Funktion ist es dank der warmen Farbt\u00f6ne und nat\u00fcrlichen Nuancen des Holzes auch ein dekoratives Element \u2013 in der K\u00fcche wie auch auf dem Tisch.<\/p>\n<p class=\"p1\"><b>Hauptmerkmale:<\/b><b><\/b><\/p>\n<ul>\n<li>\n<p class=\"p1\">Brotmesser mit gezahnter Edelstahlklinge f\u00fcr saubere, pr\u00e4zise Schnitte<\/p>\n<\/li>\n<li>\n<p class=\"p1\">Griff aus massivem Olivenholz: robust, ergonomisch und einzigartig gemasert<\/p>\n<\/li>\n<li>\n<p class=\"p1\">Brotschneidebrett mit Leistenkonstruktion zum Auffangen von Kr\u00fcmeln<\/p>\n<\/li>\n<li>\n<p class=\"p1\">Nat\u00fcrliches, langlebiges und antibakterielles Material<\/p>\n<\/li>\n<li>\n<p class=\"p1\">Handgefertigtes Produkt mit hohem \u00e4sthetischem Wert.<\/p>\n<\/li>\n<\/ul>\n<p class=\"p3\">Perfekt f\u00fcr den t\u00e4glichen Gebrauch oder als stilvolle Geschenkidee: Dieses Set vereint Funktionalit\u00e4t und nat\u00fcrliche Sch\u00f6nheit in idealer Balance.<\/p>\n<p>&nbsp;<\/p>\n<p class=\"p3\"><strong>Lebensmittelecht und antibakteriell. Die Klinge ist l\u00e4nger als der Standard, um auch besonders gro\u00dfe Brotlaibe bequem schneiden zu k\u00f6nnen.<\/strong><\/p>\n<p>&nbsp;<\/p>\n<p class=\"p3\">Auf Wunsch fertigen wir <span class=\"s2\"><b>personalisierte Gravuren<\/b><\/span> an.<\/p>\n<p>&nbsp;<\/p>\n<p class=\"p3\"><span class=\"s2\"><b>Ma\u00dfe:<\/b><\/span> 3 \u00d7 42,5 cm (Messer). 21 \u00d7 28 cm (Brotschneidebrett).<\/p>\n<p>&nbsp;<\/p>\n<h2 class=\"p1\">Wichtiger Hinweis<b><\/b><\/h2>\n<p class=\"p3\">Handgefertigtes Unikat: Kleine Unregelm\u00e4\u00dfigkeiten oder leichte Abweichungen sind nicht als M\u00e4ngel zu verstehen, sondern als Zeichen der Echtheit und handwerklichen Herstellung.<\/p>\n","protected":false},"excerpt":{"rendered":"<p>Ein elegantes und zugleich funktionales Set, das handwerkliche Tradition mit Alltagstauglichkeit verbindet: Dieses Brotmesser mit passendem Brotschneidebrett wird durch die authentische Sch\u00f6nheit des Olivenholzes besonders aufgewertet. Das Messer ist mit einer gezahnten Edelstahlklinge ausgestattet und erm\u00f6glicht einen sauberen, pr\u00e4zisen Schnitt \u2013 auch bei besonders knuspriger Kruste. Der Griff aus echtem Olivenholz wirkt nicht nur edel,&#8230;<\/p>\n","protected":false},"featured_media":21824,"template":"","meta":{"_acf_changed":false},"product_brand":[],"product_cat":[277,288],"product_tag":[],"class_list":{"0":"post-21820","1":"product","2":"type-product","3":"status-publish","4":"has-post-thumbnail","6":"product_cat-in-der-kueche","7":"product_cat-kuechengeraete","9":"first","10":"instock","11":"taxable","12":"shipping-taxable","13":"purchasable","14":"product-type-simple"},"acf":[],"_links":{"self":[{"href":"https:\/\/www.dolivo.shop\/de\/wp-json\/wp\/v2\/product\/21820","targetHints":{"allow":["GET"]}}],"collection":[{"href":"https:\/\/www.dolivo.shop\/de\/wp-json\/wp\/v2\/product"}],"about":[{"href":"https:\/\/www.dolivo.shop\/de\/wp-json\/wp\/v2\/types\/product"}],"wp:featuredmedia":[{"embeddable":true,"href":"https:\/\/www.dolivo.shop\/de\/wp-json\/wp\/v2\/media\/21824"}],"wp:attachment":[{"href":"https:\/\/www.dolivo.shop\/de\/wp-json\/wp\/v2\/media?parent=21820"}],"wp:term":[{"taxonomy":"product_brand","embeddable":true,"href":"https:\/\/www.dolivo.shop\/de\/wp-json\/wp\/v2\/product_brand?post=21820"},{"taxonomy":"product_cat","embeddable":true,"href":"https:\/\/www.dolivo.shop\/de\/wp-json\/wp\/v2\/product_cat?post=21820"},{"taxonomy":"product_tag","embeddable":true,"href":"https:\/\/www.dolivo.shop\/de\/wp-json\/wp\/v2\/product_tag?post=21820"}],"curies":[{"name":"wp","href":"https:\/\/api.w.org\/{rel}","templated":true}]}}