{"id":21859,"date":"2026-03-02T13:22:34","date_gmt":"2026-03-02T12:22:34","guid":{"rendered":"https:\/\/www.dolivo.shop\/?post_type=product&#038;p=21859"},"modified":"2026-03-02T13:56:34","modified_gmt":"2026-03-02T12:56:34","slug":"kerzen-und-raucherhalter-copia","status":"publish","type":"product","link":"https:\/\/www.dolivo.shop\/de\/produkt\/kerzen-und-raucherhalter-copia\/","title":{"rendered":"Handgefertigter Gitarren-Teelichthalter aus Olivenholz"},"content":{"rendered":"<p class=\"p3\">Dieser elegante Teelichthalter vereint naturinspiriertes Design mit traditioneller Handwerkskunst und bringt die authentische Sch\u00f6nheit des Olivenholzes besonders zur Geltung. Konzipiert f\u00fcr Teelichter (Tealights), schafft er eine warme, behagliche Atmosph\u00e4re \u2013 ideal f\u00fcr jeden Wohnbereich.<\/p>\n<p class=\"p3\">Aus einem einzigen St\u00fcck <strong>Olivenholz<\/strong> gefertigt, ist jeder Teelichthalter ein unverwechselbares Unikat: Die charakteristische Maserung mit ihren goldenen Nuancen und geschwungenen Linien macht jedes St\u00fcck einzigartig und ausdrucksstark. Olivenholz ist bekannt f\u00fcr seine au\u00dfergew\u00f6hnliche Dichte, Widerstandsf\u00e4higkeit und Langlebigkeit \u2013 eine Wahl, die \u00c4sthetik und Qualit\u00e4t perfekt verbindet.<\/p>\n<p class=\"p3\">Neben seiner Optik \u00fcberzeugt <strong>Olivenholz<\/strong> durch seine angenehm glatte Haptik und nat\u00fcrliche Robustheit. So eignet sich dieses St\u00fcck sowohl als dekoratives Designobjekt als auch als funktionales Wohnaccessoire. Die sorgf\u00e4ltige handwerkliche Verarbeitung hebt jedes Detail hervor und macht aus einem schlichten Teelichthalter ein zeitloses Objekt.<\/p>\n<p class=\"p3\">Perfekt, um den Tisch stilvoll zu erg\u00e4nzen, eine entspannte Ecke zu gestalten oder als geschmackvolle Geschenkidee: Dieser Teelichthalter tr\u00e4gt die W\u00e4rme und Authentizit\u00e4t mediterraner Tradition in Ihr Zuhause.<\/p>\n<p>&nbsp;<\/p>\n<p class=\"p1\"><b>Hauptmerkmale:<\/b><b><\/b><\/p>\n<ul>\n<li>\n<p class=\"p1\">aus edlem Olivenholz gefertigt<\/p>\n<\/li>\n<li>\n<p class=\"p1\">jedes St\u00fcck ein Unikat dank nat\u00fcrlicher Maserung<\/p>\n<\/li>\n<li>\n<p class=\"p1\">geeignet f\u00fcr Teelichter (Tealights)<\/p>\n<\/li>\n<li>\n<p class=\"p1\">hochwertige handwerkliche Verarbeitung<\/p>\n<\/li>\n<li>\n<p class=\"p1\">nat\u00fcrlich-elegantes Design f\u00fcr jedes Ambiente.<\/p>\n<\/li>\n<\/ul>\n<p class=\"p3\">Ein Objekt, das R\u00e4ume mit Schlichtheit und Stil erhellt \u2013 und die zeitlose Sch\u00f6nheit von Olivenholz unterstreicht.<\/p>\n<h2 class=\"p1\">Eine originelle Idee f\u00fcr eine umweltfreundliche Bomboniera (Gastgeschenk)<b><\/b><\/h2>\n<p class=\"p3\">Der nat\u00fcrliche Stil und die handwerkliche Fertigung machen ihn zu einem perfekten Pr\u00e4sent f\u00fcr Hochzeiten, Kommunionen oder besondere Anl\u00e4sse.<\/p>\n<p class=\"p3\">Auf Wunsch fertigen wir <span class=\"s2\"><b>personalisierte Gravuren<\/b><\/span> an.<\/p>\n","protected":false},"excerpt":{"rendered":"<p>Dieser elegante Teelichthalter vereint naturinspiriertes Design mit traditioneller Handwerkskunst und bringt die authentische Sch\u00f6nheit des Olivenholzes besonders zur Geltung. Konzipiert f\u00fcr Teelichter (Tealights), schafft er eine warme, behagliche Atmosph\u00e4re \u2013 ideal f\u00fcr jeden Wohnbereich. Aus einem einzigen St\u00fcck Olivenholz gefertigt, ist jeder Teelichthalter ein unverwechselbares Unikat: Die charakteristische Maserung mit ihren goldenen Nuancen und geschwungenen&#8230;<\/p>\n","protected":false},"featured_media":21863,"template":"","meta":{"_acf_changed":false},"product_brand":[],"product_cat":[366,884],"product_tag":[],"class_list":{"0":"post-21859","1":"product","2":"type-product","3":"status-publish","4":"has-post-thumbnail","6":"product_cat-geschenkartikel","7":"product_cat-ollampen-kerzenhalter","9":"first","10":"instock","11":"taxable","12":"shipping-taxable","13":"purchasable","14":"product-type-variable"},"acf":[],"_links":{"self":[{"href":"https:\/\/www.dolivo.shop\/de\/wp-json\/wp\/v2\/product\/21859","targetHints":{"allow":["GET"]}}],"collection":[{"href":"https:\/\/www.dolivo.shop\/de\/wp-json\/wp\/v2\/product"}],"about":[{"href":"https:\/\/www.dolivo.shop\/de\/wp-json\/wp\/v2\/types\/product"}],"wp:featuredmedia":[{"embeddable":true,"href":"https:\/\/www.dolivo.shop\/de\/wp-json\/wp\/v2\/media\/21863"}],"wp:attachment":[{"href":"https:\/\/www.dolivo.shop\/de\/wp-json\/wp\/v2\/media?parent=21859"}],"wp:term":[{"taxonomy":"product_brand","embeddable":true,"href":"https:\/\/www.dolivo.shop\/de\/wp-json\/wp\/v2\/product_brand?post=21859"},{"taxonomy":"product_cat","embeddable":true,"href":"https:\/\/www.dolivo.shop\/de\/wp-json\/wp\/v2\/product_cat?post=21859"},{"taxonomy":"product_tag","embeddable":true,"href":"https:\/\/www.dolivo.shop\/de\/wp-json\/wp\/v2\/product_tag?post=21859"}],"curies":[{"name":"wp","href":"https:\/\/api.w.org\/{rel}","templated":true}]}}