{"id":21992,"date":"2026-03-03T14:47:33","date_gmt":"2026-03-03T13:47:33","guid":{"rendered":"https:\/\/www.dolivo.shop\/?post_type=product&#038;p=21992"},"modified":"2026-03-03T20:01:11","modified_gmt":"2026-03-03T19:01:11","slug":"armband-ep-copia","status":"publish","type":"product","link":"https:\/\/www.dolivo.shop\/de\/produkt\/armband-ep-copia\/","title":{"rendered":"Armband SZ aus Natursteinen mit Sternzeichen-Element aus Metall"},"content":{"rendered":"<h2 class=\"p1\">Aus Stein geboren \u2013 f\u00fcr dich gemacht<b><\/b><\/h2>\n<p class=\"p3\">Ein elegantes und bedeutungsvolles Accessoire, das \u00c4sthetik und pers\u00f6nliche Identit\u00e4t vereint: Dieses Sternzeichen-Armband ist aus <span class=\"s1\"><b>Natursteinen<\/b><\/span> gefertigt, deren <span class=\"s1\"><b>Maserungen, Nuancen und Schattierungen<\/b><\/span> jedes St\u00fcck einzigartig machen.<\/p>\n<p class=\"p3\">Die Perlen schaffen eine harmonische Balance aus Farben und Texturen \u2013 so ist <span class=\"s1\"><b>jedes Armband ein Unikat<\/b><\/span>. Die Vielfalt der Steine verleiht Tiefe und Charakter und macht dieses Schmuckst\u00fcck zu einem besonderen Detail, das sowohl zu Alltagslooks als auch zu stilvolleren Outfits passt.<\/p>\n<p class=\"p3\">Das zentrale <span class=\"s1\"><b>Metall-Element mit Sternzeichen-Symbol<\/b><\/span> setzt einen pers\u00f6nlichen, sofort erkennbaren Akzent und erm\u00f6glicht es, das eigene Zeichen <span class=\"s1\"><b>dezent und dennoch elegant<\/b><\/span> zu zeigen. Die metallische Oberfl\u00e4che bildet einen edlen Kontrast zur nat\u00fcrlichen, authentischen Anmutung der Steine.<\/p>\n<p class=\"p3\">Erh\u00e4ltlich in <span class=\"s1\"><b>allen 12 Sternzeichen-Varianten<\/b><\/span>: Widder, Stier, Zwillinge, Krebs, L\u00f6we, Jungfrau, Waage, Skorpion, Sch\u00fctze, Steinbock, Wassermann, Fische.<\/p>\n<p class=\"p3\">Jedes Sternzeichen wird durch ein Metall-Element dargestellt \u2013 bei gleichbleibender Steinqualit\u00e4t und einem stimmigen Gesamtdesign. Ein Armband, das erz\u00e4hlt, wer du bist \u2013 durch die Sprache der Natursteine und das Symbol deines Sternzeichens.<\/p>\n<hr \/>\n<h2>Nat\u00fcrliche Materialien &amp; Einzigartigkeit<\/h2>\n<ul>\n<li>\n<p class=\"p1\">Perlen aus Naturstein \u2013 <span class=\"s1\"><b>jede anders<\/b><\/span>, keine zwei identisch<\/p>\n<\/li>\n<li>\n<p class=\"p1\"><span class=\"s1\">Jedes Armband mit <\/span><b>einzigartigen Farbkombinationen und Maserungen<\/b><b><\/b><\/p>\n<\/li>\n<li>\n<p class=\"p1\">Glatte Oberfl\u00e4che, angenehm auf der Haut<\/p>\n<\/li>\n<li>\n<p class=\"p1\"><span class=\"s1\"><b>Wasserbest\u00e4ndig<\/b><\/span> und ideal f\u00fcr den t\u00e4glichen Gebrauch<\/p>\n<\/li>\n<li>\n<p class=\"p1\">Sternzeichen-Element aus Metall<\/p>\n<\/li>\n<li>\n<p class=\"p1\">Unisex-Design<\/p>\n<\/li>\n<li>\n<p class=\"p1\">Bequem und elastisch \u2013 angenehme Passform<\/p>\n<\/li>\n<li>\n<p class=\"p1\">Personalisierte Geschenkidee.<\/p>\n<\/li>\n<\/ul>\n<hr \/>\n<h2>Eine originelle Geschenkidee<\/h2>\n<p class=\"p3\">Ob zum Geburtstag, zu einem besonderen Anlass oder als symbolische Aufmerksamkeit: Ein Schmuckst\u00fcck aus Naturstein ist immer eine gesch\u00e4tzte Wahl. Dank der robusten Materialien kann es t\u00e4glich getragen werden \u2013 ein Begleiter, der eine Geschichte von Natur, Charakter und Tradition erz\u00e4hlt.<\/p>\n","protected":false},"excerpt":{"rendered":"<p>Aus Stein geboren \u2013 f\u00fcr dich gemacht Ein elegantes und bedeutungsvolles Accessoire, das \u00c4sthetik und pers\u00f6nliche Identit\u00e4t vereint: Dieses Sternzeichen-Armband ist aus Natursteinen gefertigt, deren Maserungen, Nuancen und Schattierungen jedes St\u00fcck einzigartig machen. Die Perlen schaffen eine harmonische Balance aus Farben und Texturen \u2013 so ist jedes Armband ein Unikat. Die Vielfalt der Steine verleiht&#8230;<\/p>\n","protected":false},"featured_media":22038,"template":"","meta":{"_acf_changed":false},"product_brand":[],"product_cat":[550,303],"product_tag":[],"class_list":{"0":"post-21992","1":"product","2":"type-product","3":"status-publish","4":"has-post-thumbnail","6":"product_cat-schmuck","7":"product_cat-armbaender","9":"first","10":"instock","11":"taxable","12":"shipping-taxable","13":"purchasable","14":"product-type-variable"},"acf":[],"_links":{"self":[{"href":"https:\/\/www.dolivo.shop\/de\/wp-json\/wp\/v2\/product\/21992","targetHints":{"allow":["GET"]}}],"collection":[{"href":"https:\/\/www.dolivo.shop\/de\/wp-json\/wp\/v2\/product"}],"about":[{"href":"https:\/\/www.dolivo.shop\/de\/wp-json\/wp\/v2\/types\/product"}],"wp:featuredmedia":[{"embeddable":true,"href":"https:\/\/www.dolivo.shop\/de\/wp-json\/wp\/v2\/media\/22038"}],"wp:attachment":[{"href":"https:\/\/www.dolivo.shop\/de\/wp-json\/wp\/v2\/media?parent=21992"}],"wp:term":[{"taxonomy":"product_brand","embeddable":true,"href":"https:\/\/www.dolivo.shop\/de\/wp-json\/wp\/v2\/product_brand?post=21992"},{"taxonomy":"product_cat","embeddable":true,"href":"https:\/\/www.dolivo.shop\/de\/wp-json\/wp\/v2\/product_cat?post=21992"},{"taxonomy":"product_tag","embeddable":true,"href":"https:\/\/www.dolivo.shop\/de\/wp-json\/wp\/v2\/product_tag?post=21992"}],"curies":[{"name":"wp","href":"https:\/\/api.w.org\/{rel}","templated":true}]}}