{"id":22142,"date":"2026-03-04T11:41:37","date_gmt":"2026-03-04T10:41:37","guid":{"rendered":"https:\/\/www.dolivo.shop\/?post_type=product&#038;p=22142"},"modified":"2026-03-04T14:44:05","modified_gmt":"2026-03-04T13:44:05","slug":"brotmesser-mit-griff-aus-olivenholz-copia-2","status":"publish","type":"product","link":"https:\/\/www.dolivo.shop\/de\/produkt\/brotmesser-mit-griff-aus-olivenholz-copia-2\/","title":{"rendered":"K\u00fcchenmesser mit Griff aus Olivenholz"},"content":{"rendered":"<h2 class=\"p1\">Stahl und Olivenholz. Das perfekte Gleichgewicht<b><\/b><\/h2>\n<p class=\"p3\">Diese K\u00fcchenmesser vereinen Funktionalit\u00e4t, Eleganz und nat\u00fcrliche Materialien \u2013 dank eines besonders charaktervollen und wertvollen Details: dem Griff aus <span class=\"s1\"><b>edlem Olivenholz<\/b><\/span>.<\/p>\n<p class=\"p3\">Olivenholz wird seit jeher wegen seiner au\u00dfergew\u00f6hnlichen Sch\u00f6nheit und Widerstandsf\u00e4higkeit gesch\u00e4tzt. Seine warmen, unregelm\u00e4\u00dfigen Maserungen \u2013 von goldenem Honigton bis zu tiefem Braun \u2013 machen jedes Messer zu einem <span class=\"s1\"><b>Unikat<\/b><\/span>, unverwechselbar und einzigartig. Dieses Naturmaterial verleiht dem Produkt nicht nur Pers\u00f6nlichkeit, sondern vermittelt auch Authentizit\u00e4t und Tradition und bringt den Charme mediterraner Handwerkskultur auf den Tisch.<\/p>\n<p class=\"p3\">Der sorgf\u00e4ltig gearbeitete und fein geschliffene Olivenholzgriff liegt <span class=\"s1\"><b>ergonomisch<\/b><\/span> und angenehm in der Hand und sorgt f\u00fcr eine sichere, komfortable F\u00fchrung beim Zubereiten von Speisen. Dank seiner nat\u00fcrlichen Dichte und H\u00e4rte ist Olivenholz besonders widerstandsf\u00e4hig gegen Abnutzung und Feuchtigkeit \u2013 entscheidende Eigenschaften f\u00fcr ein K\u00fcchenwerkzeug, das t\u00e4glich im Einsatz ist.<\/p>\n<p class=\"p3\">Die <span class=\"s1\"><b>Edelstahlklingen<\/b><\/span> stehen f\u00fcr Pr\u00e4zision und Langlebigkeit und eignen sich f\u00fcr zahlreiche Anwendungen: vom Schneiden von Fleisch und Gem\u00fcse bis zur Vorbereitung von Obst und weiteren Zutaten.<\/p>\n<p class=\"p3\">Das Zusammenspiel von Stahl und Olivenholz schafft eine ideale Balance zwischen Moderne und Natur: auf der einen Seite die zuverl\u00e4ssige, praktische Klinge \u2013 auf der anderen die W\u00e4rme und Eleganz eines Naturmaterials, das jede Bewegung in der K\u00fcche aufwertet.<\/p>\n<p class=\"p3\">Diese Messer sind nicht nur funktionale K\u00fcchenhelfer, sondern auch <span class=\"s1\"><b>ausdrucksstarke Qualit\u00e4tsst\u00fccke<\/b><\/span> \u2013 ideal f\u00fcr alle, die Wert auf hochwertige Werkzeuge legen, veredelt durch die einzigartige Sch\u00f6nheit von Olivenholz.<\/p>\n<p class=\"p1\"><b>Ideal f\u00fcr:<\/b><b><\/b><\/p>\n<ul>\n<li>\n<p class=\"p1\">Obst sch\u00e4len<\/p>\n<\/li>\n<li>\n<p class=\"p1\">Gem\u00fcse putzen<\/p>\n<\/li>\n<li>\n<p class=\"p1\">Knoblauch und Zwiebeln schneiden<\/p>\n<\/li>\n<li>\n<p class=\"p1\">Dekorationen und pr\u00e4zise Schnitte<\/p>\n<\/li>\n<li>\n<p class=\"p1\">feine, filigrane Vorbereitungen.<\/p>\n<\/li>\n<\/ul>\n<h2 class=\"p1\">Hauptmerkmale:<b><\/b><\/h2>\n<ul>\n<li>\n<p class=\"p1\"><span class=\"s1\">Griff aus <\/span><b>echtem Olivenholz<\/b><b><\/b><\/p>\n<\/li>\n<li>\n<p class=\"p1\">einzigartige, nat\u00fcrliche Maserung \u2013 jedes St\u00fcck ein Unikat<\/p>\n<\/li>\n<li>\n<p class=\"p1\">robuste, langlebige <span class=\"s1\"><b>Edelstahlklinge<\/b><b><\/b><\/span><\/p>\n<\/li>\n<li>\n<p class=\"p1\">ergonomische und komfortable Handhabung<\/p>\n<\/li>\n<li>\n<p class=\"p1\">perfekt f\u00fcr den t\u00e4glichen Einsatz, wenn <span class=\"s1\"><b>Kontrolle und Pr\u00e4zision<\/b><\/span> gefragt sind.<\/p>\n<\/li>\n<\/ul>\n<p class=\"p3\">Eine harmonische Verbindung aus Handwerk, Natur und Funktionalit\u00e4t \u2013 damit jede Zubereitung zu einer einfachen und zugleich stilvollen Geste wird.<\/p>\n<p class=\"p1\"><b>Auf Wunsch fertigen wir personalisierte Gravuren an \u2013 sowohl auf der Klinge als auch auf dem Griff.<\/b><\/p>\n","protected":false},"excerpt":{"rendered":"<p>Stahl und Olivenholz. Das perfekte Gleichgewicht Diese K\u00fcchenmesser vereinen Funktionalit\u00e4t, Eleganz und nat\u00fcrliche Materialien \u2013 dank eines besonders charaktervollen und wertvollen Details: dem Griff aus edlem Olivenholz. Olivenholz wird seit jeher wegen seiner au\u00dfergew\u00f6hnlichen Sch\u00f6nheit und Widerstandsf\u00e4higkeit gesch\u00e4tzt. Seine warmen, unregelm\u00e4\u00dfigen Maserungen \u2013 von goldenem Honigton bis zu tiefem Braun \u2013 machen jedes Messer zu&#8230;<\/p>\n","protected":false},"featured_media":22182,"template":"","meta":{"_acf_changed":false},"product_brand":[],"product_cat":[277,288],"product_tag":[],"class_list":{"0":"post-22142","1":"product","2":"type-product","3":"status-publish","4":"has-post-thumbnail","6":"product_cat-in-der-kueche","7":"product_cat-kuechengeraete","9":"first","10":"instock","11":"taxable","12":"shipping-taxable","13":"purchasable","14":"product-type-variable"},"acf":[],"_links":{"self":[{"href":"https:\/\/www.dolivo.shop\/de\/wp-json\/wp\/v2\/product\/22142","targetHints":{"allow":["GET"]}}],"collection":[{"href":"https:\/\/www.dolivo.shop\/de\/wp-json\/wp\/v2\/product"}],"about":[{"href":"https:\/\/www.dolivo.shop\/de\/wp-json\/wp\/v2\/types\/product"}],"wp:featuredmedia":[{"embeddable":true,"href":"https:\/\/www.dolivo.shop\/de\/wp-json\/wp\/v2\/media\/22182"}],"wp:attachment":[{"href":"https:\/\/www.dolivo.shop\/de\/wp-json\/wp\/v2\/media?parent=22142"}],"wp:term":[{"taxonomy":"product_brand","embeddable":true,"href":"https:\/\/www.dolivo.shop\/de\/wp-json\/wp\/v2\/product_brand?post=22142"},{"taxonomy":"product_cat","embeddable":true,"href":"https:\/\/www.dolivo.shop\/de\/wp-json\/wp\/v2\/product_cat?post=22142"},{"taxonomy":"product_tag","embeddable":true,"href":"https:\/\/www.dolivo.shop\/de\/wp-json\/wp\/v2\/product_tag?post=22142"}],"curies":[{"name":"wp","href":"https:\/\/api.w.org\/{rel}","templated":true}]}}