{"id":7249,"date":"2021-06-24T15:57:21","date_gmt":"2021-06-24T14:57:21","guid":{"rendered":"https:\/\/www.dolivo.shop\/prodotto\/set-7-kostproben\/"},"modified":"2025-08-12T12:35:37","modified_gmt":"2025-08-12T11:35:37","slug":"set-7-kostproben","status":"publish","type":"product","link":"https:\/\/www.dolivo.shop\/de\/produkt\/set-7-kostproben\/","title":{"rendered":"Set 7 Kostproben"},"content":{"rendered":"<h3 class=\"p1\"><b>Ideal zum Servieren von Saucen, Marmeladen oder verschiedenen Antipasti.<\/b><b><\/b><\/h3>\n<p class=\"p2\">Nimmt keine Ger\u00fcche auf und bildet keinen Schimmel. Einfach von Hand mit warmem Wasser und mildem Sp\u00fclmittel zu reinigen.<\/p>\n<p class=\"p1\"><b>Lebensmittelecht und umweltfreundlich.<\/b><b><\/b><\/p>\n<p class=\"p2\">Ein schlichtes und dennoch \u00fcberraschend vielseitiges Accessoire: gefertigt aus <span class=\"s1\"><b>echtem Olivenholz<\/b><\/span>, vereint es originelles Design mit praktischer Funktionalit\u00e4t. Perfekt, um Ihrer K\u00fcche oder Ihrem Wohnzimmer eine warme, nat\u00fcrliche Note zu verleihen.<\/p>\n<p class=\"p2\">Olivenholz, mit seiner einzigartigen Maserung und den warmen, beruhigenden Farbt\u00f6nen, macht jede Schale zu einem <span class=\"s1\"><b>Unikat<\/b><\/span>. Ausschlie\u00dflich mit nat\u00fcrlichem \u00d6l behandelt \u2013 ohne Lacke oder chemische Zus\u00e4tze \u2013 in voller Achtung traditioneller Handwerkskunst und der Umwelt.<\/p>\n<p class=\"p2\"><span class=\"s1\"><b>Nachhaltig und authentisch<\/b><\/span> \u2013 Olivenholz ist eine bewusste Wahl f\u00fcr alle, die Sch\u00f6nheit, Natur und Handarbeit sch\u00e4tzen.<\/p>\n<hr \/>\n<h3 class=\"p1\"><b>Eine originelle, umweltfreundliche Geschenkidee<\/b><b><\/b><\/h3>\n<p class=\"p2\">Der nat\u00fcrliche Stil und die handwerkliche Verarbeitung machen es zu einem perfekten Pr\u00e4sent f\u00fcr Hochzeiten, Kommunionen oder andere besondere Anl\u00e4sse. <span class=\"s1\"><b>Personalisierte Gravuren<\/b><\/span> sind auf Wunsch m\u00f6glich.<\/p>\n<p class=\"p2\"><span class=\"s1\"><b>Ma\u00dfe:<\/b><\/span> Durchmesser der gro\u00dfen Schale 13,5 cm; 7 kleine Schalen mit jeweils 6,5 cm Durchmesser.<\/p>\n<h4 class=\"p2\"><span class=\"s1\"><b>Wichtiger Hinweis<\/b><\/span><\/h4>\n<p class=\"p2\">Dieses Produkt wird vollst\u00e4ndig in Handarbeit gefertigt. Kleine Unregelm\u00e4\u00dfigkeiten oder leichte Abweichungen sind keine M\u00e4ngel, sondern ein Zeichen f\u00fcr die Echtheit und den handwerklichen Charakter des Artikels.<\/p>\n","protected":false},"excerpt":{"rendered":"<p>Ideal zum Servieren von Saucen, Marmeladen oder verschiedenen Antipasti. Nimmt keine Ger\u00fcche auf und bildet keinen Schimmel. Einfach von Hand mit warmem Wasser und mildem Sp\u00fclmittel zu reinigen. Lebensmittelecht und umweltfreundlich. Ein schlichtes und dennoch \u00fcberraschend vielseitiges Accessoire: gefertigt aus echtem Olivenholz, vereint es originelles Design mit praktischer Funktionalit\u00e4t. Perfekt, um Ihrer K\u00fcche oder Ihrem&#8230;<\/p>\n","protected":false},"featured_media":7250,"template":"","meta":{"_acf_changed":false},"product_brand":[],"product_cat":[277,284],"product_tag":[],"class_list":{"0":"post-7249","1":"product","2":"type-product","3":"status-publish","4":"has-post-thumbnail","6":"product_cat-in-der-kueche","7":"product_cat-vorspeisen","9":"first","10":"instock","11":"taxable","12":"shipping-taxable","13":"purchasable","14":"product-type-simple"},"acf":[],"_links":{"self":[{"href":"https:\/\/www.dolivo.shop\/de\/wp-json\/wp\/v2\/product\/7249","targetHints":{"allow":["GET"]}}],"collection":[{"href":"https:\/\/www.dolivo.shop\/de\/wp-json\/wp\/v2\/product"}],"about":[{"href":"https:\/\/www.dolivo.shop\/de\/wp-json\/wp\/v2\/types\/product"}],"wp:featuredmedia":[{"embeddable":true,"href":"https:\/\/www.dolivo.shop\/de\/wp-json\/wp\/v2\/media\/7250"}],"wp:attachment":[{"href":"https:\/\/www.dolivo.shop\/de\/wp-json\/wp\/v2\/media?parent=7249"}],"wp:term":[{"taxonomy":"product_brand","embeddable":true,"href":"https:\/\/www.dolivo.shop\/de\/wp-json\/wp\/v2\/product_brand?post=7249"},{"taxonomy":"product_cat","embeddable":true,"href":"https:\/\/www.dolivo.shop\/de\/wp-json\/wp\/v2\/product_cat?post=7249"},{"taxonomy":"product_tag","embeddable":true,"href":"https:\/\/www.dolivo.shop\/de\/wp-json\/wp\/v2\/product_tag?post=7249"}],"curies":[{"name":"wp","href":"https:\/\/api.w.org\/{rel}","templated":true}]}}