{"id":7267,"date":"2021-06-24T15:57:20","date_gmt":"2021-06-24T14:57:20","guid":{"rendered":"https:\/\/www.dolivo.shop\/prodotto\/fische\/"},"modified":"2025-08-12T23:43:42","modified_gmt":"2025-08-12T22:43:42","slug":"fische","status":"publish","type":"product","link":"https:\/\/www.dolivo.shop\/de\/produkt\/fische\/","title":{"rendered":"Fisch Gabel und Serviettenhalter"},"content":{"rendered":"<p class=\"p3\">Ideal zum Servieren und Aufspie\u00dfen von Oliven, K\u00e4se, Fisch, Artischockenherzen, Prosciutto, Schnecken, Speck oder Aufschnitt.<\/p>\n<p>&nbsp;<\/p>\n<p class=\"p1\"><b>Lebensmittelecht.<\/b><b><\/b><\/p>\n<p class=\"p3\">Ein schlichtes, charmantes und \u00fcberraschend praktisches Accessoire: Dieser handgefertigte <span class=\"s1\"><b>Gabelhalter<\/b><\/span> in Elefantenform wird aus <span class=\"s1\"><b>echtem Olivenholz<\/b><\/span> gefertigt und vereint originelles Design mit hoher Funktionalit\u00e4t. Perfekt, um Ihrer K\u00fcche, dem Wohnzimmer oder sogar dem Schreibtisch eine warme, nat\u00fcrliche Note zu verleihen.<\/p>\n<p class=\"p3\"><strong>Olivenholz<\/strong>, mit seiner wundersch\u00f6nen Maserung und den warmen, beruhigenden Farbt\u00f6nen, macht jeden Elefanten zu einem <span class=\"s1\"><b>Unikat<\/b><\/span>. Ausschlie\u00dflich mit nat\u00fcrlichem \u00d6l behandelt \u2013 ohne Lacke oder chemische Zus\u00e4tze \u2013 und damit ganz im Einklang mit traditioneller Handwerkskunst und Umweltbewusstsein.<\/p>\n<p class=\"p3\"><span class=\"s1\"><b>Nachhaltig und authentisch<\/b><\/span> \u2013 Olivenholz ist eine bewusste Wahl f\u00fcr alle, die Sch\u00f6nheit, Natur und Handarbeit sch\u00e4tzen.<\/p>\n<p class=\"p3\">Enth\u00e4lt 8 Gabeln.<\/p>\n<p>&nbsp;<\/p>\n<p class=\"p3\"><span class=\"s1\"><b>Ma\u00dfe:<\/b><\/span> 18.5\u00d711 cm<\/p>\n<hr \/>\n<h3 class=\"p1\"><b>Eine originelle, umweltfreundliche Geschenkidee<\/b><b><\/b><\/h3>\n<p class=\"p3\">Durch seinen nat\u00fcrlichen Stil und die handwerkliche Fertigung eignet er sich ideal als besonderes Pr\u00e4sent f\u00fcr <em>Hochzeiten, Kommunionen oder andere festliche Anl\u00e4sse<\/em>.<\/p>\n<h4 class=\"p3\"><span class=\"s1\"><b>Wichtiger Hinweis<\/b><\/span><\/h4>\n<p class=\"p3\"><em>Dieses Produkt wird in Handarbeit gefertigt. Kleine Unregelm\u00e4\u00dfigkeiten oder leichte Abweichungen sind kein Mangel, sondern ein Zeichen f\u00fcr die Echtheit und Einzigartigkeit des Artikels.<\/em><\/p>\n","protected":false},"excerpt":{"rendered":"<p>Ideal zum Servieren und Aufspie\u00dfen von Oliven, K\u00e4se, Fisch, Artischockenherzen, Prosciutto, Schnecken, Speck oder Aufschnitt. &nbsp; Lebensmittelecht. Ein schlichtes, charmantes und \u00fcberraschend praktisches Accessoire: Dieser handgefertigte Gabelhalter in Elefantenform wird aus echtem Olivenholz gefertigt und vereint originelles Design mit hoher Funktionalit\u00e4t. Perfekt, um Ihrer K\u00fcche, dem Wohnzimmer oder sogar dem Schreibtisch eine warme, nat\u00fcrliche Note&#8230;<\/p>\n","protected":false},"featured_media":7268,"template":"","meta":{"_acf_changed":false},"product_brand":[],"product_cat":[277,284],"product_tag":[],"class_list":{"0":"post-7267","1":"product","2":"type-product","3":"status-publish","4":"has-post-thumbnail","6":"product_cat-in-der-kueche","7":"product_cat-vorspeisen","9":"first","10":"outofstock","11":"taxable","12":"shipping-taxable","13":"purchasable","14":"product-type-simple"},"acf":[],"_links":{"self":[{"href":"https:\/\/www.dolivo.shop\/de\/wp-json\/wp\/v2\/product\/7267","targetHints":{"allow":["GET"]}}],"collection":[{"href":"https:\/\/www.dolivo.shop\/de\/wp-json\/wp\/v2\/product"}],"about":[{"href":"https:\/\/www.dolivo.shop\/de\/wp-json\/wp\/v2\/types\/product"}],"wp:featuredmedia":[{"embeddable":true,"href":"https:\/\/www.dolivo.shop\/de\/wp-json\/wp\/v2\/media\/7268"}],"wp:attachment":[{"href":"https:\/\/www.dolivo.shop\/de\/wp-json\/wp\/v2\/media?parent=7267"}],"wp:term":[{"taxonomy":"product_brand","embeddable":true,"href":"https:\/\/www.dolivo.shop\/de\/wp-json\/wp\/v2\/product_brand?post=7267"},{"taxonomy":"product_cat","embeddable":true,"href":"https:\/\/www.dolivo.shop\/de\/wp-json\/wp\/v2\/product_cat?post=7267"},{"taxonomy":"product_tag","embeddable":true,"href":"https:\/\/www.dolivo.shop\/de\/wp-json\/wp\/v2\/product_tag?post=7267"}],"curies":[{"name":"wp","href":"https:\/\/api.w.org\/{rel}","templated":true}]}}