{"id":7275,"date":"2021-06-24T15:57:20","date_gmt":"2021-06-24T14:57:20","guid":{"rendered":"https:\/\/www.dolivo.shop\/prodotto\/aperitif-set\/"},"modified":"2025-11-27T12:14:51","modified_gmt":"2025-11-27T11:14:51","slug":"aperitif-set","status":"publish","type":"product","link":"https:\/\/www.dolivo.shop\/de\/produkt\/aperitif-set\/","title":{"rendered":"Aperitif-Set"},"content":{"rendered":"<p class=\"p3\">Ideal zum Servieren von Saucen oder Marmeladen. Nimmt keine Ger\u00fcche auf und bildet keinen Schimmel. Handw\u00e4sche mit warmem Wasser und mildem Sp\u00fclmittel m\u00f6glich.<\/p>\n<p>&nbsp;<\/p>\n<p class=\"p1\"><b>Lebensmittelecht<\/b><span class=\"s1\">.<\/span><\/p>\n<p>&nbsp;<\/p>\n<p class=\"p3\">Ein schlichtes und dennoch \u00fcberraschend praktisches Accessoire: gefertigt aus echtem Olivenholz vereint es <span class=\"s2\"><b>originelles Design<\/b><\/span> und <span class=\"s2\"><b>Funktionalit\u00e4t<\/b><\/span>. Perfekt, um K\u00fcche oder Wohnzimmer eine warme, nat\u00fcrliche Note zu verleihen.<\/p>\n<p class=\"p3\">Olivenholz, mit seiner nat\u00fcrlichen Maserung und den warmen, beruhigenden Farbt\u00f6nen, macht jedes Set zu einem <span class=\"s2\"><b>Unikat<\/b><\/span>. Ausschlie\u00dflich mit nat\u00fcrlichem \u00d6l behandelt, ohne Lacke oder chemische Zus\u00e4tze \u2013 ganz im Sinne traditioneller Handwerkskunst und im Einklang mit der Umwelt.<\/p>\n<p class=\"p3\">Nachhaltig und authentisch \u2013 Olivenholz ist eine bewusste Wahl f\u00fcr alle, die Sch\u00f6nheit, Natur und Handarbeit sch\u00e4tzen.<\/p>\n<p>&nbsp;<\/p>\n<p class=\"p3\"><span class=\"s2\"><b>Ma\u00dfe:<\/b><\/span> 20\u00d78 cm. Tropfenschale: 8\u00d713 cm.<\/p>\n<p>&nbsp;<\/p>\n<h3 class=\"p1\"><b>Eine originelle Idee f\u00fcr ein umweltfreundliches Gastgeschenk<\/b><b><\/b><\/h3>\n<p class=\"p3\">Der nat\u00fcrliche Stil und die handwerkliche Verarbeitung machen es zu einem perfekten Pr\u00e4sent f\u00fcr Hochzeiten, Kommunionen oder besondere Anl\u00e4sse.<\/p>\n<p class=\"p3\">Auf Wunsch fertigen wir auch <span class=\"s2\"><b>personalisierte Gravuren<\/b><\/span> an.<\/p>\n<h4 class=\"p1\"><b>Wichtiger Hinweis<\/b><b><\/b><\/h4>\n<p class=\"p3\"><em>Dieses Produkt wird in Handarbeit hergestellt: Kleine Unregelm\u00e4\u00dfigkeiten oder leichte Abweichungen sind keine M\u00e4ngel, sondern ein Zeichen der Echtheit.<\/em><\/p>\n","protected":false},"excerpt":{"rendered":"<p>Ideal zum Servieren von Saucen oder Marmeladen. Nimmt keine Ger\u00fcche auf und bildet keinen Schimmel. Handw\u00e4sche mit warmem Wasser und mildem Sp\u00fclmittel m\u00f6glich. &nbsp; Lebensmittelecht. &nbsp; Ein schlichtes und dennoch \u00fcberraschend praktisches Accessoire: gefertigt aus echtem Olivenholz vereint es originelles Design und Funktionalit\u00e4t. Perfekt, um K\u00fcche oder Wohnzimmer eine warme, nat\u00fcrliche Note zu verleihen. Olivenholz,&#8230;<\/p>\n","protected":false},"featured_media":7276,"template":"","meta":{"_acf_changed":false},"product_brand":[],"product_cat":[277,284],"product_tag":[],"class_list":{"0":"post-7275","1":"product","2":"type-product","3":"status-publish","4":"has-post-thumbnail","6":"product_cat-in-der-kueche","7":"product_cat-vorspeisen","9":"first","10":"instock","11":"taxable","12":"shipping-taxable","13":"purchasable","14":"product-type-simple"},"acf":[],"_links":{"self":[{"href":"https:\/\/www.dolivo.shop\/de\/wp-json\/wp\/v2\/product\/7275","targetHints":{"allow":["GET"]}}],"collection":[{"href":"https:\/\/www.dolivo.shop\/de\/wp-json\/wp\/v2\/product"}],"about":[{"href":"https:\/\/www.dolivo.shop\/de\/wp-json\/wp\/v2\/types\/product"}],"wp:featuredmedia":[{"embeddable":true,"href":"https:\/\/www.dolivo.shop\/de\/wp-json\/wp\/v2\/media\/7276"}],"wp:attachment":[{"href":"https:\/\/www.dolivo.shop\/de\/wp-json\/wp\/v2\/media?parent=7275"}],"wp:term":[{"taxonomy":"product_brand","embeddable":true,"href":"https:\/\/www.dolivo.shop\/de\/wp-json\/wp\/v2\/product_brand?post=7275"},{"taxonomy":"product_cat","embeddable":true,"href":"https:\/\/www.dolivo.shop\/de\/wp-json\/wp\/v2\/product_cat?post=7275"},{"taxonomy":"product_tag","embeddable":true,"href":"https:\/\/www.dolivo.shop\/de\/wp-json\/wp\/v2\/product_tag?post=7275"}],"curies":[{"name":"wp","href":"https:\/\/api.w.org\/{rel}","templated":true}]}}