{"id":7280,"date":"2021-06-24T15:57:20","date_gmt":"2021-06-24T14:57:20","guid":{"rendered":"https:\/\/www.dolivo.shop\/prodotto\/matrjoschka-set\/"},"modified":"2025-08-12T15:52:44","modified_gmt":"2025-08-12T14:52:44","slug":"matrjoschka-set","status":"publish","type":"product","link":"https:\/\/www.dolivo.shop\/de\/produkt\/matrjoschka-set\/","title":{"rendered":"Olivenholz-\u201eMatrjoschka\u201c-Set"},"content":{"rendered":"<p class=\"p3\">Ideal zum Servieren von Dips, Marmeladen oder verschiedenen Vorspeisen. Nimmt keine Ger\u00fcche an und bildet kein Schimmel. Kann von Hand mit warmem Wasser und Sp\u00fclmittel gereinigt werden.<\/p>\n<p>&nbsp;<\/p>\n<p class=\"p1\"><b>Lebensmittelecht.<\/b><b><\/b><\/p>\n<p>&nbsp;<\/p>\n<p class=\"p3\">Ein schlichtes und dennoch \u00fcberraschend praktisches St\u00fcck: Aus edlem Olivenholz gefertigt, verbindet es <span class=\"s1\"><b>originelles Design<\/b><\/span> mit <span class=\"s1\"><b>Funktionalit\u00e4t<\/b><\/span>. Perfekt, um K\u00fcche oder Wohnzimmer eine warme, nat\u00fcrliche Note zu verleihen.<\/p>\n<p class=\"p3\">Das Olivenholz, mit seiner individuellen Maserung und seinen warmen, beruhigenden Farbt\u00f6nen, macht jedes Set zu einem <span class=\"s1\"><b>Unikat<\/b><\/span>. Ausschlie\u00dflich mit nat\u00fcrlichem \u00d6l behandelt \u2013 ohne Lacke oder chemische Substanzen \u2013 im Einklang mit traditioneller Handwerkskunst und der Umwelt.<\/p>\n<p class=\"p3\"><span class=\"s1\"><b>Nachhaltig und authentisch<\/b><\/span> \u2013 Olivenholz ist eine bewusste Wahl f\u00fcr alle, die Sch\u00f6nheit, Natur und Handarbeit sch\u00e4tzen.<\/p>\n<p>&nbsp;<\/p>\n<p class=\"p3\"><span class=\"s1\"><b>Ma\u00dfe:<\/b><\/span> Innendurchmesser der Schalen: 4,5 \u2013 6 \u2013 7,5 \u2013 9,5 \u2013 12 \u2013 14,5 cm. Gesamth\u00f6he: 7 cm.<\/p>\n<h3 class=\"p1\"><b>Eine originelle Idee f\u00fcr ein umweltfreundliches Gastgeschenk<\/b><b><\/b><\/h3>\n<p class=\"p3\">Der nat\u00fcrliche Stil und die handwerkliche Verarbeitung machen es zu einem perfekten Pr\u00e4sent f\u00fcr Hochzeiten, Kommunionen oder andere besondere Anl\u00e4sse.<\/p>\n<p class=\"p1\"><b>Individuelle Gravuren auf Anfrage m\u00f6glich.<\/b><b><\/b><\/p>\n<h4 class=\"p1\"><b>Wichtiger Hinweis<\/b><b><\/b><\/h4>\n<p class=\"p3\"><em>Dieses Produkt wird in Handarbeit gefertigt: Kleine Unregelm\u00e4\u00dfigkeiten oder leichte Abweichungen sind keine M\u00e4ngel, sondern ein Zeichen f\u00fcr die Echtheit des Artikels.<\/em><\/p>\n","protected":false},"excerpt":{"rendered":"<p>Ideal zum Servieren von Dips, Marmeladen oder verschiedenen Vorspeisen. Nimmt keine Ger\u00fcche an und bildet kein Schimmel. Kann von Hand mit warmem Wasser und Sp\u00fclmittel gereinigt werden. &nbsp; Lebensmittelecht. &nbsp; Ein schlichtes und dennoch \u00fcberraschend praktisches St\u00fcck: Aus edlem Olivenholz gefertigt, verbindet es originelles Design mit Funktionalit\u00e4t. Perfekt, um K\u00fcche oder Wohnzimmer eine warme, nat\u00fcrliche&#8230;<\/p>\n","protected":false},"featured_media":7281,"template":"","meta":{"_acf_changed":false},"product_brand":[],"product_cat":[277,284],"product_tag":[],"class_list":{"0":"post-7280","1":"product","2":"type-product","3":"status-publish","4":"has-post-thumbnail","6":"product_cat-in-der-kueche","7":"product_cat-vorspeisen","9":"first","10":"instock","11":"taxable","12":"shipping-taxable","13":"purchasable","14":"product-type-simple"},"acf":[],"_links":{"self":[{"href":"https:\/\/www.dolivo.shop\/de\/wp-json\/wp\/v2\/product\/7280","targetHints":{"allow":["GET"]}}],"collection":[{"href":"https:\/\/www.dolivo.shop\/de\/wp-json\/wp\/v2\/product"}],"about":[{"href":"https:\/\/www.dolivo.shop\/de\/wp-json\/wp\/v2\/types\/product"}],"wp:featuredmedia":[{"embeddable":true,"href":"https:\/\/www.dolivo.shop\/de\/wp-json\/wp\/v2\/media\/7281"}],"wp:attachment":[{"href":"https:\/\/www.dolivo.shop\/de\/wp-json\/wp\/v2\/media?parent=7280"}],"wp:term":[{"taxonomy":"product_brand","embeddable":true,"href":"https:\/\/www.dolivo.shop\/de\/wp-json\/wp\/v2\/product_brand?post=7280"},{"taxonomy":"product_cat","embeddable":true,"href":"https:\/\/www.dolivo.shop\/de\/wp-json\/wp\/v2\/product_cat?post=7280"},{"taxonomy":"product_tag","embeddable":true,"href":"https:\/\/www.dolivo.shop\/de\/wp-json\/wp\/v2\/product_tag?post=7280"}],"curies":[{"name":"wp","href":"https:\/\/api.w.org\/{rel}","templated":true}]}}