{"id":7297,"date":"2021-06-24T15:57:19","date_gmt":"2021-06-24T14:57:19","guid":{"rendered":"https:\/\/www.dolivo.shop\/prodotto\/gabelhalterapfel-aus-olivenholz\/"},"modified":"2025-08-12T15:09:34","modified_gmt":"2025-08-12T14:09:34","slug":"gabelhalterapfel-aus-olivenholz","status":"publish","type":"product","link":"https:\/\/www.dolivo.shop\/de\/produkt\/gabelhalterapfel-aus-olivenholz\/","title":{"rendered":"Apfelf\u00f6rmiger Gabelhalter"},"content":{"rendered":"<p class=\"p3\">Ideal zum Servieren von Oliven, K\u00e4se, Fisch, Artischocken, Prosciutto, Schnecken, Speck und Aufschnitt.<\/p>\n<p>&nbsp;<\/p>\n<p class=\"p1\"><b>Lebensmittelecht.<\/b><b><\/b><\/p>\n<p>&nbsp;<\/p>\n<p class=\"p3\">Ein schlichtes, charmantes und \u00fcberraschend praktisches St\u00fcck: Dieser handgefertigte Gabelhalter in Apfelform wird aus edlem Olivenholz gefertigt und vereint <span class=\"s1\"><b>originelles Design<\/b><\/span> mit <span class=\"s1\"><b>Funktionalit\u00e4t<\/b><\/span>. Perfekt, um Ihrer K\u00fcche, dem Wohnzimmer oder sogar dem Schreibtisch eine warme Note zu verleihen.<\/p>\n<p class=\"p3\">Das Olivenholz, mit seiner nat\u00fcrlichen Maserung und seinen warmen, beruhigenden Farbt\u00f6nen, macht jeden Gabelhalter zu einem <span class=\"s1\"><b>Unikat<\/b><\/span>. Ausschlie\u00dflich mit nat\u00fcrlichem \u00d6l behandelt \u2013 ohne Lacke oder Chemikalien \u2013 in vollem Einklang mit traditioneller Handwerkskunst und Umweltbewusstsein.<\/p>\n<p class=\"p3\"><span class=\"s1\"><b>Nachhaltig und authentisch<\/b><\/span> \u2013 Olivenholz ist eine bewusste Wahl f\u00fcr alle, die Sch\u00f6nheit, Natur und Handwerk sch\u00e4tzen.<\/p>\n<p class=\"p1\"><b>Inklusive 8 Gabeln.<\/b><b><\/b><\/p>\n<p>&nbsp;<\/p>\n<p class=\"p3\"><span class=\"s1\"><b>Ma\u00dfe:<\/b><\/span> 12 \u00d7 5 cm<\/p>\n<h3 class=\"p1\"><b>Eine originelle, umweltfreundliche Geschenkidee<\/b><b><\/b><\/h3>\n<p class=\"p3\">Durch seinen nat\u00fcrlichen Stil und die handwerkliche Verarbeitung ist er ein perfektes Gastgeschenk f\u00fcr Hochzeiten, Kommunionen oder andere besondere Anl\u00e4sse.<\/p>\n<h4 class=\"p1\"><b>Wichtiger Hinweis<\/b><b><\/b><\/h4>\n<p class=\"p3\"><em>Dieses Produkt wird in Handarbeit hergestellt: Kleine Unregelm\u00e4\u00dfigkeiten oder leichte Abweichungen sind keine M\u00e4ngel, sondern ein Zeichen der Echtheit.<\/em><\/p>\n","protected":false},"excerpt":{"rendered":"<p>Ideal zum Servieren von Oliven, K\u00e4se, Fisch, Artischocken, Prosciutto, Schnecken, Speck und Aufschnitt. &nbsp; Lebensmittelecht. &nbsp; Ein schlichtes, charmantes und \u00fcberraschend praktisches St\u00fcck: Dieser handgefertigte Gabelhalter in Apfelform wird aus edlem Olivenholz gefertigt und vereint originelles Design mit Funktionalit\u00e4t. Perfekt, um Ihrer K\u00fcche, dem Wohnzimmer oder sogar dem Schreibtisch eine warme Note zu verleihen. Das&#8230;<\/p>\n","protected":false},"featured_media":7298,"template":"","meta":{"_acf_changed":false},"product_brand":[],"product_cat":[277,284],"product_tag":[],"class_list":{"0":"post-7297","1":"product","2":"type-product","3":"status-publish","4":"has-post-thumbnail","6":"product_cat-in-der-kueche","7":"product_cat-vorspeisen","9":"first","10":"instock","11":"taxable","12":"shipping-taxable","13":"purchasable","14":"product-type-simple"},"acf":[],"_links":{"self":[{"href":"https:\/\/www.dolivo.shop\/de\/wp-json\/wp\/v2\/product\/7297","targetHints":{"allow":["GET"]}}],"collection":[{"href":"https:\/\/www.dolivo.shop\/de\/wp-json\/wp\/v2\/product"}],"about":[{"href":"https:\/\/www.dolivo.shop\/de\/wp-json\/wp\/v2\/types\/product"}],"wp:featuredmedia":[{"embeddable":true,"href":"https:\/\/www.dolivo.shop\/de\/wp-json\/wp\/v2\/media\/7298"}],"wp:attachment":[{"href":"https:\/\/www.dolivo.shop\/de\/wp-json\/wp\/v2\/media?parent=7297"}],"wp:term":[{"taxonomy":"product_brand","embeddable":true,"href":"https:\/\/www.dolivo.shop\/de\/wp-json\/wp\/v2\/product_brand?post=7297"},{"taxonomy":"product_cat","embeddable":true,"href":"https:\/\/www.dolivo.shop\/de\/wp-json\/wp\/v2\/product_cat?post=7297"},{"taxonomy":"product_tag","embeddable":true,"href":"https:\/\/www.dolivo.shop\/de\/wp-json\/wp\/v2\/product_tag?post=7297"}],"curies":[{"name":"wp","href":"https:\/\/api.w.org\/{rel}","templated":true}]}}