{"id":7303,"date":"2021-06-24T15:57:19","date_gmt":"2021-06-24T14:57:19","guid":{"rendered":"https:\/\/www.dolivo.shop\/prodotto\/gabelhaltermaus-aus-olivenholz\/"},"modified":"2025-08-22T16:54:06","modified_gmt":"2025-08-22T15:54:06","slug":"gabelhaltermaus-aus-olivenholz","status":"publish","type":"product","link":"https:\/\/www.dolivo.shop\/de\/produkt\/gabelhaltermaus-aus-olivenholz\/","title":{"rendered":"Maus Gabelhalter"},"content":{"rendered":"<p class=\"p3\">Zum Anreichen von Oliven, K\u00e4se, Fisch, Artischocken, Schinken, Schnecken, Speck und Aufschnitt.<\/p>\n<p>&nbsp;<\/p>\n<p class=\"p3\"><strong>Lebensmittelecht und f\u00fcr den direkten Kontakt mit Speisen geeignet.<\/strong><\/p>\n<p class=\"p3\">Ein schlichtes, charmantes und \u00fcberraschend praktisches Accessoire: Dieser handgefertigte Gabelhalter wird aus edlem Olivenholz gefertigt und verbindet originelles Design mit hoher Funktionalit\u00e4t. Perfekt, um K\u00fcche, Wohnzimmer oder auch den Schreibtisch mit einer warmen, nat\u00fcrlichen Note zu bereichern.<\/p>\n<p class=\"p3\">Das Olivenholz, mit seiner einzigartigen Maserung und den warmen, beruhigenden Farbt\u00f6nen, macht jedes St\u00fcck zu einem Unikat. Ausschlie\u00dflich mit nat\u00fcrlichem \u00d6l behandelt \u2013 ganz ohne Lacke oder chemische Zus\u00e4tze \u2013 im Einklang mit traditioneller Handwerkskunst und der Natur.<\/p>\n<p class=\"p3\">Nachhaltig und authentisch \u2013 Olivenholz ist eine bewusste Wahl f\u00fcr alle, die Sch\u00f6nheit, Natur und Handarbeit sch\u00e4tzen.<\/p>\n<p class=\"p3\">8 Gabeln inklusive.<\/p>\n<p>&nbsp;<\/p>\n<p class=\"p3\"><span class=\"s1\"><b>Ma\u00dfe:<\/b><\/span> 8 \u00d7 10 cm<\/p>\n<h3 class=\"p1\"><b>Eine originelle Idee f\u00fcr ein umweltfreundliches Gastgeschenk<\/b><b><\/b><\/h3>\n<p class=\"p3\">Sein nat\u00fcrlicher Stil und die handwerkliche Verarbeitung machen ihn zu einem perfekten Pr\u00e4sent f\u00fcr Hochzeiten, Kommunionen oder besondere Anl\u00e4sse.<\/p>\n<h4 class=\"p1\"><b>Wichtiger Hinweis<\/b><b><\/b><\/h4>\n<p class=\"p3\"><em>Handgefertigtes Produkt: Kleine Unregelm\u00e4\u00dfigkeiten oder leichte Abweichungen sind keine M\u00e4ngel, sondern ein Zeichen der Echtheit und Individualit\u00e4t des Artikels.<\/em><\/p>\n","protected":false},"excerpt":{"rendered":"<p>Zum Anreichen von Oliven, K\u00e4se, Fisch, Artischocken, Schinken, Schnecken, Speck und Aufschnitt. &nbsp; Lebensmittelecht und f\u00fcr den direkten Kontakt mit Speisen geeignet. Ein schlichtes, charmantes und \u00fcberraschend praktisches Accessoire: Dieser handgefertigte Gabelhalter wird aus edlem Olivenholz gefertigt und verbindet originelles Design mit hoher Funktionalit\u00e4t. Perfekt, um K\u00fcche, Wohnzimmer oder auch den Schreibtisch mit einer warmen,&#8230;<\/p>\n","protected":false},"featured_media":7304,"template":"","meta":{"_acf_changed":false},"product_brand":[],"product_cat":[277,284],"product_tag":[],"class_list":{"0":"post-7303","1":"product","2":"type-product","3":"status-publish","4":"has-post-thumbnail","6":"product_cat-in-der-kueche","7":"product_cat-vorspeisen","9":"first","10":"instock","11":"taxable","12":"shipping-taxable","13":"purchasable","14":"product-type-simple"},"acf":[],"_links":{"self":[{"href":"https:\/\/www.dolivo.shop\/de\/wp-json\/wp\/v2\/product\/7303","targetHints":{"allow":["GET"]}}],"collection":[{"href":"https:\/\/www.dolivo.shop\/de\/wp-json\/wp\/v2\/product"}],"about":[{"href":"https:\/\/www.dolivo.shop\/de\/wp-json\/wp\/v2\/types\/product"}],"wp:featuredmedia":[{"embeddable":true,"href":"https:\/\/www.dolivo.shop\/de\/wp-json\/wp\/v2\/media\/7304"}],"wp:attachment":[{"href":"https:\/\/www.dolivo.shop\/de\/wp-json\/wp\/v2\/media?parent=7303"}],"wp:term":[{"taxonomy":"product_brand","embeddable":true,"href":"https:\/\/www.dolivo.shop\/de\/wp-json\/wp\/v2\/product_brand?post=7303"},{"taxonomy":"product_cat","embeddable":true,"href":"https:\/\/www.dolivo.shop\/de\/wp-json\/wp\/v2\/product_cat?post=7303"},{"taxonomy":"product_tag","embeddable":true,"href":"https:\/\/www.dolivo.shop\/de\/wp-json\/wp\/v2\/product_tag?post=7303"}],"curies":[{"name":"wp","href":"https:\/\/api.w.org\/{rel}","templated":true}]}}