{"id":7313,"date":"2021-06-24T15:57:18","date_gmt":"2021-06-24T14:57:18","guid":{"rendered":"https:\/\/www.dolivo.shop\/prodotto\/gabelhalterschildkrote-aus-olivenholz\/"},"modified":"2025-08-12T16:40:25","modified_gmt":"2025-08-12T15:40:25","slug":"gabelhalterschildkrote-aus-olivenholz","status":"publish","type":"product","link":"https:\/\/www.dolivo.shop\/de\/produkt\/gabelhalterschildkrote-aus-olivenholz\/","title":{"rendered":"Schildkr\u00f6ten Gabelhalter"},"content":{"rendered":"<p class=\"p3\">Zum Servieren von Oliven, K\u00e4se, Fisch, Artischocken, Schinken, Schnecken, Speck oder Aufschnitt.<\/p>\n<p>&nbsp;<\/p>\n<p class=\"p3\"><strong>Lebensmittelecht.<\/strong><\/p>\n<p>&nbsp;<\/p>\n<p class=\"p3\">Ein schlichtes, charmantes und \u00fcberraschend praktisches Accessoire: Dieser handgefertigte Gabelhalter in Form einer Schildkr\u00f6te ist aus edlem Olivenholz gefertigt und vereint originelles Design mit hoher Funktionalit\u00e4t. Ideal, um K\u00fcche, Wohnzimmer oder Schreibtisch mit einer warmen, nat\u00fcrlichen Note zu bereichern.<\/p>\n<p class=\"p3\">Das Olivenholz, mit seiner einzigartigen Maserung und den warmen, beruhigenden Farbt\u00f6nen, macht jedes St\u00fcck zu einem Unikat. Es wird ausschlie\u00dflich mit nat\u00fcrlichem \u00d6l behandelt \u2013 ganz ohne Lacke oder chemische Zus\u00e4tze \u2013 im Einklang mit handwerklicher Tradition und Umweltschutz.<\/p>\n<p class=\"p3\">Nachhaltig und authentisch \u2013 Olivenholz ist eine bewusste Wahl f\u00fcr alle, die Sch\u00f6nheit, Natur und Handwerkskunst sch\u00e4tzen.<\/p>\n<p class=\"p3\">Inklusive 8 Gabeln.<\/p>\n<p>&nbsp;<\/p>\n<p class=\"p3\"><strong>Ma\u00dfe<\/strong>: 11 \u00d7 7 cm.<\/p>\n<h3 class=\"p3\">Eine originelle Idee f\u00fcr ein umweltfreundliches Gastgeschenk<\/h3>\n<p class=\"p3\">Sein nat\u00fcrlicher Stil und die handwerkliche Verarbeitung machen ihn zu einem perfekten Pr\u00e4sent f\u00fcr Hochzeiten, Kommunionen oder andere besondere Anl\u00e4sse.<\/p>\n<h4 class=\"p1\"><b>Wichtiger Hinweis<\/b><b><\/b><\/h4>\n<p class=\"p3\"><em>Dieses Produkt wird in Handarbeit gefertigt: kleine Unregelm\u00e4\u00dfigkeiten oder leichte Abweichungen sind keine M\u00e4ngel, sondern ein Zeichen f\u00fcr die Echtheit und Einzigartigkeit des Artikels.<\/em><\/p>\n","protected":false},"excerpt":{"rendered":"<p>Zum Servieren von Oliven, K\u00e4se, Fisch, Artischocken, Schinken, Schnecken, Speck oder Aufschnitt. &nbsp; Lebensmittelecht. &nbsp; Ein schlichtes, charmantes und \u00fcberraschend praktisches Accessoire: Dieser handgefertigte Gabelhalter in Form einer Schildkr\u00f6te ist aus edlem Olivenholz gefertigt und vereint originelles Design mit hoher Funktionalit\u00e4t. Ideal, um K\u00fcche, Wohnzimmer oder Schreibtisch mit einer warmen, nat\u00fcrlichen Note zu bereichern. Das&#8230;<\/p>\n","protected":false},"featured_media":7314,"template":"","meta":{"_acf_changed":false},"product_brand":[],"product_cat":[277,284],"product_tag":[],"class_list":{"0":"post-7313","1":"product","2":"type-product","3":"status-publish","4":"has-post-thumbnail","6":"product_cat-in-der-kueche","7":"product_cat-vorspeisen","9":"first","10":"instock","11":"taxable","12":"shipping-taxable","13":"purchasable","14":"product-type-simple"},"acf":[],"_links":{"self":[{"href":"https:\/\/www.dolivo.shop\/de\/wp-json\/wp\/v2\/product\/7313","targetHints":{"allow":["GET"]}}],"collection":[{"href":"https:\/\/www.dolivo.shop\/de\/wp-json\/wp\/v2\/product"}],"about":[{"href":"https:\/\/www.dolivo.shop\/de\/wp-json\/wp\/v2\/types\/product"}],"wp:featuredmedia":[{"embeddable":true,"href":"https:\/\/www.dolivo.shop\/de\/wp-json\/wp\/v2\/media\/7314"}],"wp:attachment":[{"href":"https:\/\/www.dolivo.shop\/de\/wp-json\/wp\/v2\/media?parent=7313"}],"wp:term":[{"taxonomy":"product_brand","embeddable":true,"href":"https:\/\/www.dolivo.shop\/de\/wp-json\/wp\/v2\/product_brand?post=7313"},{"taxonomy":"product_cat","embeddable":true,"href":"https:\/\/www.dolivo.shop\/de\/wp-json\/wp\/v2\/product_cat?post=7313"},{"taxonomy":"product_tag","embeddable":true,"href":"https:\/\/www.dolivo.shop\/de\/wp-json\/wp\/v2\/product_tag?post=7313"}],"curies":[{"name":"wp","href":"https:\/\/api.w.org\/{rel}","templated":true}]}}