{"id":7326,"date":"2021-06-24T15:57:18","date_gmt":"2021-06-24T14:57:18","guid":{"rendered":"https:\/\/www.dolivo.shop\/prodotto\/gabelhalteresel-aus-olivenholz\/"},"modified":"2025-08-12T16:47:44","modified_gmt":"2025-08-12T15:47:44","slug":"gabelhalteresel-aus-olivenholz","status":"publish","type":"product","link":"https:\/\/www.dolivo.shop\/de\/produkt\/gabelhalteresel-aus-olivenholz\/","title":{"rendered":"Esel Gabelhalter"},"content":{"rendered":"<p class=\"p3\">Zum Servieren von Oliven, K\u00e4se, Fisch, Artischocken herzen, Schinken, Schnecken, Speck und Aufschnitt.<\/p>\n<p>&nbsp;<\/p>\n<p class=\"p3\"><strong>Lebensmittelecht.<\/strong><\/p>\n<p>&nbsp;<\/p>\n<p class=\"p3\">Ein schlichtes, liebevolles und \u00fcberraschend praktisches Accessoire: Dieser handgefertigte Gabelhalter in Eselform wird aus edlem Olivenholz gefertigt und vereint originelles Design mit Funktionalit\u00e4t. Ideal, um K\u00fcche, Wohnzimmer oder auch den Schreibtisch mit einer warmen, nat\u00fcrlichen Note zu bereichern.<\/p>\n<p class=\"p3\">Olivenholz mit seiner einzigartigen Maserung und den warmen, beruhigenden Farbt\u00f6nen macht jedes St\u00fcck zu einem Unikat. Ausschlie\u00dflich mit nat\u00fcrlichem \u00d6l behandelt \u2013 ohne Lacke oder chemische Zus\u00e4tze \u2013 in voller Achtung traditioneller Handwerkskunst und der Umwelt.<\/p>\n<p class=\"p3\"><strong>Nachhaltig und authentisch<\/strong>: Olivenholz ist eine bewusste Wahl f\u00fcr alle, die Sch\u00f6nheit, Natur und Handarbeit sch\u00e4tzen.<\/p>\n<p class=\"p3\">Inklusive 8 Gabelchen.<\/p>\n<p>&nbsp;<\/p>\n<p class=\"p3\"><strong>Ma\u00dfe<\/strong>: 11 \u00d7 7 cm.<\/p>\n<h3 class=\"p3\">Eine originelle Idee f\u00fcr ein umweltfreundliches Gastgeschenk.<\/h3>\n<p class=\"p3\">Sein nat\u00fcrlicher Stil und die handwerkliche Verarbeitung machen ihn zu einem perfekten Pr\u00e4sent f\u00fcr Hochzeiten, Kommunionen oder besondere Anl\u00e4sse.<\/p>\n<h4 class=\"p1\"><b>Wichtiger Hinweis<\/b><b><\/b><\/h4>\n<p class=\"p3\"><em>Handgefertigtes Produkt: kleine Unregelm\u00e4\u00dfigkeiten oder leichte Abweichungen sind keine M\u00e4ngel, sondern ein Zeichen der Echtheit und Einzigartigkeit.<\/em><\/p>\n","protected":false},"excerpt":{"rendered":"<p>Zum Servieren von Oliven, K\u00e4se, Fisch, Artischocken herzen, Schinken, Schnecken, Speck und Aufschnitt. &nbsp; Lebensmittelecht. &nbsp; Ein schlichtes, liebevolles und \u00fcberraschend praktisches Accessoire: Dieser handgefertigte Gabelhalter in Eselform wird aus edlem Olivenholz gefertigt und vereint originelles Design mit Funktionalit\u00e4t. Ideal, um K\u00fcche, Wohnzimmer oder auch den Schreibtisch mit einer warmen, nat\u00fcrlichen Note zu bereichern. Olivenholz&#8230;<\/p>\n","protected":false},"featured_media":7327,"template":"","meta":{"_acf_changed":false},"product_brand":[],"product_cat":[277,284],"product_tag":[],"class_list":{"0":"post-7326","1":"product","2":"type-product","3":"status-publish","4":"has-post-thumbnail","6":"product_cat-in-der-kueche","7":"product_cat-vorspeisen","9":"first","10":"instock","11":"taxable","12":"shipping-taxable","13":"purchasable","14":"product-type-simple"},"acf":[],"_links":{"self":[{"href":"https:\/\/www.dolivo.shop\/de\/wp-json\/wp\/v2\/product\/7326","targetHints":{"allow":["GET"]}}],"collection":[{"href":"https:\/\/www.dolivo.shop\/de\/wp-json\/wp\/v2\/product"}],"about":[{"href":"https:\/\/www.dolivo.shop\/de\/wp-json\/wp\/v2\/types\/product"}],"wp:featuredmedia":[{"embeddable":true,"href":"https:\/\/www.dolivo.shop\/de\/wp-json\/wp\/v2\/media\/7327"}],"wp:attachment":[{"href":"https:\/\/www.dolivo.shop\/de\/wp-json\/wp\/v2\/media?parent=7326"}],"wp:term":[{"taxonomy":"product_brand","embeddable":true,"href":"https:\/\/www.dolivo.shop\/de\/wp-json\/wp\/v2\/product_brand?post=7326"},{"taxonomy":"product_cat","embeddable":true,"href":"https:\/\/www.dolivo.shop\/de\/wp-json\/wp\/v2\/product_cat?post=7326"},{"taxonomy":"product_tag","embeddable":true,"href":"https:\/\/www.dolivo.shop\/de\/wp-json\/wp\/v2\/product_tag?post=7326"}],"curies":[{"name":"wp","href":"https:\/\/api.w.org\/{rel}","templated":true}]}}