{"id":7334,"date":"2021-06-24T15:57:17","date_gmt":"2021-06-24T14:57:17","guid":{"rendered":"https:\/\/www.dolivo.shop\/prodotto\/gabelhalterfass-aus-olivenholz\/"},"modified":"2025-11-27T18:07:12","modified_gmt":"2025-11-27T17:07:12","slug":"gabelhalterfass-aus-olivenholz","status":"publish","type":"product","link":"https:\/\/www.dolivo.shop\/de\/produkt\/gabelhalterfass-aus-olivenholz\/","title":{"rendered":"Fass Gabelhalter"},"content":{"rendered":"<p class=\"p3\">Zum Servieren von Oliven, K\u00e4se, Fisch, Artischocken, Schinken, Schnecken, Speck und Aufschnitt.<\/p>\n<p>&nbsp;<\/p>\n<p class=\"p3\"><strong>Lebensmittelecht.<\/strong><\/p>\n<p>&nbsp;<\/p>\n<p class=\"p3\">Ein schlichtes, charmantes und \u00fcberraschend praktisches Accessoire: Dieser handgefertigte Gabelhalter in Fassform wird aus edlem Olivenholz gefertigt und vereint originelles Design mit Funktionalit\u00e4t. Perfekt, um Ihrer K\u00fcche, dem Wohnzimmer oder dem Schreibtisch eine warme, einladende Note zu verleihen.<\/p>\n<p class=\"p3\">Das Olivenholz, mit seiner nat\u00fcrlichen Maserung und seinen warmen, beruhigenden Farbt\u00f6nen, macht jeden Gabelhalter zu einem Unikat. Ausschlie\u00dflich mit nat\u00fcrlichem \u00d6l behandelt \u2013 ohne Lacke oder chemische Substanzen \u2013 ganz im Einklang mit traditioneller Handwerkskunst und Umweltbewusstsein.<\/p>\n<p class=\"p3\"><strong>Nachhaltig und authentisch<\/strong> \u2013 Olivenholz ist eine bewusste Wahl f\u00fcr alle, die Sch\u00f6nheit, Natur und Handarbeit sch\u00e4tzen.<\/p>\n<p class=\"p3\">Enth\u00e4lt 12 Cocktailgabeln.<\/p>\n<p>&nbsp;<\/p>\n<p class=\"p3\"><strong>Ma\u00dfe<\/strong>: 5 \u00d7 12 cm.<\/p>\n<h3 class=\"p3\">Eine originelle Idee f\u00fcr ein umweltfreundliches Gastgeschenk<\/h3>\n<p class=\"p3\">Durch seinen nat\u00fcrlichen Stil und die handwerkliche Verarbeitung ist er ein perfektes Pr\u00e4sent f\u00fcr Hochzeiten, Kommunionen oder besondere Anl\u00e4sse.<\/p>\n<h4 class=\"p1\"><b>Wichtiger Hinweis<\/b><b><\/b><\/h4>\n<p class=\"p3\"><em>Handgefertigtes Produkt: kleine Unregelm\u00e4\u00dfigkeiten oder leichte Abweichungen sind keine M\u00e4ngel, sondern ein Zeichen der Echtheit.<\/em><\/p>\n","protected":false},"excerpt":{"rendered":"<p>Zum Servieren von Oliven, K\u00e4se, Fisch, Artischocken, Schinken, Schnecken, Speck und Aufschnitt. &nbsp; Lebensmittelecht. &nbsp; Ein schlichtes, charmantes und \u00fcberraschend praktisches Accessoire: Dieser handgefertigte Gabelhalter in Fassform wird aus edlem Olivenholz gefertigt und vereint originelles Design mit Funktionalit\u00e4t. Perfekt, um Ihrer K\u00fcche, dem Wohnzimmer oder dem Schreibtisch eine warme, einladende Note zu verleihen. Das Olivenholz,&#8230;<\/p>\n","protected":false},"featured_media":7335,"template":"","meta":{"_acf_changed":false},"product_brand":[],"product_cat":[277,284],"product_tag":[],"class_list":{"0":"post-7334","1":"product","2":"type-product","3":"status-publish","4":"has-post-thumbnail","6":"product_cat-in-der-kueche","7":"product_cat-vorspeisen","9":"first","10":"instock","11":"taxable","12":"shipping-taxable","13":"purchasable","14":"product-type-simple"},"acf":[],"_links":{"self":[{"href":"https:\/\/www.dolivo.shop\/de\/wp-json\/wp\/v2\/product\/7334","targetHints":{"allow":["GET"]}}],"collection":[{"href":"https:\/\/www.dolivo.shop\/de\/wp-json\/wp\/v2\/product"}],"about":[{"href":"https:\/\/www.dolivo.shop\/de\/wp-json\/wp\/v2\/types\/product"}],"wp:featuredmedia":[{"embeddable":true,"href":"https:\/\/www.dolivo.shop\/de\/wp-json\/wp\/v2\/media\/7335"}],"wp:attachment":[{"href":"https:\/\/www.dolivo.shop\/de\/wp-json\/wp\/v2\/media?parent=7334"}],"wp:term":[{"taxonomy":"product_brand","embeddable":true,"href":"https:\/\/www.dolivo.shop\/de\/wp-json\/wp\/v2\/product_brand?post=7334"},{"taxonomy":"product_cat","embeddable":true,"href":"https:\/\/www.dolivo.shop\/de\/wp-json\/wp\/v2\/product_cat?post=7334"},{"taxonomy":"product_tag","embeddable":true,"href":"https:\/\/www.dolivo.shop\/de\/wp-json\/wp\/v2\/product_tag?post=7334"}],"curies":[{"name":"wp","href":"https:\/\/api.w.org\/{rel}","templated":true}]}}