{"id":7363,"date":"2021-06-24T15:57:16","date_gmt":"2021-06-24T14:57:16","guid":{"rendered":"https:\/\/www.dolivo.shop\/prodotto\/vorspeisenteller-herz\/"},"modified":"2025-08-24T21:34:25","modified_gmt":"2025-08-24T20:34:25","slug":"vorspeisenteller-herz","status":"publish","type":"product","link":"https:\/\/www.dolivo.shop\/de\/produkt\/vorspeisenteller-herz\/","title":{"rendered":"Herzf\u00f6rmige Vorspeisenschale"},"content":{"rendered":"<p class=\"p3\">Zum Servieren von Keksen, Pralinen, N\u00fcssen, Oliven, K\u00e4se, Gew\u00fcrzen oder als praktische Ablageschale. Nimmt keine Ger\u00fcche an und bildet kein Schimmel. Leicht per Hand mit warmem Wasser und mildem Sp\u00fclmittel zu reinigen.<\/p>\n<p>&nbsp;<\/p>\n<p class=\"p3\"><strong>Lebensmittelecht.<\/strong><\/p>\n<p>&nbsp;<\/p>\n<p class=\"p3\">Ein schlichtes und zugleich n\u00fctzliches Accessoire: Diese handgefertigte, herzf\u00f6rmige Vorspeisenschale wird aus echtem Olivenholz gefertigt und verbindet originelles <strong>Design<\/strong> mit <strong>Funktionalit\u00e4t<\/strong>. Perfekt, um K\u00fcche, Wohnzimmer oder Schreibtisch eine warme Note zu verleihen.<\/p>\n<p class=\"p3\">Das <strong>Olivenholz<\/strong>, mit seiner nat\u00fcrlichen Maserung und den warmen, beruhigenden Farbt\u00f6nen, macht jedes St\u00fcck zu einem <strong>Unikat<\/strong>. Ausschlie\u00dflich mit nat\u00fcrlichem \u00d6l behandelt \u2013 ohne Lacke oder chemische Zus\u00e4tze \u2013 im Einklang mit traditioneller Handwerkskunst und umweltfreundlichen Prinzipien.<\/p>\n<p class=\"p3\"><strong>Nachhaltig und authentisch<\/strong> \u2013 Olivenholz ist eine bewusste Wahl f\u00fcr alle, die Sch\u00f6nheit, Natur und Handarbeit sch\u00e4tzen.<\/p>\n<h3 class=\"p3\">Eine originelle Idee f\u00fcr eine umweltfreundliche Geschenkverpackung oder Gastgeschenk<\/h3>\n<p class=\"p3\">Sein nat\u00fcrlicher Stil und die handwerkliche Verarbeitung machen es zu einer idealen Aufmerksamkeit f\u00fcr Hochzeiten, Kommunionen oder besondere Anl\u00e4sse.<\/p>\n<p class=\"p3\">Auf Wunsch k\u00f6nnen wir <strong>individuelle Gravuren<\/strong> anfertigen.<\/p>\n<h4 class=\"p1\"><b>Wichtiger Hinweis<\/b><b><\/b><\/h4>\n<p class=\"p3\"><em>Handgefertigtes Produkt: kleine Unregelm\u00e4\u00dfigkeiten oder leichte Abweichungen sind kein Mangel, sondern ein Zeichen f\u00fcr die Echtheit des Artikels.<\/em><\/p>\n","protected":false},"excerpt":{"rendered":"<p>Zum Servieren von Keksen, Pralinen, N\u00fcssen, Oliven, K\u00e4se, Gew\u00fcrzen oder als praktische Ablageschale. Nimmt keine Ger\u00fcche an und bildet kein Schimmel. Leicht per Hand mit warmem Wasser und mildem Sp\u00fclmittel zu reinigen. &nbsp; Lebensmittelecht. &nbsp; Ein schlichtes und zugleich n\u00fctzliches Accessoire: Diese handgefertigte, herzf\u00f6rmige Vorspeisenschale wird aus echtem Olivenholz gefertigt und verbindet originelles Design mit&#8230;<\/p>\n","protected":false},"featured_media":7364,"template":"","meta":{"_acf_changed":false},"product_brand":[],"product_cat":[277,284],"product_tag":[],"class_list":{"0":"post-7363","1":"product","2":"type-product","3":"status-publish","4":"has-post-thumbnail","6":"product_cat-in-der-kueche","7":"product_cat-vorspeisen","9":"first","10":"instock","11":"taxable","12":"shipping-taxable","13":"purchasable","14":"product-type-variable"},"acf":[],"_links":{"self":[{"href":"https:\/\/www.dolivo.shop\/de\/wp-json\/wp\/v2\/product\/7363","targetHints":{"allow":["GET"]}}],"collection":[{"href":"https:\/\/www.dolivo.shop\/de\/wp-json\/wp\/v2\/product"}],"about":[{"href":"https:\/\/www.dolivo.shop\/de\/wp-json\/wp\/v2\/types\/product"}],"wp:featuredmedia":[{"embeddable":true,"href":"https:\/\/www.dolivo.shop\/de\/wp-json\/wp\/v2\/media\/7364"}],"wp:attachment":[{"href":"https:\/\/www.dolivo.shop\/de\/wp-json\/wp\/v2\/media?parent=7363"}],"wp:term":[{"taxonomy":"product_brand","embeddable":true,"href":"https:\/\/www.dolivo.shop\/de\/wp-json\/wp\/v2\/product_brand?post=7363"},{"taxonomy":"product_cat","embeddable":true,"href":"https:\/\/www.dolivo.shop\/de\/wp-json\/wp\/v2\/product_cat?post=7363"},{"taxonomy":"product_tag","embeddable":true,"href":"https:\/\/www.dolivo.shop\/de\/wp-json\/wp\/v2\/product_tag?post=7363"}],"curies":[{"name":"wp","href":"https:\/\/api.w.org\/{rel}","templated":true}]}}