{"id":7367,"date":"2021-06-24T15:57:16","date_gmt":"2021-06-24T14:57:16","guid":{"rendered":"https:\/\/www.dolivo.shop\/prodotto\/trio-quadratischer-teller\/"},"modified":"2025-08-12T23:35:02","modified_gmt":"2025-08-12T22:35:02","slug":"trio-quadratischer-teller","status":"publish","type":"product","link":"https:\/\/www.dolivo.shop\/de\/produkt\/trio-quadratischer-teller\/","title":{"rendered":"Trio quadratischer Teller"},"content":{"rendered":"<p class=\"p3\">Ideal zum Servieren von Saucen, Marmeladen, Desserts, K\u00e4se, Gew\u00fcrzen oder verschiedenen Vorspeisen. Nimmt keine Ger\u00fcche auf und schimmelt nicht. Von Hand mit warmem Wasser und mildem Sp\u00fclmittel waschbar.<\/p>\n<p>&nbsp;<\/p>\n<p class=\"p3\"><strong>Lebensmittelecht.<\/strong><\/p>\n<p>&nbsp;<\/p>\n<p class=\"p3\">Ein einfaches und zugleich praktisches Objekt: Dieses handgefertigte Teller-Set besteht aus echtem Olivenholz und vereint originelles <strong>Design<\/strong> mit <strong>Funktionalit\u00e4t<\/strong>. Perfekt, um Ihrer K\u00fcche, dem Wohnzimmer oder sogar dem Schreibtisch eine warme, nat\u00fcrliche Note zu verleihen.<\/p>\n<p class=\"p3\">Das <strong>Olivenholz<\/strong>, mit seiner charakteristischen Maserung und seinen warmen, beruhigenden Farbt\u00f6nen, macht jedes St\u00fcck zu einem <strong>Unikat<\/strong>. Ausschlie\u00dflich mit nat\u00fcrlichem \u00d6l behandelt \u2013 ohne Lacke oder chemische Zus\u00e4tze \u2013 ganz im Einklang mit traditioneller Handwerkskunst und der Umwelt.<\/p>\n<p class=\"p3\"><strong>Nachhaltig und authentisch<\/strong> \u2013 Olivenholz ist eine bewusste Wahl f\u00fcr alle, die Sch\u00f6nheit, Natur und Handarbeit sch\u00e4tzen.<\/p>\n<p>&nbsp;<\/p>\n<p class=\"p3\"><span class=\"s1\"><b>Ma\u00dfe:<\/b><\/span> kleiner Teller 11\u00d711 cm \u2013 mittlerer Teller 15\u00d715 cm \u2013 gro\u00dfer Teller 19\u00d719 cm. Gesamth\u00f6he ca. 5 cm.<\/p>\n<h3 class=\"p1\"><b>Eine originelle, umweltfreundliche Geschenkidee<\/b><b><\/b><\/h3>\n<p class=\"p3\">Der nat\u00fcrliche Stil und die handwerkliche Verarbeitung machen dieses Set zu einem perfekten Geschenk f\u00fcr <em>Hochzeiten, Kommunionen oder besondere Anl\u00e4sse.<\/em><\/p>\n<p class=\"p3\">Auf Wunsch fertigen wir auch <strong>individuelle Gravuren<\/strong> an.<\/p>\n<h4 class=\"p1\"><b>Wichtiger Hinweis<\/b><b><\/b><\/h4>\n<p class=\"p3\"><em>Dieses Produkt wird in Handarbeit hergestellt: Kleine Unregelm\u00e4\u00dfigkeiten oder leichte Abweichungen sind keine M\u00e4ngel, sondern ein Zeichen f\u00fcr die Echtheit und Einzigartigkeit des Artikels.<\/em><\/p>\n","protected":false},"excerpt":{"rendered":"<p>Ideal zum Servieren von Saucen, Marmeladen, Desserts, K\u00e4se, Gew\u00fcrzen oder verschiedenen Vorspeisen. Nimmt keine Ger\u00fcche auf und schimmelt nicht. Von Hand mit warmem Wasser und mildem Sp\u00fclmittel waschbar. &nbsp; Lebensmittelecht. &nbsp; Ein einfaches und zugleich praktisches Objekt: Dieses handgefertigte Teller-Set besteht aus echtem Olivenholz und vereint originelles Design mit Funktionalit\u00e4t. Perfekt, um Ihrer K\u00fcche, dem&#8230;<\/p>\n","protected":false},"featured_media":7368,"template":"","meta":{"_acf_changed":false},"product_brand":[],"product_cat":[277,284],"product_tag":[],"class_list":{"0":"post-7367","1":"product","2":"type-product","3":"status-publish","4":"has-post-thumbnail","6":"product_cat-in-der-kueche","7":"product_cat-vorspeisen","9":"first","10":"instock","11":"taxable","12":"shipping-taxable","13":"purchasable","14":"product-type-simple"},"acf":[],"_links":{"self":[{"href":"https:\/\/www.dolivo.shop\/de\/wp-json\/wp\/v2\/product\/7367","targetHints":{"allow":["GET"]}}],"collection":[{"href":"https:\/\/www.dolivo.shop\/de\/wp-json\/wp\/v2\/product"}],"about":[{"href":"https:\/\/www.dolivo.shop\/de\/wp-json\/wp\/v2\/types\/product"}],"wp:featuredmedia":[{"embeddable":true,"href":"https:\/\/www.dolivo.shop\/de\/wp-json\/wp\/v2\/media\/7368"}],"wp:attachment":[{"href":"https:\/\/www.dolivo.shop\/de\/wp-json\/wp\/v2\/media?parent=7367"}],"wp:term":[{"taxonomy":"product_brand","embeddable":true,"href":"https:\/\/www.dolivo.shop\/de\/wp-json\/wp\/v2\/product_brand?post=7367"},{"taxonomy":"product_cat","embeddable":true,"href":"https:\/\/www.dolivo.shop\/de\/wp-json\/wp\/v2\/product_cat?post=7367"},{"taxonomy":"product_tag","embeddable":true,"href":"https:\/\/www.dolivo.shop\/de\/wp-json\/wp\/v2\/product_tag?post=7367"}],"curies":[{"name":"wp","href":"https:\/\/api.w.org\/{rel}","templated":true}]}}