{"id":7411,"date":"2021-06-24T15:57:38","date_gmt":"2021-06-24T14:57:38","guid":{"rendered":"https:\/\/www.dolivo.shop\/prodotto\/rustikale-schale\/"},"modified":"2025-12-16T21:23:11","modified_gmt":"2025-12-16T20:23:11","slug":"rustikale-schale","status":"publish","type":"product","link":"https:\/\/www.dolivo.shop\/de\/produkt\/rustikale-schale\/","title":{"rendered":"Rustikale Schale"},"content":{"rendered":"<p class=\"p3\">Je nach Gr\u00f6\u00dfe eignet sie sich zum Servieren von Dinkel, Salaten, Gem\u00fcse, H\u00fclsenfr\u00fcchten oder als Obst- oder Brotschale. Auch ideal zum Anrichten von N\u00fcssen, Pralinen, Keksen, Oliven, K\u00e4se oder Gew\u00fcrzen. Nimmt keine Ger\u00fcche an und bildet keinen Schimmel. Von Hand mit warmem Wasser und mildem Sp\u00fclmittel zu reinigen. Komplett von Hand gedrechselt und geschliffen. Die nat\u00fcrliche Rinde am Rand verleiht ihr ein rustikales, urspr\u00fcngliches Aussehen.<\/p>\n<p>&nbsp;<\/p>\n<p class=\"p1\"><b>Lebensmittelecht.<\/b><b><\/b><\/p>\n<p>&nbsp;<\/p>\n<p class=\"p3\">Ein schlichtes und zugleich praktisches St\u00fcck: Aus echtem Olivenholz gefertigt, vereint es <strong>Sch\u00f6nheit<\/strong> und <strong>Funktionalit\u00e4t<\/strong>. Perfekt, um K\u00fcche oder Wohnbereich eine warme Note zu verleihen.<\/p>\n<p class=\"p3\">Das <strong>Olivenholz<\/strong> mit seiner nat\u00fcrlichen Maserung und den warmen, beruhigenden Farbt\u00f6nen macht jede Schale zu einem <strong>Unikat<\/strong>. Ausschlie\u00dflich mit nat\u00fcrlichem \u00d6l behandelt \u2013 ohne Lacke oder Chemikalien \u2013 ganz im Einklang mit traditioneller Handwerkskunst und der Umwelt.<\/p>\n<p class=\"p3\"><strong>Nachhaltig und authentisch<\/strong> \u2013 Olivenholz ist eine bewusste Wahl f\u00fcr alle, die Sch\u00f6nheit, praktische Handhabung, Natur und Handarbeit sch\u00e4tzen.<\/p>\n<h3 class=\"p1\"><b>Eine originelle Idee f\u00fcr ein umweltfreundliches Gastgeschenk<\/b><b><\/b><\/h3>\n<p class=\"p3\">Ihr nat\u00fcrlicher Stil und die handwerkliche Verarbeitung machen sie zu einem perfekten Pr\u00e4sent f\u00fcr <em>Hochzeiten, Kommunionen oder besondere Anl\u00e4sse<\/em>.<\/p>\n<p class=\"p3\">Auf Wunsch fertigen wir <strong>individuelle Gravuren<\/strong> an.<\/p>\n<p class=\"p3\">Der angegebene Durchmesser bezieht sich auf den Au\u00dfenrand der oberen \u00d6ffnung.<i><\/i><\/p>\n<h4 class=\"p1\"><b>Wichtiger Hinweis:<\/b><b><\/b><\/h4>\n<p class=\"p3\"><em>Handgefertigtes Unikat \u2013 kleine Unregelm\u00e4\u00dfigkeiten oder leichte Abweichungen sind kein Mangel, sondern ein Zeichen der Echtheit des Produkts.<\/em><\/p>\n","protected":false},"excerpt":{"rendered":"<p>Je nach Gr\u00f6\u00dfe eignet sie sich zum Servieren von Dinkel, Salaten, Gem\u00fcse, H\u00fclsenfr\u00fcchten oder als Obst- oder Brotschale. Auch ideal zum Anrichten von N\u00fcssen, Pralinen, Keksen, Oliven, K\u00e4se oder Gew\u00fcrzen. Nimmt keine Ger\u00fcche an und bildet keinen Schimmel. Von Hand mit warmem Wasser und mildem Sp\u00fclmittel zu reinigen. Komplett von Hand gedrechselt und geschliffen. Die&#8230;<\/p>\n","protected":false},"featured_media":7412,"template":"","meta":{"_acf_changed":false},"product_brand":[],"product_cat":[277,285],"product_tag":[],"class_list":{"0":"post-7411","1":"product","2":"type-product","3":"status-publish","4":"has-post-thumbnail","6":"product_cat-in-der-kueche","7":"product_cat-schalen","9":"first","10":"instock","11":"sale","12":"taxable","13":"shipping-taxable","14":"purchasable","15":"product-type-variable"},"acf":[],"_links":{"self":[{"href":"https:\/\/www.dolivo.shop\/de\/wp-json\/wp\/v2\/product\/7411","targetHints":{"allow":["GET"]}}],"collection":[{"href":"https:\/\/www.dolivo.shop\/de\/wp-json\/wp\/v2\/product"}],"about":[{"href":"https:\/\/www.dolivo.shop\/de\/wp-json\/wp\/v2\/types\/product"}],"wp:featuredmedia":[{"embeddable":true,"href":"https:\/\/www.dolivo.shop\/de\/wp-json\/wp\/v2\/media\/7412"}],"wp:attachment":[{"href":"https:\/\/www.dolivo.shop\/de\/wp-json\/wp\/v2\/media?parent=7411"}],"wp:term":[{"taxonomy":"product_brand","embeddable":true,"href":"https:\/\/www.dolivo.shop\/de\/wp-json\/wp\/v2\/product_brand?post=7411"},{"taxonomy":"product_cat","embeddable":true,"href":"https:\/\/www.dolivo.shop\/de\/wp-json\/wp\/v2\/product_cat?post=7411"},{"taxonomy":"product_tag","embeddable":true,"href":"https:\/\/www.dolivo.shop\/de\/wp-json\/wp\/v2\/product_tag?post=7411"}],"curies":[{"name":"wp","href":"https:\/\/api.w.org\/{rel}","templated":true}]}}