{"id":7430,"date":"2021-06-24T15:57:37","date_gmt":"2021-06-24T14:57:37","guid":{"rendered":"https:\/\/www.dolivo.shop\/prodotto\/langliche-rustikale-schale\/"},"modified":"2025-12-01T17:44:50","modified_gmt":"2025-12-01T16:44:50","slug":"langliche-rustikale-schale","status":"publish","type":"product","link":"https:\/\/www.dolivo.shop\/de\/produkt\/langliche-rustikale-schale\/","title":{"rendered":"Bootsf\u00f6rmige Schale"},"content":{"rendered":"<p class=\"p3\">Ideal zum Servieren von Brot, Oliven, K\u00e4se, Artischockenherzen, Pilzen oder zum Aufbewahren von Gew\u00fcrzen und N\u00fcssen. Nimmt keine Ger\u00fcche an und bildet keinen Schimmel. Von Hand mit warmem Wasser und mildem Sp\u00fclmittel abwaschbar.<\/p>\n<p>&nbsp;<\/p>\n<p class=\"p1\"><b>Lebensmittelecht.<\/b><b><\/b><\/p>\n<p>&nbsp;<\/p>\n<p class=\"p3\">Ein einfaches und zugleich praktisches Objekt: Aus echtem Olivenholz gefertigt, vereint es <strong>Sch\u00f6nheit<\/strong> und <strong>Funktionalit\u00e4t<\/strong>. Perfekt, um der K\u00fcche oder dem Wohnzimmer eine warme Note zu verleihen.<\/p>\n<p class=\"p3\">Das <strong>Olivenholz<\/strong> mit seiner nat\u00fcrlichen Maserung und seinen warmen, beruhigenden Farbt\u00f6nen macht jede Schale zu einem <strong>Unikat<\/strong>. Ausschlie\u00dflich mit nat\u00fcrlichem \u00d6l behandelt \u2013 ohne Lacke oder chemische Zus\u00e4tze \u2013 ganz im Sinne traditioneller Handwerkskunst und im Einklang mit der Umwelt.<\/p>\n<p class=\"p3\"><strong>Nachhaltig und authentisch<\/strong> ist Olivenholz die bewusste Wahl f\u00fcr alle, die Sch\u00f6nheit, Alltagstauglichkeit, Natur und Handarbeit sch\u00e4tzen.<\/p>\n<h3 class=\"p1\"><b>Eine originelle Idee f\u00fcr ein umweltfreundliches Geschenk<\/b><b><\/b><\/h3>\n<p class=\"p3\">Durch seinen nat\u00fcrlichen Stil und die handwerkliche Verarbeitung ist es ein perfektes Pr\u00e4sent f\u00fcr <em>Hochzeiten, Kommunionen oder besondere Anl\u00e4sse<\/em>.<\/p>\n<p class=\"p3\">Auf Wunsch fertigen wir auch <strong>individuelle Gravuren<\/strong> an.<\/p>\n<h4 class=\"p1\"><b>Wichtiger Hinweis:<\/b><b><\/b><\/h4>\n<p class=\"p3\"><em>Dieses Produkt wird in Handarbeit hergestellt: Kleine Unregelm\u00e4\u00dfigkeiten oder leichte Abweichungen sind kein Mangel, sondern ein Zeichen der Echtheit.<\/em><\/p>\n","protected":false},"excerpt":{"rendered":"<p>Ideal zum Servieren von Brot, Oliven, K\u00e4se, Artischockenherzen, Pilzen oder zum Aufbewahren von Gew\u00fcrzen und N\u00fcssen. Nimmt keine Ger\u00fcche an und bildet keinen Schimmel. Von Hand mit warmem Wasser und mildem Sp\u00fclmittel abwaschbar. &nbsp; Lebensmittelecht. &nbsp; Ein einfaches und zugleich praktisches Objekt: Aus echtem Olivenholz gefertigt, vereint es Sch\u00f6nheit und Funktionalit\u00e4t. Perfekt, um der K\u00fcche&#8230;<\/p>\n","protected":false},"featured_media":17617,"template":"","meta":{"_acf_changed":false},"product_brand":[],"product_cat":[277,285],"product_tag":[],"class_list":{"0":"post-7430","1":"product","2":"type-product","3":"status-publish","4":"has-post-thumbnail","6":"product_cat-in-der-kueche","7":"product_cat-schalen","9":"first","10":"instock","11":"taxable","12":"shipping-taxable","13":"purchasable","14":"product-type-variable"},"acf":[],"_links":{"self":[{"href":"https:\/\/www.dolivo.shop\/de\/wp-json\/wp\/v2\/product\/7430","targetHints":{"allow":["GET"]}}],"collection":[{"href":"https:\/\/www.dolivo.shop\/de\/wp-json\/wp\/v2\/product"}],"about":[{"href":"https:\/\/www.dolivo.shop\/de\/wp-json\/wp\/v2\/types\/product"}],"wp:featuredmedia":[{"embeddable":true,"href":"https:\/\/www.dolivo.shop\/de\/wp-json\/wp\/v2\/media\/17617"}],"wp:attachment":[{"href":"https:\/\/www.dolivo.shop\/de\/wp-json\/wp\/v2\/media?parent=7430"}],"wp:term":[{"taxonomy":"product_brand","embeddable":true,"href":"https:\/\/www.dolivo.shop\/de\/wp-json\/wp\/v2\/product_brand?post=7430"},{"taxonomy":"product_cat","embeddable":true,"href":"https:\/\/www.dolivo.shop\/de\/wp-json\/wp\/v2\/product_cat?post=7430"},{"taxonomy":"product_tag","embeddable":true,"href":"https:\/\/www.dolivo.shop\/de\/wp-json\/wp\/v2\/product_tag?post=7430"}],"curies":[{"name":"wp","href":"https:\/\/api.w.org\/{rel}","templated":true}]}}