{"id":7439,"date":"2021-06-24T15:57:37","date_gmt":"2021-06-24T14:57:37","guid":{"rendered":"https:\/\/www.dolivo.shop\/prodotto\/von-hand-ausgeholte-schale\/"},"modified":"2025-10-27T14:53:07","modified_gmt":"2025-10-27T13:53:07","slug":"von-hand-ausgeholte-schale","status":"publish","type":"product","link":"https:\/\/www.dolivo.shop\/de\/produkt\/von-hand-ausgeholte-schale\/","title":{"rendered":"Handgeschnitzte Schale"},"content":{"rendered":"<p class=\"p2\">Ideal zum Servieren von Dinkel, Salat, Gem\u00fcse, H\u00fclsenfr\u00fcchten oder als Obst- oder Brotschale. Auch geeignet f\u00fcr N\u00fcsse, Pralinen, Kekse, Oliven, K\u00e4se oder Gew\u00fcrze. Nimmt keine Ger\u00fcche an und beugt Schimmelbildung vor. Von Hand mit warmem Wasser und mildem Sp\u00fclmittel zu reinigen. Vollst\u00e4ndig von Hand ausgeh\u00f6hlt und geschliffen.<\/p>\n<p>&nbsp;<\/p>\n<p class=\"p2\"><strong>Lebensmittelecht.<\/strong><\/p>\n<p>&nbsp;<\/p>\n<p class=\"p2\">Ein einfaches und zugleich praktisches Objekt: Aus echtem <strong>Olivenholz<\/strong> gefertigt, vereint es <strong>Sch\u00f6nheit<\/strong> und <strong>Funktionalit\u00e4t<\/strong>. Perfekt, um K\u00fcche oder Wohnbereich eine warme Note zu verleihen.<\/p>\n<p class=\"p2\">Die nat\u00fcrliche Maserung und die warmen, beruhigenden Farbt\u00f6ne des Olivenholzes machen jede Schale zu einem <strong>Unikat<\/strong>. Ausschlie\u00dflich mit nat\u00fcrlichem \u00d6l behandelt \u2013 ohne Lacke oder chemische Substanzen \u2013 ganz im Sinne traditioneller Handwerkskunst und im Einklang mit der Umwelt.<\/p>\n<p class=\"p2\"><strong>Nachhaltig und authentisch<\/strong> \u2013 Olivenholz ist eine bewusste Wahl f\u00fcr alle, die Sch\u00f6nheit, praktische Handhabung, Natur und Handarbeit sch\u00e4tzen.<\/p>\n<h3 class=\"p1\"><b>Eine originelle Idee f\u00fcr ein umweltfreundliches Gastgeschenk<\/b><b><\/b><\/h3>\n<p class=\"p2\">Der nat\u00fcrliche Stil und die handwerkliche Verarbeitung machen sie zu einer perfekten Geschenkidee f\u00fcr <em>Hochzeiten, Kommunionen oder besondere Anl\u00e4sse<\/em>.<\/p>\n<p class=\"p2\">Auf Wunsch fertigen wir <strong>individuelle Gravuren<\/strong> an.<\/p>\n<p class=\"p2\">Die angegebene Gr\u00f6\u00dfe bezieht sich auf den \u00e4u\u00dferen Rand am oberen Teil der Schale.<\/p>\n<h4 class=\"p1\"><b>Wichtiger Hinweis<\/b><b><\/b><\/h4>\n<p class=\"p2\"><em>Handgefertigtes Produkt: Kleine Unregelm\u00e4\u00dfigkeiten oder leichte Abweichungen sind keine M\u00e4ngel, sondern ein Zeichen f\u00fcr die Echtheit des Artikels.<\/em><\/p>\n","protected":false},"excerpt":{"rendered":"<p>Ideal zum Servieren von Dinkel, Salat, Gem\u00fcse, H\u00fclsenfr\u00fcchten oder als Obst- oder Brotschale. Auch geeignet f\u00fcr N\u00fcsse, Pralinen, Kekse, Oliven, K\u00e4se oder Gew\u00fcrze. Nimmt keine Ger\u00fcche an und beugt Schimmelbildung vor. Von Hand mit warmem Wasser und mildem Sp\u00fclmittel zu reinigen. Vollst\u00e4ndig von Hand ausgeh\u00f6hlt und geschliffen. &nbsp; Lebensmittelecht. &nbsp; Ein einfaches und zugleich praktisches&#8230;<\/p>\n","protected":false},"featured_media":7440,"template":"","meta":{"_acf_changed":false},"product_brand":[],"product_cat":[277,285],"product_tag":[],"class_list":{"0":"post-7439","1":"product","2":"type-product","3":"status-publish","4":"has-post-thumbnail","6":"product_cat-in-der-kueche","7":"product_cat-schalen","9":"first","10":"instock","11":"taxable","12":"shipping-taxable","13":"purchasable","14":"product-type-variable"},"acf":[],"_links":{"self":[{"href":"https:\/\/www.dolivo.shop\/de\/wp-json\/wp\/v2\/product\/7439","targetHints":{"allow":["GET"]}}],"collection":[{"href":"https:\/\/www.dolivo.shop\/de\/wp-json\/wp\/v2\/product"}],"about":[{"href":"https:\/\/www.dolivo.shop\/de\/wp-json\/wp\/v2\/types\/product"}],"wp:featuredmedia":[{"embeddable":true,"href":"https:\/\/www.dolivo.shop\/de\/wp-json\/wp\/v2\/media\/7440"}],"wp:attachment":[{"href":"https:\/\/www.dolivo.shop\/de\/wp-json\/wp\/v2\/media?parent=7439"}],"wp:term":[{"taxonomy":"product_brand","embeddable":true,"href":"https:\/\/www.dolivo.shop\/de\/wp-json\/wp\/v2\/product_brand?post=7439"},{"taxonomy":"product_cat","embeddable":true,"href":"https:\/\/www.dolivo.shop\/de\/wp-json\/wp\/v2\/product_cat?post=7439"},{"taxonomy":"product_tag","embeddable":true,"href":"https:\/\/www.dolivo.shop\/de\/wp-json\/wp\/v2\/product_tag?post=7439"}],"curies":[{"name":"wp","href":"https:\/\/api.w.org\/{rel}","templated":true}]}}