{"id":7452,"date":"2021-06-24T15:57:21","date_gmt":"2021-06-24T14:57:21","guid":{"rendered":"https:\/\/www.dolivo.shop\/prodotto\/korb\/"},"modified":"2025-10-10T12:37:06","modified_gmt":"2025-10-10T11:37:06","slug":"korb","status":"publish","type":"product","link":"https:\/\/www.dolivo.shop\/de\/produkt\/korb\/","title":{"rendered":"Olivenholzkorb mit Henkel"},"content":{"rendered":"<p class=\"p2\">Sehr dekorativ \u2013 ideal zum Servieren von Dinkel, Salat oder als Obst- oder Brotkorb. Aus einem einzigen St\u00fcck Olivenholz gefertigt. Nimmt keine Ger\u00fcche an und beugt Schimmelbildung vor. Von Hand mit warmem Wasser und mildem Sp\u00fclmittel zu reinigen. Vollst\u00e4ndig von Hand ausgeh\u00f6hlt und geschliffen.<\/p>\n<p>&nbsp;<\/p>\n<p class=\"p2\"><strong>Lebensmittelecht.<\/strong><\/p>\n<p>&nbsp;<\/p>\n<p class=\"p2\">Ein schlichtes und zugleich praktisches Objekt: Aus echtem <strong>Olivenholz<\/strong> gefertigt, vereint es <strong>Sch\u00f6nheit<\/strong> und <strong>Funktionalit\u00e4t<\/strong>. Perfekt, um K\u00fcche oder Wohnbereich eine warme, nat\u00fcrliche Note zu verleihen.<\/p>\n<p class=\"p2\">Die charakteristische Maserung und die warmen, beruhigenden Farbt\u00f6ne des Olivenholzes machen jeden Korb zu einem <strong>Unikat<\/strong>. Ausschlie\u00dflich mit nat\u00fcrlichem \u00d6l behandelt \u2013 ohne Lacke oder chemische Zus\u00e4tze \u2013 ganz im Sinne traditioneller Handwerkskunst und im Einklang mit der Natur.<\/p>\n<p class=\"p2\"><strong>Nachhaltig und authentisch<\/strong> \u2013 Olivenholz ist eine bewusste Wahl f\u00fcr alle, die Sch\u00f6nheit, Funktionalit\u00e4t, Naturverbundenheit und Handarbeit sch\u00e4tzen.<\/p>\n<h3 class=\"p1\"><b>Eine originelle Idee f\u00fcr ein umweltfreundliches Gastgeschenk<\/b><b><\/b><\/h3>\n<p class=\"p2\">Sein nat\u00fcrlicher Stil und die handwerkliche Verarbeitung machen ihn zu einer perfekten Geschenkidee f\u00fcr <em>Hochzeiten, Kommunionen oder besondere Anl\u00e4sse<\/em>.<\/p>\n<h4 class=\"p1\"><b>Wichtiger Hinweis<\/b><b><\/b><\/h4>\n<p class=\"p2\"><em>Handgefertigtes Produkt: Kleine Unregelm\u00e4\u00dfigkeiten oder leichte Abweichungen sind keine M\u00e4ngel, sondern ein Zeichen f\u00fcr die Echtheit des Artikels.<\/em><\/p>\n","protected":false},"excerpt":{"rendered":"<p>Sehr dekorativ \u2013 ideal zum Servieren von Dinkel, Salat oder als Obst- oder Brotkorb. Aus einem einzigen St\u00fcck Olivenholz gefertigt. Nimmt keine Ger\u00fcche an und beugt Schimmelbildung vor. Von Hand mit warmem Wasser und mildem Sp\u00fclmittel zu reinigen. Vollst\u00e4ndig von Hand ausgeh\u00f6hlt und geschliffen. &nbsp; Lebensmittelecht. &nbsp; Ein schlichtes und zugleich praktisches Objekt: Aus echtem&#8230;<\/p>\n","protected":false},"featured_media":7453,"template":"","meta":{"_acf_changed":false},"product_brand":[],"product_cat":[277,285],"product_tag":[],"class_list":{"0":"post-7452","1":"product","2":"type-product","3":"status-publish","4":"has-post-thumbnail","6":"product_cat-in-der-kueche","7":"product_cat-schalen","9":"first","10":"instock","11":"taxable","12":"shipping-taxable","13":"purchasable","14":"product-type-variable"},"acf":[],"_links":{"self":[{"href":"https:\/\/www.dolivo.shop\/de\/wp-json\/wp\/v2\/product\/7452","targetHints":{"allow":["GET"]}}],"collection":[{"href":"https:\/\/www.dolivo.shop\/de\/wp-json\/wp\/v2\/product"}],"about":[{"href":"https:\/\/www.dolivo.shop\/de\/wp-json\/wp\/v2\/types\/product"}],"wp:featuredmedia":[{"embeddable":true,"href":"https:\/\/www.dolivo.shop\/de\/wp-json\/wp\/v2\/media\/7453"}],"wp:attachment":[{"href":"https:\/\/www.dolivo.shop\/de\/wp-json\/wp\/v2\/media?parent=7452"}],"wp:term":[{"taxonomy":"product_brand","embeddable":true,"href":"https:\/\/www.dolivo.shop\/de\/wp-json\/wp\/v2\/product_brand?post=7452"},{"taxonomy":"product_cat","embeddable":true,"href":"https:\/\/www.dolivo.shop\/de\/wp-json\/wp\/v2\/product_cat?post=7452"},{"taxonomy":"product_tag","embeddable":true,"href":"https:\/\/www.dolivo.shop\/de\/wp-json\/wp\/v2\/product_tag?post=7452"}],"curies":[{"name":"wp","href":"https:\/\/api.w.org\/{rel}","templated":true}]}}