{"id":7470,"date":"2021-06-24T15:57:16","date_gmt":"2021-06-24T14:57:16","guid":{"rendered":"https:\/\/www.dolivo.shop\/prodotto\/kleine-rustikale-schale\/"},"modified":"2025-12-16T21:23:08","modified_gmt":"2025-12-16T20:23:08","slug":"kleine-rustikale-schale","status":"publish","type":"product","link":"https:\/\/www.dolivo.shop\/de\/produkt\/kleine-rustikale-schale\/","title":{"rendered":"Kleine Rustikale Schale"},"content":{"rendered":"<p class=\"p2\">Ideal zum Servieren von Erdn\u00fcssen, Pistazien, Gew\u00fcrzen, Oliven oder Honig. Nimmt keine Ger\u00fcche an und verhindert die Bildung von Schimmel. Von Hand mit warmem Wasser und mildem Sp\u00fclmittel waschbar.<\/p>\n<p class=\"p2\">Komplett von Hand ausgeh\u00f6hlt und geschliffen.<\/p>\n<p>&nbsp;<\/p>\n<p class=\"p2\"><strong>Lebensmittelecht.<\/strong><\/p>\n<p>&nbsp;<\/p>\n<p class=\"p2\">Ein schlichtes und zugleich praktisches St\u00fcck: Aus hochwertigem Olivenholz gefertigt, vereint es <strong>Sch\u00f6nheit<\/strong> und <strong>Funktionalit\u00e4t<\/strong>. Perfekt, um der K\u00fcche oder dem Wohnbereich eine warme, nat\u00fcrliche Note zu verleihen.<\/p>\n<p class=\"p2\">Das <strong>Olivenholz<\/strong> mit seiner charakteristischen Maserung und den warmen, beruhigenden Farbt\u00f6nen macht jede Schale zu einem <strong>Unikat<\/strong>. Ausschlie\u00dflich mit nat\u00fcrlichem \u00d6l behandelt \u2013 ohne Lacke oder chemische Zus\u00e4tze \u2013 in voller Achtung der handwerklichen Tradition und der Umwelt.<\/p>\n<p class=\"p2\"><strong>Nachhaltig und authentisch<\/strong> \u2013 Olivenholz ist eine bewusste Wahl f\u00fcr alle, die Sch\u00f6nheit, praktische Handhabung, Natur und Handwerkskunst sch\u00e4tzen.<\/p>\n<h3 class=\"p1\"><b>Eine originelle Idee f\u00fcr ein umweltfreundliches Gastgeschenk<\/b><b><\/b><\/h3>\n<p class=\"p2\">Sein nat\u00fcrlicher Stil und die handwerkliche Verarbeitung machen es zu einer idealen Geschenkidee f\u00fcr <em>Hochzeiten, Kommunionen oder besondere Anl\u00e4sse<\/em>.<\/p>\n<p class=\"p2\">Auf Wunsch fertigen wir auch <strong>individuelle Gravuren<\/strong> an.<\/p>\n<p>&nbsp;<\/p>\n<p class=\"p2\"><span class=\"s1\"><b>Ma\u00dfe:<\/b><\/span> ca. 14 \u00d7 9 cm (gemessen am \u00e4u\u00dferen Rand der oberen \u00d6ffnung).<\/p>\n<h4 class=\"p1\"><b>Wichtiger Hinweis<\/b><b><\/b><\/h4>\n<p class=\"p2\"><em>Handgefertigtes Produkt: Kleine Unregelm\u00e4\u00dfigkeiten oder leichte Abweichungen sind keine M\u00e4ngel, sondern ein Zeichen der Echtheit.<\/em><\/p>\n","protected":false},"excerpt":{"rendered":"<p>Ideal zum Servieren von Erdn\u00fcssen, Pistazien, Gew\u00fcrzen, Oliven oder Honig. Nimmt keine Ger\u00fcche an und verhindert die Bildung von Schimmel. Von Hand mit warmem Wasser und mildem Sp\u00fclmittel waschbar. Komplett von Hand ausgeh\u00f6hlt und geschliffen. &nbsp; Lebensmittelecht. &nbsp; Ein schlichtes und zugleich praktisches St\u00fcck: Aus hochwertigem Olivenholz gefertigt, vereint es Sch\u00f6nheit und Funktionalit\u00e4t. Perfekt, um&#8230;<\/p>\n","protected":false},"featured_media":7471,"template":"","meta":{"_acf_changed":false},"product_brand":[],"product_cat":[277,285],"product_tag":[],"class_list":{"0":"post-7470","1":"product","2":"type-product","3":"status-publish","4":"has-post-thumbnail","6":"product_cat-in-der-kueche","7":"product_cat-schalen","9":"first","10":"instock","11":"taxable","12":"shipping-taxable","13":"purchasable","14":"product-type-simple"},"acf":[],"_links":{"self":[{"href":"https:\/\/www.dolivo.shop\/de\/wp-json\/wp\/v2\/product\/7470","targetHints":{"allow":["GET"]}}],"collection":[{"href":"https:\/\/www.dolivo.shop\/de\/wp-json\/wp\/v2\/product"}],"about":[{"href":"https:\/\/www.dolivo.shop\/de\/wp-json\/wp\/v2\/types\/product"}],"wp:featuredmedia":[{"embeddable":true,"href":"https:\/\/www.dolivo.shop\/de\/wp-json\/wp\/v2\/media\/7471"}],"wp:attachment":[{"href":"https:\/\/www.dolivo.shop\/de\/wp-json\/wp\/v2\/media?parent=7470"}],"wp:term":[{"taxonomy":"product_brand","embeddable":true,"href":"https:\/\/www.dolivo.shop\/de\/wp-json\/wp\/v2\/product_brand?post=7470"},{"taxonomy":"product_cat","embeddable":true,"href":"https:\/\/www.dolivo.shop\/de\/wp-json\/wp\/v2\/product_cat?post=7470"},{"taxonomy":"product_tag","embeddable":true,"href":"https:\/\/www.dolivo.shop\/de\/wp-json\/wp\/v2\/product_tag?post=7470"}],"curies":[{"name":"wp","href":"https:\/\/api.w.org\/{rel}","templated":true}]}}