{"id":7476,"date":"2021-06-24T15:58:33","date_gmt":"2021-06-24T14:58:33","guid":{"rendered":"https:\/\/www.dolivo.shop\/prodotto\/brotschneidebrett\/"},"modified":"2025-08-14T15:16:28","modified_gmt":"2025-08-14T14:16:28","slug":"brotschneidebrett","status":"publish","type":"product","link":"https:\/\/www.dolivo.shop\/de\/produkt\/brotschneidebrett\/","title":{"rendered":"Brotbrett mit Kr\u00fcmelfach"},"content":{"rendered":"<p class=\"p3\">Die au\u00dfergew\u00f6hnliche H\u00e4rte des Olivenholzes erm\u00f6glicht es, ein Brotmesser mit Wellenschliff zu verwenden, ohne die Schneidefl\u00e4che zu besch\u00e4digen. Zum Entfernen der Kr\u00fcmel gen\u00fcgt es, den Deckel anzuheben. Von Hand mit warmem Wasser und Sp\u00fclmittel abwaschbar.<\/p>\n<p class=\"p3\">Boden aus Olivenholz.<\/p>\n<p>&nbsp;<\/p>\n<p class=\"p3\"><strong>F\u00fcr den Lebensmittelkontakt geeignet.<\/strong><\/p>\n<p>&nbsp;<\/p>\n<p class=\"p3\">Ein einfaches und zugleich praktisches Utensil: Aus echtem Olivenholz gefertigt, vereint es originelles Design mit Funktionalit\u00e4t. Perfekt, um der K\u00fcche oder dem Wohnbereich eine warme Note zu verleihen.<\/p>\n<p class=\"p3\">Das <strong>Olivenholz<\/strong> mit seiner nat\u00fcrlichen Maserung und den warmen, beruhigenden Farbt\u00f6nen macht jedes Brotschneidebrett zu einem <strong>Unikat<\/strong>. Ausschlie\u00dflich mit nat\u00fcrlichem \u00d6l behandelt \u2013 ohne Lacke oder chemische Substanzen \u2013 ganz im Sinne traditioneller Handwerkskunst und im Einklang mit der Umwelt.<\/p>\n<p class=\"p3\"><strong>Nachhaltig und authentisch<\/strong> \u2013 Olivenholz ist die bewusste Wahl f\u00fcr alle, die Sch\u00f6nheit, Benutzerfreundlichkeit, Natur und Handwerk lieben.<\/p>\n<h3 class=\"p1\"><b>Eine originelle Idee f\u00fcr ein umweltfreundliches Gastgeschenk<\/b><b><\/b><\/h3>\n<p class=\"p3\">Sein nat\u00fcrlicher Stil und die handwerkliche Verarbeitung machen es zu einer perfekten Geschenkidee f\u00fcr <em>Hochzeiten, Kommunionen oder besondere Anl\u00e4sse<\/em>.<\/p>\n<p class=\"p3\">Auf Wunsch fertigen wir auch <strong>personalisierte Gravuren<\/strong> an.<\/p>\n<p>&nbsp;<\/p>\n<p class=\"p3\"><span class=\"s1\"><b>Ma\u00dfe:<\/b><\/span> 32 \u00d7 19 \u00d7 3 cm<\/p>\n<h4 class=\"p1\"><b>Wichtiger Hinweis<\/b><b><\/b><\/h4>\n<p class=\"p3\"><em>Dieses Produkt wird in Handarbeit gefertigt: Kleine Unregelm\u00e4\u00dfigkeiten oder leichte Abweichungen sind nicht als M\u00e4ngel zu verstehen, sondern als Zeichen der Echtheit.<\/em><\/p>\n","protected":false},"excerpt":{"rendered":"<p>Die au\u00dfergew\u00f6hnliche H\u00e4rte des Olivenholzes erm\u00f6glicht es, ein Brotmesser mit Wellenschliff zu verwenden, ohne die Schneidefl\u00e4che zu besch\u00e4digen. Zum Entfernen der Kr\u00fcmel gen\u00fcgt es, den Deckel anzuheben. Von Hand mit warmem Wasser und Sp\u00fclmittel abwaschbar. Boden aus Olivenholz. &nbsp; F\u00fcr den Lebensmittelkontakt geeignet. &nbsp; Ein einfaches und zugleich praktisches Utensil: Aus echtem Olivenholz gefertigt, vereint&#8230;<\/p>\n","protected":false},"featured_media":7477,"template":"","meta":{"_acf_changed":false},"product_brand":[],"product_cat":[277,286],"product_tag":[],"class_list":{"0":"post-7476","1":"product","2":"type-product","3":"status-publish","4":"has-post-thumbnail","6":"product_cat-in-der-kueche","7":"product_cat-schneidbretter","9":"first","10":"instock","11":"taxable","12":"shipping-taxable","13":"purchasable","14":"product-type-simple"},"acf":[],"_links":{"self":[{"href":"https:\/\/www.dolivo.shop\/de\/wp-json\/wp\/v2\/product\/7476","targetHints":{"allow":["GET"]}}],"collection":[{"href":"https:\/\/www.dolivo.shop\/de\/wp-json\/wp\/v2\/product"}],"about":[{"href":"https:\/\/www.dolivo.shop\/de\/wp-json\/wp\/v2\/types\/product"}],"wp:featuredmedia":[{"embeddable":true,"href":"https:\/\/www.dolivo.shop\/de\/wp-json\/wp\/v2\/media\/7477"}],"wp:attachment":[{"href":"https:\/\/www.dolivo.shop\/de\/wp-json\/wp\/v2\/media?parent=7476"}],"wp:term":[{"taxonomy":"product_brand","embeddable":true,"href":"https:\/\/www.dolivo.shop\/de\/wp-json\/wp\/v2\/product_brand?post=7476"},{"taxonomy":"product_cat","embeddable":true,"href":"https:\/\/www.dolivo.shop\/de\/wp-json\/wp\/v2\/product_cat?post=7476"},{"taxonomy":"product_tag","embeddable":true,"href":"https:\/\/www.dolivo.shop\/de\/wp-json\/wp\/v2\/product_tag?post=7476"}],"curies":[{"name":"wp","href":"https:\/\/api.w.org\/{rel}","templated":true}]}}