{"id":7491,"date":"2021-06-24T15:58:33","date_gmt":"2021-06-24T14:58:33","guid":{"rendered":"https:\/\/www.dolivo.shop\/prodotto\/salami-schneidbrett\/"},"modified":"2025-08-14T15:32:48","modified_gmt":"2025-08-14T14:32:48","slug":"salami-schneidbrett","status":"publish","type":"product","link":"https:\/\/www.dolivo.shop\/de\/produkt\/salami-schneidbrett\/","title":{"rendered":"Salami Schneidebrett"},"content":{"rendered":"<p class=\"p2\">Speziell zum Schneiden von Wurstwaren und W\u00fcrstchen. Das mitgelieferte Zweizackmesser eignet sich perfekt zum Schneiden, Aufspie\u00dfen und Servieren der geschnittenen St\u00fccke. Nimmt keine Ger\u00fcche an und bildet keinen Schimmel. Von Hand mit warmem Wasser und Sp\u00fclmittel zu reinigen.<\/p>\n<p>&nbsp;<\/p>\n<p class=\"p2\"><strong>F\u00fcr den Lebensmittelkontakt geeignet.<\/strong><\/p>\n<p>&nbsp;<\/p>\n<p class=\"p2\">Ein einfaches und zugleich praktisches Utensil: Aus echtem Olivenholz gefertigt, vereint es originelles Design und Funktionalit\u00e4t. Perfekt, um der K\u00fcche oder dem Esszimmer eine warme Note zu verleihen.<\/p>\n<p class=\"p2\">Das <strong>Olivenholz<\/strong> mit seiner nat\u00fcrlichen Maserung und seinen warmen, beruhigenden Farbt\u00f6nen macht jedes Salamischneidebrett zu einem <strong>Unikat<\/strong>. Ausschlie\u00dflich mit nat\u00fcrlichem \u00d6l behandelt, ohne Lacke oder chemische Substanzen \u2013 ganz im Sinne der traditionellen Handwerkskunst und der Umwelt.<\/p>\n<p class=\"p2\"><strong>Nachhaltig und authentisch<\/strong> \u2013 Olivenholz ist eine bewusste Wahl f\u00fcr alle, die Sch\u00f6nheit, Funktionalit\u00e4t, Natur und Handarbeit sch\u00e4tzen.<\/p>\n<h3 class=\"p1\"><b>Eine originelle Idee f\u00fcr ein umweltfreundliches Gastgeschenk<\/b><b><\/b><\/h3>\n<p class=\"p2\">Sein nat\u00fcrlicher Stil und die handwerkliche Verarbeitung machen es zu einer perfekten Geschenkidee f\u00fcr <em>Hochzeiten, Kommunionen oder besondere Anl\u00e4sse<\/em>.<\/p>\n<p class=\"p2\">Auf Wunsch k\u00f6nnen wir individuelle Gravuren anfertigen.<\/p>\n<p>&nbsp;<\/p>\n<p class=\"p2\"><span class=\"s1\"><b>Ma\u00dfe:<\/b><\/span> 7 \u00d7 45 cm<\/p>\n<h4 class=\"p1\"><b>Wichtiger Hinweis<\/b><b><\/b><\/h4>\n<p class=\"p2\"><em>Handgefertigtes Produkt: Kleine Unregelm\u00e4\u00dfigkeiten oder leichte Abweichungen sind keine M\u00e4ngel, sondern ein Zeichen f\u00fcr die Echtheit des Produkts.<\/em><\/p>\n","protected":false},"excerpt":{"rendered":"<p>Speziell zum Schneiden von Wurstwaren und W\u00fcrstchen. Das mitgelieferte Zweizackmesser eignet sich perfekt zum Schneiden, Aufspie\u00dfen und Servieren der geschnittenen St\u00fccke. Nimmt keine Ger\u00fcche an und bildet keinen Schimmel. Von Hand mit warmem Wasser und Sp\u00fclmittel zu reinigen. &nbsp; F\u00fcr den Lebensmittelkontakt geeignet. &nbsp; Ein einfaches und zugleich praktisches Utensil: Aus echtem Olivenholz gefertigt, vereint&#8230;<\/p>\n","protected":false},"featured_media":7492,"template":"","meta":{"_acf_changed":false},"product_brand":[],"product_cat":[277,286],"product_tag":[],"class_list":{"0":"post-7491","1":"product","2":"type-product","3":"status-publish","4":"has-post-thumbnail","6":"product_cat-in-der-kueche","7":"product_cat-schneidbretter","9":"first","10":"instock","11":"taxable","12":"shipping-taxable","13":"purchasable","14":"product-type-simple"},"acf":[],"_links":{"self":[{"href":"https:\/\/www.dolivo.shop\/de\/wp-json\/wp\/v2\/product\/7491","targetHints":{"allow":["GET"]}}],"collection":[{"href":"https:\/\/www.dolivo.shop\/de\/wp-json\/wp\/v2\/product"}],"about":[{"href":"https:\/\/www.dolivo.shop\/de\/wp-json\/wp\/v2\/types\/product"}],"wp:featuredmedia":[{"embeddable":true,"href":"https:\/\/www.dolivo.shop\/de\/wp-json\/wp\/v2\/media\/7492"}],"wp:attachment":[{"href":"https:\/\/www.dolivo.shop\/de\/wp-json\/wp\/v2\/media?parent=7491"}],"wp:term":[{"taxonomy":"product_brand","embeddable":true,"href":"https:\/\/www.dolivo.shop\/de\/wp-json\/wp\/v2\/product_brand?post=7491"},{"taxonomy":"product_cat","embeddable":true,"href":"https:\/\/www.dolivo.shop\/de\/wp-json\/wp\/v2\/product_cat?post=7491"},{"taxonomy":"product_tag","embeddable":true,"href":"https:\/\/www.dolivo.shop\/de\/wp-json\/wp\/v2\/product_tag?post=7491"}],"curies":[{"name":"wp","href":"https:\/\/api.w.org\/{rel}","templated":true}]}}