{"id":7505,"date":"2021-06-24T15:58:19","date_gmt":"2021-06-24T14:58:19","guid":{"rendered":"https:\/\/www.dolivo.shop\/prodotto\/schneidbrett-mit-griff\/"},"modified":"2026-03-03T20:13:56","modified_gmt":"2026-03-03T19:13:56","slug":"schneidbrett-mit-griff","status":"publish","type":"product","link":"https:\/\/www.dolivo.shop\/de\/produkt\/schneidbrett-mit-griff\/","title":{"rendered":"Schneidebrett aus Oliven Holz mit Griff"},"content":{"rendered":"<p class=\"p3\">Ideal zum Schneiden und Servieren von Wurstwaren, K\u00e4se, Fleisch, Fisch, Obst, Gem\u00fcse und Schokolade \u2013 ohne dass das Messer die Oberfl\u00e4che besch\u00e4digt oder Kr\u00fcmel hinterl\u00e4sst. Besonders geeignet zum Servieren von Weichk\u00e4se (Olivenholz ist antihaftend). Nimmt keine Ger\u00fcche auf und verhindert die Bildung von Schimmel. Von Hand mit warmem Wasser und mildem Sp\u00fclmittel zu reinigen.<\/p>\n<p>&nbsp;<\/p>\n<p class=\"p3\"><strong>Lebensmittelecht und beidseitig verwendbar.<\/strong><\/p>\n<p>&nbsp;<\/p>\n<p class=\"p3\">Ein einfaches und zugleich n\u00fctzliches Utensil: Aus echtem Olivenholz gefertigt, vereint es originelles <strong>Design<\/strong> und <strong>Funktionalit\u00e4t<\/strong>. Perfekt, um Ihrer K\u00fcche oder dem Esszimmer eine warme, nat\u00fcrliche Note zu verleihen.<\/p>\n<p class=\"p3\">Das <strong>Olivenholz<\/strong>, mit seiner einzigartigen Maserung und den warmen, beruhigenden Farbt\u00f6nen, macht jedes Schneidebrett zu einem <strong>Unikat<\/strong>. Ausschlie\u00dflich mit nat\u00fcrlichem \u00d6l behandelt \u2013 ohne Lacke oder chemische Zus\u00e4tze \u2013 ganz im Einklang mit handwerklicher Tradition und Umweltbewusstsein.<\/p>\n<p class=\"p3\"><strong>Nachhaltig und authentisch<\/strong> ist Olivenholz die bewusste Wahl f\u00fcr alle, die Sch\u00f6nheit, praktische Handhabung, Natur und Handwerkskunst sch\u00e4tzen.<\/p>\n<h3 class=\"p1\"><b>Eine originelle Idee f\u00fcr ein umweltfreundliches Geschenk<\/b><b><\/b><\/h3>\n<p class=\"p3\">Der nat\u00fcrliche Stil und die handwerkliche Verarbeitung machen es zu einem perfekten Pr\u00e4sent f\u00fcr <em>Hochzeiten, Taufen oder besondere Anl\u00e4sse<\/em>.<\/p>\n<p class=\"p3\">Auf Wunsch fertigen wir <strong>individuelle Gravuren<\/strong> an.<\/p>\n<h4 class=\"p1\"><b>Wichtiger Hinweis<\/b><b><\/b><\/h4>\n<p class=\"p3\"><em>Handgefertigtes Produkt: Kleine Unregelm\u00e4\u00dfigkeiten oder leichte Abweichungen sind keine M\u00e4ngel, sondern ein Zeichen f\u00fcr die Echtheit und Einzigartigkeit des Artikels.<\/em><\/p>\n","protected":false},"excerpt":{"rendered":"<p>Ideal zum Schneiden und Servieren von Wurstwaren, K\u00e4se, Fleisch, Fisch, Obst, Gem\u00fcse und Schokolade \u2013 ohne dass das Messer die Oberfl\u00e4che besch\u00e4digt oder Kr\u00fcmel hinterl\u00e4sst. Besonders geeignet zum Servieren von Weichk\u00e4se (Olivenholz ist antihaftend). Nimmt keine Ger\u00fcche auf und verhindert die Bildung von Schimmel. Von Hand mit warmem Wasser und mildem Sp\u00fclmittel zu reinigen. &nbsp;&#8230;<\/p>\n","protected":false},"featured_media":7506,"template":"","meta":{"_acf_changed":false},"product_brand":[],"product_cat":[277,286],"product_tag":[],"class_list":{"0":"post-7505","1":"product","2":"type-product","3":"status-publish","4":"has-post-thumbnail","6":"product_cat-in-der-kueche","7":"product_cat-schneidbretter","9":"first","10":"instock","11":"taxable","12":"shipping-taxable","13":"purchasable","14":"product-type-variable"},"acf":[],"_links":{"self":[{"href":"https:\/\/www.dolivo.shop\/de\/wp-json\/wp\/v2\/product\/7505","targetHints":{"allow":["GET"]}}],"collection":[{"href":"https:\/\/www.dolivo.shop\/de\/wp-json\/wp\/v2\/product"}],"about":[{"href":"https:\/\/www.dolivo.shop\/de\/wp-json\/wp\/v2\/types\/product"}],"wp:featuredmedia":[{"embeddable":true,"href":"https:\/\/www.dolivo.shop\/de\/wp-json\/wp\/v2\/media\/7506"}],"wp:attachment":[{"href":"https:\/\/www.dolivo.shop\/de\/wp-json\/wp\/v2\/media?parent=7505"}],"wp:term":[{"taxonomy":"product_brand","embeddable":true,"href":"https:\/\/www.dolivo.shop\/de\/wp-json\/wp\/v2\/product_brand?post=7505"},{"taxonomy":"product_cat","embeddable":true,"href":"https:\/\/www.dolivo.shop\/de\/wp-json\/wp\/v2\/product_cat?post=7505"},{"taxonomy":"product_tag","embeddable":true,"href":"https:\/\/www.dolivo.shop\/de\/wp-json\/wp\/v2\/product_tag?post=7505"}],"curies":[{"name":"wp","href":"https:\/\/api.w.org\/{rel}","templated":true}]}}