{"id":7511,"date":"2021-06-24T15:58:18","date_gmt":"2021-06-24T14:58:18","guid":{"rendered":"https:\/\/www.dolivo.shop\/prodotto\/schneidbrett-chianina\/"},"modified":"2025-12-10T18:29:12","modified_gmt":"2025-12-10T17:29:12","slug":"schneidbrett-chianina","status":"publish","type":"product","link":"https:\/\/www.dolivo.shop\/de\/produkt\/schneidbrett-chianina\/","title":{"rendered":"Chianina Schneidebrett"},"content":{"rendered":"<p class=\"p3\">Dank der integrierten Saftrille ist dieses Schneidebrett speziell zum Filetieren von Fisch oder zum Tranchieren von Fleisch zum Servieren konzipiert. Es eignet sich zum Schneiden von allem \u2013 Gem\u00fcse, Wurstwaren, K\u00e4se, Fleisch, Fisch oder Schokolade \u2013 ohne dass das Messer die Oberfl\u00e4che besch\u00e4digt oder Splitter entstehen. Es nimmt keine Ger\u00fcche an und verhindert die Bildung von Schimmel. Von Hand mit warmem Wasser und Sp\u00fclmittel leicht zu reinigen.<\/p>\n<p>&nbsp;<\/p>\n<p class=\"p3\"><strong>Lebensmittelecht und beidseitig verwendbar.<\/strong><\/p>\n<p>&nbsp;<\/p>\n<p class=\"p3\">Ein einfaches und zugleich praktisches Utensil: Hergestellt aus echtem <strong>Olivenholz<\/strong>, verbindet es originelles <strong>Design<\/strong> mit hoher <strong>Funktionalit\u00e4t<\/strong>. Perfekt, um Ihrer K\u00fcche oder Ihrem Essbereich eine warme, nat\u00fcrliche Note zu verleihen.<\/p>\n<p class=\"p3\">Mit seiner einzigartigen Maserung und den warmen, beruhigenden Farbt\u00f6nen macht Olivenholz jedes Brett zu einem <strong>Unikat<\/strong>. Ausschlie\u00dflich mit nat\u00fcrlichem \u00d6l behandelt \u2013 ohne Lacke oder chemische Zus\u00e4tze \u2013 ganz im Sinne traditioneller Handwerkskunst und im Einklang mit der Umwelt.<\/p>\n<p class=\"p3\"><strong>Nachhaltig und authentisch<\/strong>: Olivenholz ist die bewusste Wahl f\u00fcr alle, die Sch\u00f6nheit, praktische Anwendung, Natur und Handarbeit sch\u00e4tzen.<\/p>\n<h3 class=\"p1\"><b>Eine originelle Idee f\u00fcr ein umweltfreundliches Geschenk<\/b><b><\/b><\/h3>\n<p class=\"p3\">Sein nat\u00fcrlicher Stil und die handwerkliche Verarbeitung machen es zu einem perfekten Geschenk f\u00fcr <em>Hochzeiten, Kommunionen oder besondere Anl\u00e4sse<\/em>.<\/p>\n<p class=\"p3\">Auf Wunsch fertigen wir auch <strong>individuelle Gravuren<\/strong> an.<\/p>\n<h4 class=\"p1\"><b>Wichtiger Hinweis<\/b><b><\/b><\/h4>\n<p class=\"p3\"><em>Handgefertigtes Produkt: Kleine Unregelm\u00e4\u00dfigkeiten oder leichte Abweichungen sind keine M\u00e4ngel, sondern ein Zeichen f\u00fcr die Echtheit und Einzigartigkeit des Produkts.<\/em><\/p>\n","protected":false},"excerpt":{"rendered":"<p>Dank der integrierten Saftrille ist dieses Schneidebrett speziell zum Filetieren von Fisch oder zum Tranchieren von Fleisch zum Servieren konzipiert. Es eignet sich zum Schneiden von allem \u2013 Gem\u00fcse, Wurstwaren, K\u00e4se, Fleisch, Fisch oder Schokolade \u2013 ohne dass das Messer die Oberfl\u00e4che besch\u00e4digt oder Splitter entstehen. Es nimmt keine Ger\u00fcche an und verhindert die Bildung&#8230;<\/p>\n","protected":false},"featured_media":7512,"template":"","meta":{"_acf_changed":false},"product_brand":[],"product_cat":[277,286],"product_tag":[],"class_list":{"0":"post-7511","1":"product","2":"type-product","3":"status-publish","4":"has-post-thumbnail","6":"product_cat-in-der-kueche","7":"product_cat-schneidbretter","9":"first","10":"instock","11":"taxable","12":"shipping-taxable","13":"purchasable","14":"product-type-variable"},"acf":[],"_links":{"self":[{"href":"https:\/\/www.dolivo.shop\/de\/wp-json\/wp\/v2\/product\/7511","targetHints":{"allow":["GET"]}}],"collection":[{"href":"https:\/\/www.dolivo.shop\/de\/wp-json\/wp\/v2\/product"}],"about":[{"href":"https:\/\/www.dolivo.shop\/de\/wp-json\/wp\/v2\/types\/product"}],"wp:featuredmedia":[{"embeddable":true,"href":"https:\/\/www.dolivo.shop\/de\/wp-json\/wp\/v2\/media\/7512"}],"wp:attachment":[{"href":"https:\/\/www.dolivo.shop\/de\/wp-json\/wp\/v2\/media?parent=7511"}],"wp:term":[{"taxonomy":"product_brand","embeddable":true,"href":"https:\/\/www.dolivo.shop\/de\/wp-json\/wp\/v2\/product_brand?post=7511"},{"taxonomy":"product_cat","embeddable":true,"href":"https:\/\/www.dolivo.shop\/de\/wp-json\/wp\/v2\/product_cat?post=7511"},{"taxonomy":"product_tag","embeddable":true,"href":"https:\/\/www.dolivo.shop\/de\/wp-json\/wp\/v2\/product_tag?post=7511"}],"curies":[{"name":"wp","href":"https:\/\/api.w.org\/{rel}","templated":true}]}}