{"id":7524,"date":"2021-06-24T15:58:17","date_gmt":"2021-06-24T14:58:17","guid":{"rendered":"https:\/\/www.dolivo.shop\/prodotto\/rechteckiges-schneidbrett\/"},"modified":"2025-08-14T14:18:31","modified_gmt":"2025-08-14T13:18:31","slug":"rechteckiges-schneidbrett","status":"publish","type":"product","link":"https:\/\/www.dolivo.shop\/de\/produkt\/rechteckiges-schneidbrett\/","title":{"rendered":"Rechteckiges Schneidebrett"},"content":{"rendered":"<p class=\"p3\">Ideal zum Schneiden und Servieren von Wurstwaren, K\u00e4se, Obst, Gem\u00fcse und Schokolade \u2013 ohne dass das Messer das Brett besch\u00e4digt oder Sp\u00e4ne l\u00f6st. Auch bestens geeignet zum Anrichten von Weichk\u00e4se (haftet nicht auf Olivenholz). Nimmt keine Ger\u00fcche auf und bildet keinen Schimmel. Leicht von Hand mit warmem Wasser und Sp\u00fclmittel zu reinigen.<\/p>\n<p>&nbsp;<\/p>\n<p class=\"p3\"><strong>Lebensmittelecht und beidseitig verwendbar.<\/strong><\/p>\n<p>&nbsp;<\/p>\n<p class=\"p3\">Ein schlichtes und zugleich praktisches Utensil: Gefertigt aus echtem <strong>Olivenholz<\/strong>, vereint es originelles <strong>Design<\/strong> und <strong>Funktionalit\u00e4t<\/strong>. Perfekt, um Ihrer K\u00fcche oder Ihrem Wohnraum eine warme, nat\u00fcrliche Note zu verleihen.<\/p>\n<p class=\"p3\">Mit seiner einzigartigen Maserung und den warmen, beruhigenden Farbt\u00f6nen ist jedes Brett ein <strong>Unikat<\/strong>. Ausschlie\u00dflich mit nat\u00fcrlichem \u00d6l behandelt \u2013 ohne Lacke oder Chemikalien \u2013 ganz im Sinne traditioneller Handwerkskunst und im Einklang mit der Natur.<\/p>\n<p class=\"p3\"><strong>Nachhaltig und authentisch<\/strong> \u2013 Olivenholz ist die bewusste Wahl f\u00fcr alle, die Sch\u00f6nheit, praktische Nutzbarkeit, Natur und Handwerk sch\u00e4tzen.<\/p>\n<h3 class=\"p1\"><b>Eine originelle Idee f\u00fcr ein umweltfreundliches Geschenk<\/b><b><\/b><\/h3>\n<p class=\"p3\">Sein nat\u00fcrlicher Stil und die handwerkliche Verarbeitung machen es zu einem perfekten Pr\u00e4sent f\u00fcr <em>Hochzeiten, Kommunionen oder besondere Anl\u00e4sse<\/em>.<\/p>\n<p class=\"p3\">Auf Wunsch fertigen wir auch <strong>individuelle Gravuren<\/strong> an.<\/p>\n<h4 class=\"p1\"><b>Wichtiger Hinweis<\/b><b><\/b><\/h4>\n<p class=\"p3\"><em>Handgefertigtes Produkt: Kleine Unregelm\u00e4\u00dfigkeiten oder leichte Abweichungen sind kein Mangel, sondern ein Zeichen f\u00fcr die Echtheit und den handwerklichen Charakter des Artikels.<\/em><\/p>\n","protected":false},"excerpt":{"rendered":"<p>Ideal zum Schneiden und Servieren von Wurstwaren, K\u00e4se, Obst, Gem\u00fcse und Schokolade \u2013 ohne dass das Messer das Brett besch\u00e4digt oder Sp\u00e4ne l\u00f6st. Auch bestens geeignet zum Anrichten von Weichk\u00e4se (haftet nicht auf Olivenholz). Nimmt keine Ger\u00fcche auf und bildet keinen Schimmel. Leicht von Hand mit warmem Wasser und Sp\u00fclmittel zu reinigen. &nbsp; Lebensmittelecht und&#8230;<\/p>\n","protected":false},"featured_media":11593,"template":"","meta":{"_acf_changed":false},"product_brand":[],"product_cat":[277,286],"product_tag":[],"class_list":{"0":"post-7524","1":"product","2":"type-product","3":"status-publish","4":"has-post-thumbnail","6":"product_cat-in-der-kueche","7":"product_cat-schneidbretter","9":"first","10":"instock","11":"taxable","12":"shipping-taxable","13":"purchasable","14":"product-type-variable"},"acf":[],"_links":{"self":[{"href":"https:\/\/www.dolivo.shop\/de\/wp-json\/wp\/v2\/product\/7524","targetHints":{"allow":["GET"]}}],"collection":[{"href":"https:\/\/www.dolivo.shop\/de\/wp-json\/wp\/v2\/product"}],"about":[{"href":"https:\/\/www.dolivo.shop\/de\/wp-json\/wp\/v2\/types\/product"}],"wp:featuredmedia":[{"embeddable":true,"href":"https:\/\/www.dolivo.shop\/de\/wp-json\/wp\/v2\/media\/11593"}],"wp:attachment":[{"href":"https:\/\/www.dolivo.shop\/de\/wp-json\/wp\/v2\/media?parent=7524"}],"wp:term":[{"taxonomy":"product_brand","embeddable":true,"href":"https:\/\/www.dolivo.shop\/de\/wp-json\/wp\/v2\/product_brand?post=7524"},{"taxonomy":"product_cat","embeddable":true,"href":"https:\/\/www.dolivo.shop\/de\/wp-json\/wp\/v2\/product_cat?post=7524"},{"taxonomy":"product_tag","embeddable":true,"href":"https:\/\/www.dolivo.shop\/de\/wp-json\/wp\/v2\/product_tag?post=7524"}],"curies":[{"name":"wp","href":"https:\/\/api.w.org\/{rel}","templated":true}]}}