{"id":7538,"date":"2021-06-24T15:58:17","date_gmt":"2021-06-24T14:58:17","guid":{"rendered":"https:\/\/www.dolivo.shop\/prodotto\/vorspeisen-schneidbrett\/"},"modified":"2025-12-01T17:41:53","modified_gmt":"2025-12-01T16:41:53","slug":"vorspeisen-schneidbrett","status":"publish","type":"product","link":"https:\/\/www.dolivo.shop\/de\/produkt\/vorspeisen-schneidbrett\/","title":{"rendered":"Antipasti Schneidebrett"},"content":{"rendered":"<p class=\"p3\">Ideal zum Schneiden und Servieren von Wurstwaren, K\u00e4se, Obst, Gem\u00fcse und Schokolade, ohne dass das Messer die Oberfl\u00e4che besch\u00e4digt oder zersplittert. Auch bestens geeignet als Fr\u00fchst\u00fccksbrett. Nimmt keine Ger\u00fcche an und bildet keinen Schimmel. Leicht von Hand mit warmem Wasser und Sp\u00fclmittel zu reinigen.<\/p>\n<p>&nbsp;<\/p>\n<p class=\"p3\"><strong>Lebensmittelecht und beidseitig verwendbar.<\/strong><\/p>\n<p>&nbsp;<\/p>\n<p class=\"p3\">Ein einfaches, aber \u00e4u\u00dferst praktisches Utensil: Hergestellt aus echtem Olivenholz, vereint es originelles <strong>Design<\/strong> mit <strong>Funktionalit\u00e4t<\/strong>. Perfekt, um Ihrer K\u00fcche oder Ihrem Wohnraum eine warme, nat\u00fcrliche Note zu verleihen.<\/p>\n<p class=\"p3\">Das <strong>Olivenholz<\/strong>, mit seiner einzigartigen Maserung und den warmen, beruhigenden Farbt\u00f6nen, macht jedes Brett zu einem <strong>Unikat<\/strong>. Ausschlie\u00dflich mit nat\u00fcrlichem \u00d6l behandelt \u2013 ganz ohne Lacke oder chemische Substanzen \u2013 und damit im Einklang mit handwerklicher Tradition und Umweltbewusstsein.<\/p>\n<p class=\"p3\"><strong>Nachhaltig und authentisch<\/strong>: Olivenholz ist die bewusste Wahl f\u00fcr alle, die Sch\u00f6nheit, praktische Anwendung, Natur und Handwerkskunst sch\u00e4tzen.<\/p>\n<h3 class=\"p1\"><b>Eine originelle Idee f\u00fcr ein umweltfreundliches Geschenk<\/b><b><\/b><\/h3>\n<p class=\"p3\">Sein nat\u00fcrlicher Stil und die handwerkliche Verarbeitung machen es zu einer idealen Geschenkidee f\u00fcr <em>Hochzeiten, Kommunionen oder andere besondere Anl\u00e4sse<\/em>.<\/p>\n<p class=\"p3\">Auf Wunsch fertigen wir auch <strong>personalisierte Gravuren<\/strong> an.<\/p>\n<h4 class=\"p1\"><b>Wichtiger Hinweis<\/b><b><\/b><\/h4>\n<p class=\"p3\"><em>Handgefertigtes Produkt: Kleine Unregelm\u00e4\u00dfigkeiten oder leichte Abweichungen sind kein Mangel, sondern ein Zeichen f\u00fcr die Echtheit und Individualit\u00e4t des Artikels.<\/em><\/p>\n","protected":false},"excerpt":{"rendered":"<p>Ideal zum Schneiden und Servieren von Wurstwaren, K\u00e4se, Obst, Gem\u00fcse und Schokolade, ohne dass das Messer die Oberfl\u00e4che besch\u00e4digt oder zersplittert. Auch bestens geeignet als Fr\u00fchst\u00fccksbrett. Nimmt keine Ger\u00fcche an und bildet keinen Schimmel. Leicht von Hand mit warmem Wasser und Sp\u00fclmittel zu reinigen. &nbsp; Lebensmittelecht und beidseitig verwendbar. &nbsp; Ein einfaches, aber \u00e4u\u00dferst praktisches&#8230;<\/p>\n","protected":false},"featured_media":7539,"template":"","meta":{"_acf_changed":false},"product_brand":[],"product_cat":[277,286],"product_tag":[],"class_list":{"0":"post-7538","1":"product","2":"type-product","3":"status-publish","4":"has-post-thumbnail","6":"product_cat-in-der-kueche","7":"product_cat-schneidbretter","9":"first","10":"instock","11":"sale","12":"taxable","13":"shipping-taxable","14":"purchasable","15":"product-type-variable"},"acf":[],"_links":{"self":[{"href":"https:\/\/www.dolivo.shop\/de\/wp-json\/wp\/v2\/product\/7538","targetHints":{"allow":["GET"]}}],"collection":[{"href":"https:\/\/www.dolivo.shop\/de\/wp-json\/wp\/v2\/product"}],"about":[{"href":"https:\/\/www.dolivo.shop\/de\/wp-json\/wp\/v2\/types\/product"}],"wp:featuredmedia":[{"embeddable":true,"href":"https:\/\/www.dolivo.shop\/de\/wp-json\/wp\/v2\/media\/7539"}],"wp:attachment":[{"href":"https:\/\/www.dolivo.shop\/de\/wp-json\/wp\/v2\/media?parent=7538"}],"wp:term":[{"taxonomy":"product_brand","embeddable":true,"href":"https:\/\/www.dolivo.shop\/de\/wp-json\/wp\/v2\/product_brand?post=7538"},{"taxonomy":"product_cat","embeddable":true,"href":"https:\/\/www.dolivo.shop\/de\/wp-json\/wp\/v2\/product_cat?post=7538"},{"taxonomy":"product_tag","embeddable":true,"href":"https:\/\/www.dolivo.shop\/de\/wp-json\/wp\/v2\/product_tag?post=7538"}],"curies":[{"name":"wp","href":"https:\/\/api.w.org\/{rel}","templated":true}]}}