{"id":7548,"date":"2021-06-24T15:58:16","date_gmt":"2021-06-24T14:58:16","guid":{"rendered":"https:\/\/www.dolivo.shop\/prodotto\/schneidbrett-artu\/"},"modified":"2025-08-14T14:13:16","modified_gmt":"2025-08-14T13:13:16","slug":"schneidbrett-artu","status":"publish","type":"product","link":"https:\/\/www.dolivo.shop\/de\/produkt\/schneidbrett-artu\/","title":{"rendered":"Schneidebrett \u201eArt\u00f9\u201c"},"content":{"rendered":"<p class=\"p3\">Ideal zum Schneiden und Servieren von Wurstwaren, K\u00e4se, Fleisch, Fisch, Obst, Gem\u00fcse oder Schokolade \u2013 ohne dass die Messerklinge das Brett besch\u00e4digt oder Sp\u00e4ne l\u00f6st. Besonders geeignet zum Anrichten von Weichk\u00e4se (haftet nicht auf Olivenholz). Nimmt keine Ger\u00fcche auf und bildet kein Schimmel. Leicht von Hand mit warmem Wasser und Sp\u00fclmittel zu reinigen.<\/p>\n<p>&nbsp;<\/p>\n<p class=\"p3\"><strong>Lebensmittelecht und beidseitig verwendbar.<\/strong><\/p>\n<p>&nbsp;<\/p>\n<p class=\"p3\">Ein schlichtes und zugleich praktisches Accessoire: Aus echtem Olivenholz gefertigt, vereint es originelles <strong>Design<\/strong> mit hoher <strong>Funktionalit\u00e4t<\/strong>. Perfekt, um der K\u00fcche oder dem Wohnraum eine warme, nat\u00fcrliche Note zu verleihen.<\/p>\n<p class=\"p3\">Mit seiner einzigartigen Maserung und den warmen, beruhigenden Farbt\u00f6nen ist jedes Brett ein <strong>Unikat<\/strong>. Ausschlie\u00dflich mit nat\u00fcrlichem \u00d6l behandelt \u2013 ohne Lacke oder chemische Zus\u00e4tze \u2013 im Einklang mit handwerklicher Tradition und Umwelt.<\/p>\n<p class=\"p3\"><strong>Nachhaltig und authentisch<\/strong> \u2013 Olivenholz ist eine bewusste Wahl f\u00fcr alle, die Sch\u00f6nheit, praktische Handhabung, Natur und Handarbeit sch\u00e4tzen.<\/p>\n<h3 class=\"p1\"><b>Eine originelle Idee f\u00fcr ein umweltfreundliches Geschenk<\/b><b><\/b><\/h3>\n<p class=\"p3\">Der nat\u00fcrliche Stil und die handwerkliche Verarbeitung machen es zu einem perfekten Pr\u00e4sent f\u00fcr <em>Hochzeiten, Kommunionen oder besondere Anl\u00e4sse<\/em>.<\/p>\n<p class=\"p3\">Auf Wunsch sind <strong>individuelle Gravuren<\/strong> m\u00f6glich.<\/p>\n<h4 class=\"p1\"><b>Wichtiger Hinweis<\/b><b><\/b><\/h4>\n<p class=\"p3\"><em>Handgefertigtes Produkt: Kleine Unregelm\u00e4\u00dfigkeiten oder leichte Abweichungen sind keine M\u00e4ngel, sondern ein Zeichen der Echtheit.<\/em><\/p>\n","protected":false},"excerpt":{"rendered":"<p>Ideal zum Schneiden und Servieren von Wurstwaren, K\u00e4se, Fleisch, Fisch, Obst, Gem\u00fcse oder Schokolade \u2013 ohne dass die Messerklinge das Brett besch\u00e4digt oder Sp\u00e4ne l\u00f6st. Besonders geeignet zum Anrichten von Weichk\u00e4se (haftet nicht auf Olivenholz). Nimmt keine Ger\u00fcche auf und bildet kein Schimmel. Leicht von Hand mit warmem Wasser und Sp\u00fclmittel zu reinigen. &nbsp; Lebensmittelecht&#8230;<\/p>\n","protected":false},"featured_media":7549,"template":"","meta":{"_acf_changed":false},"product_brand":[],"product_cat":[277,286],"product_tag":[],"class_list":{"0":"post-7548","1":"product","2":"type-product","3":"status-publish","4":"has-post-thumbnail","6":"product_cat-in-der-kueche","7":"product_cat-schneidbretter","9":"first","10":"instock","11":"taxable","12":"shipping-taxable","13":"purchasable","14":"product-type-variable"},"acf":[],"_links":{"self":[{"href":"https:\/\/www.dolivo.shop\/de\/wp-json\/wp\/v2\/product\/7548","targetHints":{"allow":["GET"]}}],"collection":[{"href":"https:\/\/www.dolivo.shop\/de\/wp-json\/wp\/v2\/product"}],"about":[{"href":"https:\/\/www.dolivo.shop\/de\/wp-json\/wp\/v2\/types\/product"}],"wp:featuredmedia":[{"embeddable":true,"href":"https:\/\/www.dolivo.shop\/de\/wp-json\/wp\/v2\/media\/7549"}],"wp:attachment":[{"href":"https:\/\/www.dolivo.shop\/de\/wp-json\/wp\/v2\/media?parent=7548"}],"wp:term":[{"taxonomy":"product_brand","embeddable":true,"href":"https:\/\/www.dolivo.shop\/de\/wp-json\/wp\/v2\/product_brand?post=7548"},{"taxonomy":"product_cat","embeddable":true,"href":"https:\/\/www.dolivo.shop\/de\/wp-json\/wp\/v2\/product_cat?post=7548"},{"taxonomy":"product_tag","embeddable":true,"href":"https:\/\/www.dolivo.shop\/de\/wp-json\/wp\/v2\/product_tag?post=7548"}],"curies":[{"name":"wp","href":"https:\/\/api.w.org\/{rel}","templated":true}]}}