{"id":7555,"date":"2021-06-24T15:58:15","date_gmt":"2021-06-24T14:58:15","guid":{"rendered":"https:\/\/www.dolivo.shop\/prodotto\/schneidbrett-toskana\/"},"modified":"2025-11-27T18:07:14","modified_gmt":"2025-11-27T17:07:14","slug":"schneidbrett-toskana","status":"publish","type":"product","link":"https:\/\/www.dolivo.shop\/de\/produkt\/schneidbrett-toskana\/","title":{"rendered":"Toskanisches Schneidebrett"},"content":{"rendered":"<p class=\"p3\">Ideal zum Schneiden und Servieren von Wurst, K\u00e4se, Fleisch, Fisch, Obst, Gem\u00fcse oder Schokolade \u2013 ohne dass das Messer die Oberfl\u00e4che besch\u00e4digt oder Splitter erzeugt. Auch perfekt geeignet zum Servieren von Weichk\u00e4se (haftet nicht auf Olivenholz). Nimmt keine Ger\u00fcche auf und bildet keinen Schimmel. Von Hand mit warmem Wasser und Sp\u00fclmittel abwaschbar.<\/p>\n<p>&nbsp;<\/p>\n<p class=\"p3\"><strong>Lebensmittelecht und beidseitig verwendbar.<\/strong><\/p>\n<p>&nbsp;<\/p>\n<p class=\"p3\">Ein einfaches und zugleich \u00e4u\u00dferst praktisches Utensil: Gefertigt aus echtem <strong>Olivenholz<\/strong> verbindet es originelles Design mit hoher Funktionalit\u00e4t. Ideal, um der K\u00fcche oder dem Essbereich eine warme, nat\u00fcrliche Note zu verleihen.<\/p>\n<p class=\"p3\">Die nat\u00fcrlichen Maserungen und warmen, beruhigenden Farbt\u00f6ne des Olivenholzes machen jedes Brett zu einem <strong>Unikat<\/strong>. Ausschlie\u00dflich mit nat\u00fcrlichem \u00d6l behandelt \u2013 ohne Lacke oder chemische Zus\u00e4tze \u2013 in voller Achtung traditioneller Handwerkskunst und der Umwelt.<\/p>\n<p class=\"p3\"><strong>Nachhaltig und authentisch<\/strong> \u2013 Olivenholz ist eine bewusste Wahl f\u00fcr alle, die Sch\u00f6nheit, praktische Anwendung, Natur und Handarbeit sch\u00e4tzen.<\/p>\n<h3 class=\"p1\"><b>Eine originelle Idee f\u00fcr ein umweltfreundliches Gastgeschenk<\/b><b><\/b><\/h3>\n<p class=\"p3\">Sein nat\u00fcrlicher Stil und die handwerkliche Verarbeitung machen es zu einem perfekten Pr\u00e4sent f\u00fcr <em>Hochzeiten, Kommunionen oder besondere Anl\u00e4sse<\/em>.<\/p>\n<p class=\"p3\">Auf Wunsch sind <strong>individuelle Gravuren<\/strong> m\u00f6glich.<\/p>\n<h4 class=\"p1\"><b>Wichtiger Hinweis<\/b><b><\/b><\/h4>\n<p class=\"p3\"><em>Dieses Produkt wird in Handarbeit hergestellt: Kleine Unregelm\u00e4\u00dfigkeiten oder leichte Abweichungen sind keine M\u00e4ngel, sondern ein Zeichen f\u00fcr die Echtheit des Artikels.<\/em><\/p>\n","protected":false},"excerpt":{"rendered":"<p>Ideal zum Schneiden und Servieren von Wurst, K\u00e4se, Fleisch, Fisch, Obst, Gem\u00fcse oder Schokolade \u2013 ohne dass das Messer die Oberfl\u00e4che besch\u00e4digt oder Splitter erzeugt. Auch perfekt geeignet zum Servieren von Weichk\u00e4se (haftet nicht auf Olivenholz). Nimmt keine Ger\u00fcche auf und bildet keinen Schimmel. Von Hand mit warmem Wasser und Sp\u00fclmittel abwaschbar. &nbsp; Lebensmittelecht und&#8230;<\/p>\n","protected":false},"featured_media":7556,"template":"","meta":{"_acf_changed":false},"product_brand":[],"product_cat":[277,286],"product_tag":[],"class_list":{"0":"post-7555","1":"product","2":"type-product","3":"status-publish","4":"has-post-thumbnail","6":"product_cat-in-der-kueche","7":"product_cat-schneidbretter","9":"first","10":"instock","11":"sale","12":"taxable","13":"shipping-taxable","14":"purchasable","15":"product-type-variable"},"acf":[],"_links":{"self":[{"href":"https:\/\/www.dolivo.shop\/de\/wp-json\/wp\/v2\/product\/7555","targetHints":{"allow":["GET"]}}],"collection":[{"href":"https:\/\/www.dolivo.shop\/de\/wp-json\/wp\/v2\/product"}],"about":[{"href":"https:\/\/www.dolivo.shop\/de\/wp-json\/wp\/v2\/types\/product"}],"wp:featuredmedia":[{"embeddable":true,"href":"https:\/\/www.dolivo.shop\/de\/wp-json\/wp\/v2\/media\/7556"}],"wp:attachment":[{"href":"https:\/\/www.dolivo.shop\/de\/wp-json\/wp\/v2\/media?parent=7555"}],"wp:term":[{"taxonomy":"product_brand","embeddable":true,"href":"https:\/\/www.dolivo.shop\/de\/wp-json\/wp\/v2\/product_brand?post=7555"},{"taxonomy":"product_cat","embeddable":true,"href":"https:\/\/www.dolivo.shop\/de\/wp-json\/wp\/v2\/product_cat?post=7555"},{"taxonomy":"product_tag","embeddable":true,"href":"https:\/\/www.dolivo.shop\/de\/wp-json\/wp\/v2\/product_tag?post=7555"}],"curies":[{"name":"wp","href":"https:\/\/api.w.org\/{rel}","templated":true}]}}