{"id":7562,"date":"2021-06-24T15:58:14","date_gmt":"2021-06-24T14:58:14","guid":{"rendered":"https:\/\/www.dolivo.shop\/prodotto\/rustikales-schneidbrett-ohne-griff\/"},"modified":"2025-12-16T21:23:11","modified_gmt":"2025-12-16T20:23:11","slug":"rustikales-schneidbrett-ohne-griff","status":"publish","type":"product","link":"https:\/\/www.dolivo.shop\/de\/produkt\/rustikales-schneidbrett-ohne-griff\/","title":{"rendered":"Rustikales Schneidebrett ohne Griff"},"content":{"rendered":"<p class=\"p3\">Je nach Gr\u00f6\u00dfe eignet es sich ideal zum Schneiden und Servieren von Gem\u00fcse, Wurstwaren, K\u00e4se, Obst oder Schokolade \u2013 ohne dass das Messer die Oberfl\u00e4che besch\u00e4digt oder Splitter entstehen. Besonders empfohlen zum Servieren von Weichk\u00e4se (haftet nicht am Olivenholz). Nimmt keine Ger\u00fcche an und bildet kein Schimmel. Leicht von Hand mit warmem Wasser und mildem Sp\u00fclmittel zu reinigen.<\/p>\n<p>&nbsp;<\/p>\n<p class=\"p3\"><strong>Lebensmittelecht und beidseitig verwendbar.<\/strong><\/p>\n<p>&nbsp;<\/p>\n<p class=\"p3\">Ein einfaches und zugleich \u00e4u\u00dferst praktisches Accessoire: Aus echtem Olivenholz gefertigt, verbindet es originelles <strong>Design<\/strong> mit hoher <strong>Funktionalit\u00e4t<\/strong>. Perfekt, um der K\u00fcche oder dem Wohnbereich eine warme, nat\u00fcrliche Note zu verleihen.<\/p>\n<p class=\"p3\">Die nat\u00fcrlichen Maserungen und warmen, beruhigenden Farbt\u00f6ne des <strong>Olivenholzes<\/strong> machen jedes Brett zu einem Unikat. Ausschlie\u00dflich mit nat\u00fcrlichem \u00d6l behandelt \u2013 ohne Lacke oder chemische Zus\u00e4tze \u2013 in voller Achtung traditioneller Handwerkskunst und der Umwelt.<\/p>\n<p class=\"p3\"><strong>Nachhaltig und authentisch<\/strong> \u2013 Olivenholz ist eine bewusste Wahl f\u00fcr alle, die Sch\u00f6nheit, Alltagstauglichkeit, Natur und Handwerk sch\u00e4tzen.<\/p>\n<h3 class=\"p1\"><b>Eine originelle Idee f\u00fcr ein umweltfreundliches Gastgeschenk<\/b><b><\/b><\/h3>\n<p class=\"p3\">Sein nat\u00fcrlicher Stil und die handwerkliche Verarbeitung machen es zu einem perfekten Geschenk f\u00fcr <em>Hochzeiten, Kommunionen oder andere besondere Anl\u00e4sse<\/em>.<\/p>\n<p class=\"p3\">Auf Wunsch sind <strong>individuelle Gravuren<\/strong> m\u00f6glich.<\/p>\n<h4 class=\"p1\"><b>Wichtiger Hinweis<\/b><b><\/b><\/h4>\n<p class=\"p3\"><em>Handgefertigtes Produkt: Kleine Unregelm\u00e4\u00dfigkeiten oder leichte Abweichungen sind keine M\u00e4ngel, sondern ein Zeichen f\u00fcr die Echtheit des Artikels.<\/em><\/p>\n","protected":false},"excerpt":{"rendered":"<p>Je nach Gr\u00f6\u00dfe eignet es sich ideal zum Schneiden und Servieren von Gem\u00fcse, Wurstwaren, K\u00e4se, Obst oder Schokolade \u2013 ohne dass das Messer die Oberfl\u00e4che besch\u00e4digt oder Splitter entstehen. Besonders empfohlen zum Servieren von Weichk\u00e4se (haftet nicht am Olivenholz). Nimmt keine Ger\u00fcche an und bildet kein Schimmel. Leicht von Hand mit warmem Wasser und mildem&#8230;<\/p>\n","protected":false},"featured_media":7563,"template":"","meta":{"_acf_changed":false},"product_brand":[],"product_cat":[277,286],"product_tag":[],"class_list":{"0":"post-7562","1":"product","2":"type-product","3":"status-publish","4":"has-post-thumbnail","6":"product_cat-in-der-kueche","7":"product_cat-schneidbretter","9":"first","10":"instock","11":"taxable","12":"shipping-taxable","13":"purchasable","14":"product-type-variable","15":"has-default-attributes"},"acf":[],"_links":{"self":[{"href":"https:\/\/www.dolivo.shop\/de\/wp-json\/wp\/v2\/product\/7562","targetHints":{"allow":["GET"]}}],"collection":[{"href":"https:\/\/www.dolivo.shop\/de\/wp-json\/wp\/v2\/product"}],"about":[{"href":"https:\/\/www.dolivo.shop\/de\/wp-json\/wp\/v2\/types\/product"}],"wp:featuredmedia":[{"embeddable":true,"href":"https:\/\/www.dolivo.shop\/de\/wp-json\/wp\/v2\/media\/7563"}],"wp:attachment":[{"href":"https:\/\/www.dolivo.shop\/de\/wp-json\/wp\/v2\/media?parent=7562"}],"wp:term":[{"taxonomy":"product_brand","embeddable":true,"href":"https:\/\/www.dolivo.shop\/de\/wp-json\/wp\/v2\/product_brand?post=7562"},{"taxonomy":"product_cat","embeddable":true,"href":"https:\/\/www.dolivo.shop\/de\/wp-json\/wp\/v2\/product_cat?post=7562"},{"taxonomy":"product_tag","embeddable":true,"href":"https:\/\/www.dolivo.shop\/de\/wp-json\/wp\/v2\/product_tag?post=7562"}],"curies":[{"name":"wp","href":"https:\/\/api.w.org\/{rel}","templated":true}]}}