{"id":7578,"date":"2021-06-24T15:57:59","date_gmt":"2021-06-24T14:57:59","guid":{"rendered":"https:\/\/www.dolivo.shop\/prodotto\/unregelmasiges-rustikales-schneidbrett\/"},"modified":"2026-03-06T13:46:04","modified_gmt":"2026-03-06T12:46:04","slug":"unregelmasiges-rustikales-schneidbrett","status":"publish","type":"product","link":"https:\/\/www.dolivo.shop\/de\/produkt\/unregelmasiges-rustikales-schneidbrett\/","title":{"rendered":"Rustikales, unregelm\u00e4\u00dfiges Schneidebrett"},"content":{"rendered":"<p class=\"p3\">Ideal zum Schneiden und Servieren von Wurstwaren, K\u00e4se, Fleisch, Fisch, Obst, Gem\u00fcse und Schokolade \u2013 ohne dass das Messer die Oberfl\u00e4che besch\u00e4digt oder sie zerkr\u00fcmelt. Auch bestens geeignet zum Anrichten von Weichk\u00e4se (Olivenholz ist nicht haftend). Nimmt keine Ger\u00fcche an und bildet keinen Schimmel. Kann von Hand mit warmem Wasser und mildem Sp\u00fclmittel gereinigt werden.<\/p>\n<p>&nbsp;<\/p>\n<p class=\"p3\"><strong>Lebensmittelecht und beidseitig verwendbar.<\/strong><\/p>\n<p>&nbsp;<\/p>\n<p class=\"p3\">Ein einfaches und zugleich praktisches Objekt: Gefertigt aus echtem Olivenholz, vereint es originelles Design mit hoher Funktionalit\u00e4t. Perfekt, um der K\u00fcche oder dem Wohnbereich eine warme, nat\u00fcrliche Note zu verleihen.<\/p>\n<p class=\"p3\">Das <strong>Olivenholz<\/strong>, mit seiner einzigartigen Maserung und den warmen, beruhigenden Farbt\u00f6nen, macht jedes Schneidebrett zu einem <strong>Unikat<\/strong>. Ausschlie\u00dflich mit nat\u00fcrlichem \u00d6l behandelt \u2013 ohne Lacke oder chemische Substanzen \u2013 ganz im Sinne traditioneller Handwerkskunst und des Umweltschutzes.<\/p>\n<p class=\"p3\"><strong>Nachhaltig und authentisch<\/strong>: Olivenholz ist die bewusste Wahl f\u00fcr alle, die Sch\u00f6nheit, praktische Handhabung, Natur und Handarbeit sch\u00e4tzen.<\/p>\n<h2 class=\"p1\">Eine originelle Idee f\u00fcr ein umweltfreundliches Gastgeschenk<b><\/b><\/h2>\n<p class=\"p3\">Sein nat\u00fcrlicher Stil und die handwerkliche Fertigung machen es zu einer perfekten Geschenkidee f\u00fcr <em>Hochzeiten, Kommunionen oder besondere Anl\u00e4sse<\/em>.<\/p>\n<p class=\"p3\">Auf Wunsch k\u00f6nnen wir individuelle Gravuren anfertigen.<\/p>\n<h2 class=\"p1\">Wichtiger Hinweis<b><\/b><\/h2>\n<p class=\"p3\"><em>Handgefertigtes Produkt: Kleine Unregelm\u00e4\u00dfigkeiten oder leichte Abweichungen sind kein Mangel, sondern ein Zeichen f\u00fcr die Echtheit des Artikels.<\/em><\/p>\n","protected":false},"excerpt":{"rendered":"<p>Ideal zum Schneiden und Servieren von Wurstwaren, K\u00e4se, Fleisch, Fisch, Obst, Gem\u00fcse und Schokolade \u2013 ohne dass das Messer die Oberfl\u00e4che besch\u00e4digt oder sie zerkr\u00fcmelt. Auch bestens geeignet zum Anrichten von Weichk\u00e4se (Olivenholz ist nicht haftend). Nimmt keine Ger\u00fcche an und bildet keinen Schimmel. Kann von Hand mit warmem Wasser und mildem Sp\u00fclmittel gereinigt werden&#8230;.<\/p>\n","protected":false},"featured_media":7579,"template":"","meta":{"_acf_changed":false},"product_brand":[],"product_cat":[277,286],"product_tag":[],"class_list":{"0":"post-7578","1":"product","2":"type-product","3":"status-publish","4":"has-post-thumbnail","6":"product_cat-in-der-kueche","7":"product_cat-schneidbretter","9":"first","10":"instock","11":"taxable","12":"shipping-taxable","13":"purchasable","14":"product-type-variable"},"acf":[],"_links":{"self":[{"href":"https:\/\/www.dolivo.shop\/de\/wp-json\/wp\/v2\/product\/7578","targetHints":{"allow":["GET"]}}],"collection":[{"href":"https:\/\/www.dolivo.shop\/de\/wp-json\/wp\/v2\/product"}],"about":[{"href":"https:\/\/www.dolivo.shop\/de\/wp-json\/wp\/v2\/types\/product"}],"wp:featuredmedia":[{"embeddable":true,"href":"https:\/\/www.dolivo.shop\/de\/wp-json\/wp\/v2\/media\/7579"}],"wp:attachment":[{"href":"https:\/\/www.dolivo.shop\/de\/wp-json\/wp\/v2\/media?parent=7578"}],"wp:term":[{"taxonomy":"product_brand","embeddable":true,"href":"https:\/\/www.dolivo.shop\/de\/wp-json\/wp\/v2\/product_brand?post=7578"},{"taxonomy":"product_cat","embeddable":true,"href":"https:\/\/www.dolivo.shop\/de\/wp-json\/wp\/v2\/product_cat?post=7578"},{"taxonomy":"product_tag","embeddable":true,"href":"https:\/\/www.dolivo.shop\/de\/wp-json\/wp\/v2\/product_tag?post=7578"}],"curies":[{"name":"wp","href":"https:\/\/api.w.org\/{rel}","templated":true}]}}