{"id":7592,"date":"2021-06-24T15:57:59","date_gmt":"2021-06-24T14:57:59","guid":{"rendered":"https:\/\/www.dolivo.shop\/prodotto\/schneidbrett-kostproben\/"},"modified":"2026-05-05T04:44:37","modified_gmt":"2026-05-05T03:44:37","slug":"schneidbrett-kostproben","status":"publish","type":"product","link":"https:\/\/www.dolivo.shop\/de\/produkt\/schneidbrett-kostproben\/","title":{"rendered":"Verkostungsbrett aus Oliven Holz"},"content":{"rendered":"<p class=\"p3\">Ideal zum Schneiden und Servieren von Wurst, K\u00e4se, Obst und Schokolade \u2013 ohne dass das Messer das Brett besch\u00e4digt oder Sp\u00e4ne abl\u00f6st. Auch bestens geeignet f\u00fcr weiche K\u00e4sesorten (sie haften nicht am Olivenholz). Nimmt keine Ger\u00fcche auf und bildet keinen Schimmel. Leicht von Hand mit warmem Wasser und Sp\u00fclmittel zu reinigen.<\/p>\n<p>&nbsp;<\/p>\n<p class=\"p3\"><strong>Lebensmittelecht.<\/strong><\/p>\n<p>&nbsp;<\/p>\n<p class=\"p3\">Das mitgelieferte zweizinkige Messer eignet sich perfekt zum Schneiden, Aufspie\u00dfen und Verkosten.<\/p>\n<p class=\"p3\">Ein schlichtes und zugleich praktisches Accessoire: Aus echtem Olivenholz gefertigt, verbindet es originelles Design mit Funktionalit\u00e4t. Ideal, um der K\u00fcche oder dem Essbereich eine warme, nat\u00fcrliche Note zu verleihen.<\/p>\n<p class=\"p3\">Das <strong>Olivenholz<\/strong>, mit seiner einzigartigen Maserung und den warmen, beruhigenden Farbt\u00f6nen, macht jedes Brett zu einem <strong>Unikat<\/strong>. Ausschlie\u00dflich mit nat\u00fcrlichem \u00d6l behandelt \u2013 ohne Lacke oder Chemikalien \u2013 ganz im Sinne traditioneller Handwerkskunst und des Umweltschutzes.<\/p>\n<p class=\"p3\"><strong>Nachhaltig und authentisch<\/strong>: Olivenholz ist eine bewusste Wahl f\u00fcr alle, die Sch\u00f6nheit, praktische Nutzung, Natur und Handarbeit sch\u00e4tzen.<\/p>\n<h2 class=\"p1\">Eine originelle Idee f\u00fcr ein umweltfreundliches Geschenk<b><\/b><\/h2>\n<p class=\"p3\">Sein nat\u00fcrlicher Stil und die handwerkliche Verarbeitung machen es zu einem perfekten Pr\u00e4sent f\u00fcr <em>Hochzeiten, Kommunionen oder besondere Anl\u00e4sse<\/em>.<\/p>\n<p class=\"p3\">Auf Wunsch fertigen wir auch <strong>individuelle Gravuren<\/strong> an.<\/p>\n<h3 class=\"p1\">Wichtiger Hinweis<b><\/b><\/h3>\n<p class=\"p3\"><em>Dieses Produkt ist handgefertigt: Kleine Unregelm\u00e4\u00dfigkeiten oder leichte Abweichungen sind kein Mangel, sondern ein Zeichen f\u00fcr die Echtheit des Artikels.<\/em><\/p>\n","protected":false},"excerpt":{"rendered":"<p>Ideal zum Schneiden und Servieren von Wurst, K\u00e4se, Obst und Schokolade \u2013 ohne dass das Messer das Brett besch\u00e4digt oder Sp\u00e4ne abl\u00f6st. Auch bestens geeignet f\u00fcr weiche K\u00e4sesorten (sie haften nicht am Olivenholz). Nimmt keine Ger\u00fcche auf und bildet keinen Schimmel. Leicht von Hand mit warmem Wasser und Sp\u00fclmittel zu reinigen. &nbsp; Lebensmittelecht. &nbsp; Das&#8230;<\/p>\n","protected":false},"featured_media":7593,"template":"","meta":{"_acf_changed":false},"product_brand":[],"product_cat":[277,286],"product_tag":[],"class_list":{"0":"post-7592","1":"product","2":"type-product","3":"status-publish","4":"has-post-thumbnail","6":"product_cat-in-der-kueche","7":"product_cat-schneidbretter","9":"first","10":"instock","11":"sale","12":"taxable","13":"shipping-taxable","14":"purchasable","15":"product-type-variable"},"acf":[],"_links":{"self":[{"href":"https:\/\/www.dolivo.shop\/de\/wp-json\/wp\/v2\/product\/7592","targetHints":{"allow":["GET"]}}],"collection":[{"href":"https:\/\/www.dolivo.shop\/de\/wp-json\/wp\/v2\/product"}],"about":[{"href":"https:\/\/www.dolivo.shop\/de\/wp-json\/wp\/v2\/types\/product"}],"wp:featuredmedia":[{"embeddable":true,"href":"https:\/\/www.dolivo.shop\/de\/wp-json\/wp\/v2\/media\/7593"}],"wp:attachment":[{"href":"https:\/\/www.dolivo.shop\/de\/wp-json\/wp\/v2\/media?parent=7592"}],"wp:term":[{"taxonomy":"product_brand","embeddable":true,"href":"https:\/\/www.dolivo.shop\/de\/wp-json\/wp\/v2\/product_brand?post=7592"},{"taxonomy":"product_cat","embeddable":true,"href":"https:\/\/www.dolivo.shop\/de\/wp-json\/wp\/v2\/product_cat?post=7592"},{"taxonomy":"product_tag","embeddable":true,"href":"https:\/\/www.dolivo.shop\/de\/wp-json\/wp\/v2\/product_tag?post=7592"}],"curies":[{"name":"wp","href":"https:\/\/api.w.org\/{rel}","templated":true}]}}