{"id":7601,"date":"2021-06-24T15:57:16","date_gmt":"2021-06-24T14:57:16","guid":{"rendered":"https:\/\/www.dolivo.shop\/prodotto\/rustikales-brettchen\/"},"modified":"2025-11-27T18:07:12","modified_gmt":"2025-11-27T17:07:12","slug":"rustikales-brettchen","status":"publish","type":"product","link":"https:\/\/www.dolivo.shop\/de\/produkt\/rustikales-brettchen\/","title":{"rendered":"&#8222;Rustikale Scheibe&#8220;  Kleines Schneidebrett"},"content":{"rendered":"<p class=\"p3\">Ideal als Butterbrett, Fr\u00fchst\u00fccksbrett oder zum Servieren kleiner Aufschnitte und K\u00e4sesorten. Beim Schneiden splittert oder zerfurcht es nicht. Es nimmt keine Ger\u00fcche an und bildet keinen Schimmel. Von Hand mit warmem Wasser und Sp\u00fclmittel abwaschbar.<\/p>\n<p>&nbsp;<\/p>\n<p class=\"p3\"><strong>Lebensmittelecht und beidseitig verwendbar.<\/strong><\/p>\n<p>&nbsp;<\/p>\n<p class=\"p3\">Ein einfaches und zugleich praktisches St\u00fcck: Aus echtem Olivenholz gefertigt, vereint es originelles Design und Funktionalit\u00e4t. Perfekt, um der K\u00fcche oder dem Wohnzimmer eine warme, nat\u00fcrliche Note zu verleihen.<\/p>\n<p class=\"p3\">Das <strong>Olivenholz<\/strong>, mit seiner einzigartigen Maserung und den warmen, beruhigenden Farbt\u00f6nen, macht jedes Brett zu einem <strong>Unikat<\/strong>. Ausschlie\u00dflich mit nat\u00fcrlichem \u00d6l behandelt \u2013 ohne Lacke oder chemische Zus\u00e4tze \u2013 in voller Achtung der handwerklichen Tradition und der Umwelt.<\/p>\n<p class=\"p3\"><strong>Nachhaltig und authentisch<\/strong> \u2013 Olivenholz ist eine bewusste Wahl f\u00fcr alle, die Sch\u00f6nheit, praktische Handhabung, Natur und Handwerkskunst sch\u00e4tzen.<\/p>\n<h3 class=\"p1\"><b>Eine originelle, umweltfreundliche Geschenkidee<\/b><b><\/b><\/h3>\n<p class=\"p3\">Sein nat\u00fcrlicher Stil und die handwerkliche Verarbeitung machen es zu einem perfekten Pr\u00e4sent f\u00fcr <em>Hochzeiten, Kommunionen oder besondere Anl\u00e4sse<\/em>.<\/p>\n<p class=\"p3\">Auf Wunsch fertigen wir auch <strong>individuelle Gravuren<\/strong> an.<\/p>\n<p>&nbsp;<\/p>\n<p class=\"p3\"><span class=\"s1\"><b>Ma\u00dfe:<\/b><\/span> ca. 12-14 \u00d7 22 cm.<\/p>\n<h4 class=\"p1\"><b>Wichtiger Hinweis<\/b><b><\/b><\/h4>\n<p class=\"p3\"><em>Handgefertigtes Produkt: Kleine Unregelm\u00e4\u00dfigkeiten oder leichte Abweichungen sind keine M\u00e4ngel, sondern Zeichen der Echtheit.<\/em><\/p>\n","protected":false},"excerpt":{"rendered":"<p>Ideal als Butterbrett, Fr\u00fchst\u00fccksbrett oder zum Servieren kleiner Aufschnitte und K\u00e4sesorten. Beim Schneiden splittert oder zerfurcht es nicht. Es nimmt keine Ger\u00fcche an und bildet keinen Schimmel. Von Hand mit warmem Wasser und Sp\u00fclmittel abwaschbar. &nbsp; Lebensmittelecht und beidseitig verwendbar. &nbsp; Ein einfaches und zugleich praktisches St\u00fcck: Aus echtem Olivenholz gefertigt, vereint es originelles Design&#8230;<\/p>\n","protected":false},"featured_media":12512,"template":"","meta":{"_acf_changed":false},"product_brand":[],"product_cat":[277,286],"product_tag":[],"class_list":{"0":"post-7601","1":"product","2":"type-product","3":"status-publish","4":"has-post-thumbnail","6":"product_cat-in-der-kueche","7":"product_cat-schneidbretter","9":"first","10":"instock","11":"taxable","12":"shipping-taxable","13":"purchasable","14":"product-type-simple"},"acf":[],"_links":{"self":[{"href":"https:\/\/www.dolivo.shop\/de\/wp-json\/wp\/v2\/product\/7601","targetHints":{"allow":["GET"]}}],"collection":[{"href":"https:\/\/www.dolivo.shop\/de\/wp-json\/wp\/v2\/product"}],"about":[{"href":"https:\/\/www.dolivo.shop\/de\/wp-json\/wp\/v2\/types\/product"}],"wp:featuredmedia":[{"embeddable":true,"href":"https:\/\/www.dolivo.shop\/de\/wp-json\/wp\/v2\/media\/12512"}],"wp:attachment":[{"href":"https:\/\/www.dolivo.shop\/de\/wp-json\/wp\/v2\/media?parent=7601"}],"wp:term":[{"taxonomy":"product_brand","embeddable":true,"href":"https:\/\/www.dolivo.shop\/de\/wp-json\/wp\/v2\/product_brand?post=7601"},{"taxonomy":"product_cat","embeddable":true,"href":"https:\/\/www.dolivo.shop\/de\/wp-json\/wp\/v2\/product_cat?post=7601"},{"taxonomy":"product_tag","embeddable":true,"href":"https:\/\/www.dolivo.shop\/de\/wp-json\/wp\/v2\/product_tag?post=7601"}],"curies":[{"name":"wp","href":"https:\/\/api.w.org\/{rel}","templated":true}]}}