{"id":7656,"date":"2021-10-07T14:26:16","date_gmt":"2021-10-07T13:26:16","guid":{"rendered":"https:\/\/www.dolivo.shop\/prodotto\/loffelablage\/"},"modified":"2026-04-26T10:15:15","modified_gmt":"2026-04-26T09:15:15","slug":"loffelablage","status":"publish","type":"product","link":"https:\/\/www.dolivo.shop\/de\/produkt\/loffelablage\/","title":{"rendered":"Langer Kochl\u00f6ffelablage"},"content":{"rendered":"<h2>Olivenholz \u2013 Ordnung und nat\u00fcrliche Sch\u00f6nheit in der K\u00fcche<\/h2>\n<p class=\"p3\">Nimmt keine Ger\u00fcche auf und bildet kein Schimmel. Kann von Hand mit warmem Wasser und Sp\u00fclmittel gereinigt werden.<\/p>\n<p>&nbsp;<\/p>\n<p class=\"p1\"><b>Lebensmittelecht.<\/b><b><\/b><\/p>\n<p>&nbsp;<\/p>\n<p class=\"p3\">Ein einfaches und zugleich praktisches Utensil: Aus echtem Olivenholz gefertigt, vereint es originelles <strong>Design<\/strong> und <strong>Funktionalit\u00e4t<\/strong>. Perfekt, um der K\u00fcche eine warme, nat\u00fcrliche Note zu verleihen.<\/p>\n<p class=\"p3\">Das <strong>Olivenholz<\/strong> mit seiner individuellen Maserung und seinen warmen, beruhigenden Farbt\u00f6nen macht jeden Kochl\u00f6ffelhalter zu einem <strong>Unikat<\/strong>. Ausschlie\u00dflich mit nat\u00fcrlichem \u00d6l behandelt \u2013 ohne Lacke oder chemische Substanzen \u2013 in voller Achtung traditioneller Handwerkskunst und der Umwelt.<\/p>\n<p class=\"p3\"><strong>Nachhaltig und authentisch<\/strong> \u2013 Olivenholz ist eine bewusste Wahl f\u00fcr alle, die Sch\u00f6nheit, praktische Handhabung, Natur und Handarbeit sch\u00e4tzen.<\/p>\n<h2 class=\"p1\">Eine originelle Idee f\u00fcr ein umweltfreundliches Gastgeschenk<b><\/b><\/h2>\n<p class=\"p3\">Sein nat\u00fcrlicher Stil und die handwerkliche Verarbeitung machen ihn zu einem perfekten Geschenk f\u00fcr <em>Hochzeiten, Kommunionen oder besondere Anl\u00e4sse<\/em>.<\/p>\n<p class=\"p3\">Auf Wunsch sind <strong>individuelle Gravuren<\/strong> m\u00f6glich.<\/p>\n<p>&nbsp;<\/p>\n<p class=\"p3\"><span class=\"s1\"><b>Ma\u00dfe:<\/b><\/span> 7 \u00d7 30 cm<\/p>\n<h3 class=\"p1\">Wichtiger Hinweis<b><\/b><\/h3>\n<p class=\"p3\"><em>Handgefertigtes Produkt: Kleine Unregelm\u00e4\u00dfigkeiten oder leichte Abweichungen sind keine M\u00e4ngel, sondern ein Zeichen f\u00fcr die Echtheit des Produkts.<\/em><\/p>\n","protected":false},"excerpt":{"rendered":"<p>Olivenholz \u2013 Ordnung und nat\u00fcrliche Sch\u00f6nheit in der K\u00fcche Nimmt keine Ger\u00fcche auf und bildet kein Schimmel. Kann von Hand mit warmem Wasser und Sp\u00fclmittel gereinigt werden. &nbsp; Lebensmittelecht. &nbsp; Ein einfaches und zugleich praktisches Utensil: Aus echtem Olivenholz gefertigt, vereint es originelles Design und Funktionalit\u00e4t. Perfekt, um der K\u00fcche eine warme, nat\u00fcrliche Note zu&#8230;<\/p>\n","protected":false},"featured_media":7661,"template":"","meta":{"_acf_changed":false},"product_brand":[],"product_cat":[277,287],"product_tag":[],"class_list":{"0":"post-7656","1":"product","2":"type-product","3":"status-publish","4":"has-post-thumbnail","6":"product_cat-in-der-kueche","7":"product_cat-besteck","9":"first","10":"instock","11":"taxable","12":"shipping-taxable","13":"purchasable","14":"product-type-simple"},"acf":[],"_links":{"self":[{"href":"https:\/\/www.dolivo.shop\/de\/wp-json\/wp\/v2\/product\/7656","targetHints":{"allow":["GET"]}}],"collection":[{"href":"https:\/\/www.dolivo.shop\/de\/wp-json\/wp\/v2\/product"}],"about":[{"href":"https:\/\/www.dolivo.shop\/de\/wp-json\/wp\/v2\/types\/product"}],"wp:featuredmedia":[{"embeddable":true,"href":"https:\/\/www.dolivo.shop\/de\/wp-json\/wp\/v2\/media\/7661"}],"wp:attachment":[{"href":"https:\/\/www.dolivo.shop\/de\/wp-json\/wp\/v2\/media?parent=7656"}],"wp:term":[{"taxonomy":"product_brand","embeddable":true,"href":"https:\/\/www.dolivo.shop\/de\/wp-json\/wp\/v2\/product_brand?post=7656"},{"taxonomy":"product_cat","embeddable":true,"href":"https:\/\/www.dolivo.shop\/de\/wp-json\/wp\/v2\/product_cat?post=7656"},{"taxonomy":"product_tag","embeddable":true,"href":"https:\/\/www.dolivo.shop\/de\/wp-json\/wp\/v2\/product_tag?post=7656"}],"curies":[{"name":"wp","href":"https:\/\/api.w.org\/{rel}","templated":true}]}}