{"id":7662,"date":"2021-09-30T12:39:20","date_gmt":"2021-09-30T11:39:20","guid":{"rendered":"https:\/\/www.dolivo.shop\/prodotto\/essloffel\/"},"modified":"2026-04-26T15:00:22","modified_gmt":"2026-04-26T14:00:22","slug":"essloffel","status":"publish","type":"product","link":"https:\/\/www.dolivo.shop\/de\/produkt\/essloffel\/","title":{"rendered":"Essl\u00f6ffel aus Oliven Holz"},"content":{"rendered":"<p class=\"p2\">Nimmt keine Ger\u00fcche auf und verhindert Schimmelbildung. Von Natur aus antibakteriell. Kann von Hand mit warmem Wasser und Sp\u00fclmittel gereinigt werden.<\/p>\n<p>&nbsp;<\/p>\n<p class=\"p1\"><b>Lebensmittelecht.<\/b><b><\/b><\/p>\n<p>&nbsp;<\/p>\n<p class=\"p2\">Ein schlichtes und dennoch \u00e4u\u00dferst praktisches Utensil: Gefertigt aus echtem Olivenholz vereint es originelles <strong>Design<\/strong> mit hoher <strong>Funktionalit\u00e4t<\/strong>. Perfekt, um der K\u00fcche eine warme, nat\u00fcrliche Note zu verleihen.<\/p>\n<p class=\"p2\"><strong>Olivenholz<\/strong>, mit seiner individuellen Maserung und den warmen, beruhigenden Farbt\u00f6nen, macht jeden L\u00f6ffel zu einem <strong>Unikat<\/strong>. Ausschlie\u00dflich mit nat\u00fcrlichem \u00d6l behandelt \u2013 ohne Lacke oder chemische Zus\u00e4tze \u2013 in voller Achtung der handwerklichen Tradition und der Umwelt.<\/p>\n<p class=\"p2\"><strong>Nachhaltig und authentisch<\/strong> ist Olivenholz eine bewusste Wahl f\u00fcr alle, die Sch\u00f6nheit, Benutzerfreundlichkeit, Natur und Handwerkskunst sch\u00e4tzen.<\/p>\n<h3 class=\"p1\"><b>Eine originelle Idee f\u00fcr ein umweltfreundliches Gastgeschenk<\/b><b><\/b><\/h3>\n<p class=\"p2\">Sein nat\u00fcrlicher Stil und die handwerkliche Verarbeitung machen ihn zu einem perfekten Geschenk f\u00fcr <em>Hochzeiten, Taufen oder besondere Anl\u00e4sse<\/em>.<\/p>\n<p>&nbsp;<\/p>\n<p class=\"p2\"><span class=\"s1\"><b>Ma\u00dfe:<\/b><\/span> 4 \u00d7 20 cm<\/p>\n<h4 class=\"p1\"><b>Wichtiger Hinweis<\/b><b><\/b><\/h4>\n<p class=\"p2\"><em>Handgefertigtes Produkt: Kleine Unregelm\u00e4\u00dfigkeiten oder leichte Abweichungen sind keine M\u00e4ngel, sondern ein Zeichen der Echtheit.<\/em><\/p>\n","protected":false},"excerpt":{"rendered":"<p>Nimmt keine Ger\u00fcche auf und verhindert Schimmelbildung. Von Natur aus antibakteriell. Kann von Hand mit warmem Wasser und Sp\u00fclmittel gereinigt werden. &nbsp; Lebensmittelecht. &nbsp; Ein schlichtes und dennoch \u00e4u\u00dferst praktisches Utensil: Gefertigt aus echtem Olivenholz vereint es originelles Design mit hoher Funktionalit\u00e4t. Perfekt, um der K\u00fcche eine warme, nat\u00fcrliche Note zu verleihen. Olivenholz, mit seiner&#8230;<\/p>\n","protected":false},"featured_media":7667,"template":"","meta":{"_acf_changed":false},"product_brand":[],"product_cat":[277,287],"product_tag":[],"class_list":{"0":"post-7662","1":"product","2":"type-product","3":"status-publish","4":"has-post-thumbnail","6":"product_cat-in-der-kueche","7":"product_cat-besteck","9":"first","10":"instock","11":"taxable","12":"shipping-taxable","13":"purchasable","14":"product-type-simple"},"acf":[],"_links":{"self":[{"href":"https:\/\/www.dolivo.shop\/de\/wp-json\/wp\/v2\/product\/7662","targetHints":{"allow":["GET"]}}],"collection":[{"href":"https:\/\/www.dolivo.shop\/de\/wp-json\/wp\/v2\/product"}],"about":[{"href":"https:\/\/www.dolivo.shop\/de\/wp-json\/wp\/v2\/types\/product"}],"wp:featuredmedia":[{"embeddable":true,"href":"https:\/\/www.dolivo.shop\/de\/wp-json\/wp\/v2\/media\/7667"}],"wp:attachment":[{"href":"https:\/\/www.dolivo.shop\/de\/wp-json\/wp\/v2\/media?parent=7662"}],"wp:term":[{"taxonomy":"product_brand","embeddable":true,"href":"https:\/\/www.dolivo.shop\/de\/wp-json\/wp\/v2\/product_brand?post=7662"},{"taxonomy":"product_cat","embeddable":true,"href":"https:\/\/www.dolivo.shop\/de\/wp-json\/wp\/v2\/product_cat?post=7662"},{"taxonomy":"product_tag","embeddable":true,"href":"https:\/\/www.dolivo.shop\/de\/wp-json\/wp\/v2\/product_tag?post=7662"}],"curies":[{"name":"wp","href":"https:\/\/api.w.org\/{rel}","templated":true}]}}