{"id":7695,"date":"2021-06-24T15:58:52","date_gmt":"2021-06-24T14:58:52","guid":{"rendered":"https:\/\/www.dolivo.shop\/prodotto\/set-essbesteck\/"},"modified":"2026-04-26T11:06:14","modified_gmt":"2026-04-26T10:06:14","slug":"set-essbesteck","status":"publish","type":"product","link":"https:\/\/www.dolivo.shop\/de\/produkt\/set-essbesteck\/","title":{"rendered":"Multifunktionales Besteckset aus Oliven Holz"},"content":{"rendered":"<h2>Olivenholz, Stil und Funktionalit\u00e4t immer griffbereit<\/h2>\n<p>&nbsp;<\/p>\n<p class=\"p3\">Bestehend aus: Kochl\u00f6ffelhalter, 1 Risotto-L\u00f6ffel, 1 Grillgabel, 1 kleiner \u201eAntikes Rom\u201c-L\u00f6ffel, \u201ePaola\u201c-Besteck und 1 einfache Spachtel.<\/p>\n<p>&nbsp;<\/p>\n<p class=\"p3\">Bildet keinen Schimmel. Von Hand mit warmem Wasser und mildem Sp\u00fclmittel waschbar.<\/p>\n<p>&nbsp;<\/p>\n<p class=\"p1\"><b>Lebensmittelecht.<\/b><b><\/b><\/p>\n<p>&nbsp;<\/p>\n<p class=\"p3\">Ein schlichtes und zugleich praktisches Set: Aus echtem Olivenholz gefertigt, vereint es <strong>originelles Design<\/strong> mit <strong>Funktionalit\u00e4t<\/strong>. Perfekt, um der K\u00fcche eine warme, nat\u00fcrliche Note zu verleihen.<\/p>\n<p class=\"p3\"><strong>Olivenholz<\/strong>, mit seiner markanten Maserung und den warmen, beruhigenden Farbt\u00f6nen, macht jedes Set zu einem <strong>Unikat<\/strong>. Ausschlie\u00dflich mit nat\u00fcrlichem \u00d6l behandelt \u2013 frei von Lacken und Chemikalien \u2013 ganz im Einklang mit traditioneller Handwerkskunst und der Umwelt.<\/p>\n<p class=\"p3\"><strong>Nachhaltig und authentisch<\/strong>: Olivenholz ist eine bewusste Wahl f\u00fcr alle, die Sch\u00f6nheit, Alltagstauglichkeit, Natur und Handarbeit sch\u00e4tzen.<\/p>\n<h2 class=\"p1\">Eine originelle Idee f\u00fcr ein umweltfreundliches Geschenk<b><\/b><\/h2>\n<p class=\"p3\">Sein nat\u00fcrlicher Stil und die handwerkliche Verarbeitung machen es zu einem perfekten Pr\u00e4sent f\u00fcr Hochzeiten, Kommunionen oder besondere Anl\u00e4sse.<\/p>\n<h2 class=\"p1\">Wichtiger Hinweis<b><\/b><\/h2>\n<p class=\"p3\"><em>Dieses Produkt wird in Handarbeit gefertigt: Kleine Abweichungen oder leichte Unregelm\u00e4\u00dfigkeiten sind keine M\u00e4ngel, sondern ein Zeichen der Echtheit.<\/em><\/p>\n","protected":false},"excerpt":{"rendered":"<p>Olivenholz, Stil und Funktionalit\u00e4t immer griffbereit &nbsp; Bestehend aus: Kochl\u00f6ffelhalter, 1 Risotto-L\u00f6ffel, 1 Grillgabel, 1 kleiner \u201eAntikes Rom\u201c-L\u00f6ffel, \u201ePaola\u201c-Besteck und 1 einfache Spachtel. &nbsp; Bildet keinen Schimmel. Von Hand mit warmem Wasser und mildem Sp\u00fclmittel waschbar. &nbsp; Lebensmittelecht. &nbsp; Ein schlichtes und zugleich praktisches Set: Aus echtem Olivenholz gefertigt, vereint es originelles Design mit Funktionalit\u00e4t&#8230;.<\/p>\n","protected":false},"featured_media":7696,"template":"","meta":{"_acf_changed":false},"product_brand":[],"product_cat":[277,287],"product_tag":[],"class_list":{"0":"post-7695","1":"product","2":"type-product","3":"status-publish","4":"has-post-thumbnail","6":"product_cat-in-der-kueche","7":"product_cat-besteck","9":"first","10":"instock","11":"taxable","12":"shipping-taxable","13":"purchasable","14":"product-type-simple"},"acf":[],"_links":{"self":[{"href":"https:\/\/www.dolivo.shop\/de\/wp-json\/wp\/v2\/product\/7695","targetHints":{"allow":["GET"]}}],"collection":[{"href":"https:\/\/www.dolivo.shop\/de\/wp-json\/wp\/v2\/product"}],"about":[{"href":"https:\/\/www.dolivo.shop\/de\/wp-json\/wp\/v2\/types\/product"}],"wp:featuredmedia":[{"embeddable":true,"href":"https:\/\/www.dolivo.shop\/de\/wp-json\/wp\/v2\/media\/7696"}],"wp:attachment":[{"href":"https:\/\/www.dolivo.shop\/de\/wp-json\/wp\/v2\/media?parent=7695"}],"wp:term":[{"taxonomy":"product_brand","embeddable":true,"href":"https:\/\/www.dolivo.shop\/de\/wp-json\/wp\/v2\/product_brand?post=7695"},{"taxonomy":"product_cat","embeddable":true,"href":"https:\/\/www.dolivo.shop\/de\/wp-json\/wp\/v2\/product_cat?post=7695"},{"taxonomy":"product_tag","embeddable":true,"href":"https:\/\/www.dolivo.shop\/de\/wp-json\/wp\/v2\/product_tag?post=7695"}],"curies":[{"name":"wp","href":"https:\/\/api.w.org\/{rel}","templated":true}]}}