{"id":7707,"date":"2021-06-24T15:58:38","date_gmt":"2021-06-24T14:58:38","guid":{"rendered":"https:\/\/www.dolivo.shop\/prodotto\/geformter-pfannenwender\/"},"modified":"2025-08-24T21:34:25","modified_gmt":"2025-08-24T20:34:25","slug":"geformter-pfannenwender","status":"publish","type":"product","link":"https:\/\/www.dolivo.shop\/de\/produkt\/geformter-pfannenwender\/","title":{"rendered":"Gebogener Pfannenwender"},"content":{"rendered":"<p class=\"p1\">Ideal zum Wenden von Fleisch, Omelettes, Fisch und Gem\u00fcse. Nimmt keine Ger\u00fcche auf und bildet keinen Schimmel. Per Hand mit warmem Wasser und Sp\u00fclmittel abwaschbar.<\/p>\n<p>&nbsp;<\/p>\n<p class=\"p1\"><strong>Lebensmittelecht<\/strong>.<\/p>\n<p>&nbsp;<\/p>\n<p class=\"p1\">Ein schlichtes und zugleich praktisches Utensil: Aus echtem Olivenholz gefertigt, vereint es originelles <strong>Design<\/strong> mit <strong>Funktionalit\u00e4t<\/strong>. Perfekt, um der K\u00fcche eine warme, nat\u00fcrliche Note zu verleihen.<\/p>\n<p class=\"p1\">Die nat\u00fcrliche Maserung und die warmen, beruhigenden Farbt\u00f6ne des <strong>Olivenholzes<\/strong> machen jeden Spatel zu einem <strong>Unikat<\/strong>. Ausschlie\u00dflich mit nat\u00fcrlichem \u00d6l behandelt \u2013 ohne Lacke oder chemische Substanzen \u2013 in vollem Einklang mit traditioneller Handwerkskunst und der Umwelt.<\/p>\n<p class=\"p1\"><strong>Nachhaltig und authentisch<\/strong>: Olivenholz ist eine bewusste Wahl f\u00fcr alle, die Sch\u00f6nheit, praktische Anwendung, Natur und Handarbeit sch\u00e4tzen.<\/p>\n<h3 class=\"p1\">Eine originelle Idee f\u00fcr ein umweltfreundliches Gastgeschenk<\/h3>\n<p class=\"p1\">Sein nat\u00fcrlicher Stil und die handwerkliche Verarbeitung machen ihn zu einem perfekten Pr\u00e4sent f\u00fcr <em>Hochzeiten, Kommunionen oder besondere Anl\u00e4sse<\/em>.<\/p>\n<p class=\"p1\">Auf Wunsch fertigen wir <strong>individuelle Gravuren<\/strong> an.<\/p>\n<h4 class=\"p1\">Wichtiger Hinweis<\/h4>\n<p class=\"p1\"><em>Dieses Produkt wird in Handarbeit hergestellt: Kleine Unregelm\u00e4\u00dfigkeiten oder leichte Abweichungen sind nicht als M\u00e4ngel zu verstehen, sondern als Zeichen der Echtheit.<\/em><\/p>\n","protected":false},"excerpt":{"rendered":"<p>Ideal zum Wenden von Fleisch, Omelettes, Fisch und Gem\u00fcse. Nimmt keine Ger\u00fcche auf und bildet keinen Schimmel. Per Hand mit warmem Wasser und Sp\u00fclmittel abwaschbar. &nbsp; Lebensmittelecht. &nbsp; Ein schlichtes und zugleich praktisches Utensil: Aus echtem Olivenholz gefertigt, vereint es originelles Design mit Funktionalit\u00e4t. Perfekt, um der K\u00fcche eine warme, nat\u00fcrliche Note zu verleihen. Die&#8230;<\/p>\n","protected":false},"featured_media":7708,"template":"","meta":{"_acf_changed":false},"product_brand":[],"product_cat":[277,287],"product_tag":[],"class_list":{"0":"post-7707","1":"product","2":"type-product","3":"status-publish","4":"has-post-thumbnail","6":"product_cat-in-der-kueche","7":"product_cat-besteck","9":"first","10":"instock","11":"taxable","12":"shipping-taxable","13":"purchasable","14":"product-type-variable"},"acf":[],"_links":{"self":[{"href":"https:\/\/www.dolivo.shop\/de\/wp-json\/wp\/v2\/product\/7707","targetHints":{"allow":["GET"]}}],"collection":[{"href":"https:\/\/www.dolivo.shop\/de\/wp-json\/wp\/v2\/product"}],"about":[{"href":"https:\/\/www.dolivo.shop\/de\/wp-json\/wp\/v2\/types\/product"}],"wp:featuredmedia":[{"embeddable":true,"href":"https:\/\/www.dolivo.shop\/de\/wp-json\/wp\/v2\/media\/7708"}],"wp:attachment":[{"href":"https:\/\/www.dolivo.shop\/de\/wp-json\/wp\/v2\/media?parent=7707"}],"wp:term":[{"taxonomy":"product_brand","embeddable":true,"href":"https:\/\/www.dolivo.shop\/de\/wp-json\/wp\/v2\/product_brand?post=7707"},{"taxonomy":"product_cat","embeddable":true,"href":"https:\/\/www.dolivo.shop\/de\/wp-json\/wp\/v2\/product_cat?post=7707"},{"taxonomy":"product_tag","embeddable":true,"href":"https:\/\/www.dolivo.shop\/de\/wp-json\/wp\/v2\/product_tag?post=7707"}],"curies":[{"name":"wp","href":"https:\/\/api.w.org\/{rel}","templated":true}]}}