{"id":7719,"date":"2021-06-24T15:58:38","date_gmt":"2021-06-24T14:58:38","guid":{"rendered":"https:\/\/www.dolivo.shop\/prodotto\/pfannenwender-mit-runder-spitze\/"},"modified":"2025-08-15T17:38:22","modified_gmt":"2025-08-15T16:38:22","slug":"pfannenwender-mit-runder-spitze","status":"publish","type":"product","link":"https:\/\/www.dolivo.shop\/de\/produkt\/pfannenwender-mit-runder-spitze\/","title":{"rendered":"Runde Servierpfanne \/ Wender"},"content":{"rendered":"<p class=\"p3\">Ideal zum Wenden von Omeletts, Cr\u00eapes, Fisch oder Fleisch. Nimmt keine Ger\u00fcche auf und bildet keinen Schimmel. Handw\u00e4sche mit warmem Wasser und Sp\u00fclmittel empfohlen.<\/p>\n<p>&nbsp;<\/p>\n<p class=\"p3\"><strong>Lebensmittelecht.<\/strong><\/p>\n<p>&nbsp;<\/p>\n<p class=\"p3\">Ein einfaches und zugleich praktisches K\u00fcchenutensil: Aus echtem Olivenholz gefertigt, verbindet es originelles <strong>Design<\/strong> mit <strong>Funktionalit\u00e4t<\/strong>. Perfekt, um der K\u00fcche eine warme, nat\u00fcrliche Note zu verleihen.<\/p>\n<p class=\"p3\">Das <strong>Olivenholz<\/strong> mit seiner individuellen Maserung und den warmen, beruhigenden Farbt\u00f6nen macht jedes St\u00fcck zu einem <strong>Unikat<\/strong>. Ausschlie\u00dflich mit nat\u00fcrlichem \u00d6l behandelt \u2013 ohne Lacke oder chemische Zus\u00e4tze \u2013 und im Einklang mit traditioneller Handwerkskunst sowie der Umwelt.<\/p>\n<p class=\"p3\"><strong>Nachhaltig und authentisch<\/strong>: Olivenholz ist eine bewusste Wahl f\u00fcr alle, die Sch\u00f6nheit, praktische Handhabung, Natur und Handwerk sch\u00e4tzen.<\/p>\n<h3 class=\"p1\"><b>Eine originelle Idee f\u00fcr ein umweltfreundliches Gastgeschenk<\/b><b><\/b><\/h3>\n<p class=\"p3\">Sein nat\u00fcrlicher Stil und die handwerkliche Verarbeitung machen es zu einem perfekten Pr\u00e4sent f\u00fcr <em>Hochzeiten, Kommunionen oder besondere Anl\u00e4sse<\/em>.<\/p>\n<p class=\"p3\">Auf Wunsch fertigen wir <strong>individuelle Gravuren<\/strong> an.<\/p>\n<p>&nbsp;<\/p>\n<p class=\"p3\"><strong>Ma\u00dfe<\/strong>: 5,5 \u00d7 27 cm<\/p>\n<h4 class=\"p1\"><b>Wichtiger Hinweis<\/b><b><\/b><\/h4>\n<p class=\"p3\"><em>Dieses Produkt wird in Handarbeit hergestellt: Kleine Unregelm\u00e4\u00dfigkeiten oder leichte Abweichungen sind kein Mangel, sondern ein Zeichen der Echtheit.<\/em><\/p>\n","protected":false},"excerpt":{"rendered":"<p>Ideal zum Wenden von Omeletts, Cr\u00eapes, Fisch oder Fleisch. Nimmt keine Ger\u00fcche auf und bildet keinen Schimmel. Handw\u00e4sche mit warmem Wasser und Sp\u00fclmittel empfohlen. &nbsp; Lebensmittelecht. &nbsp; Ein einfaches und zugleich praktisches K\u00fcchenutensil: Aus echtem Olivenholz gefertigt, verbindet es originelles Design mit Funktionalit\u00e4t. Perfekt, um der K\u00fcche eine warme, nat\u00fcrliche Note zu verleihen. Das Olivenholz&#8230;<\/p>\n","protected":false},"featured_media":7720,"template":"","meta":{"_acf_changed":false},"product_brand":[],"product_cat":[277,287],"product_tag":[],"class_list":{"0":"post-7719","1":"product","2":"type-product","3":"status-publish","4":"has-post-thumbnail","6":"product_cat-in-der-kueche","7":"product_cat-besteck","9":"first","10":"instock","11":"taxable","12":"shipping-taxable","13":"purchasable","14":"product-type-simple"},"acf":[],"_links":{"self":[{"href":"https:\/\/www.dolivo.shop\/de\/wp-json\/wp\/v2\/product\/7719","targetHints":{"allow":["GET"]}}],"collection":[{"href":"https:\/\/www.dolivo.shop\/de\/wp-json\/wp\/v2\/product"}],"about":[{"href":"https:\/\/www.dolivo.shop\/de\/wp-json\/wp\/v2\/types\/product"}],"wp:featuredmedia":[{"embeddable":true,"href":"https:\/\/www.dolivo.shop\/de\/wp-json\/wp\/v2\/media\/7720"}],"wp:attachment":[{"href":"https:\/\/www.dolivo.shop\/de\/wp-json\/wp\/v2\/media?parent=7719"}],"wp:term":[{"taxonomy":"product_brand","embeddable":true,"href":"https:\/\/www.dolivo.shop\/de\/wp-json\/wp\/v2\/product_brand?post=7719"},{"taxonomy":"product_cat","embeddable":true,"href":"https:\/\/www.dolivo.shop\/de\/wp-json\/wp\/v2\/product_cat?post=7719"},{"taxonomy":"product_tag","embeddable":true,"href":"https:\/\/www.dolivo.shop\/de\/wp-json\/wp\/v2\/product_tag?post=7719"}],"curies":[{"name":"wp","href":"https:\/\/api.w.org\/{rel}","templated":true}]}}