{"id":7725,"date":"2021-06-24T15:58:37","date_gmt":"2021-06-24T14:58:37","guid":{"rendered":"https:\/\/www.dolivo.shop\/prodotto\/klassisches-besteck\/"},"modified":"2026-04-26T17:03:46","modified_gmt":"2026-04-26T16:03:46","slug":"klassisches-besteck","status":"publish","type":"product","link":"https:\/\/www.dolivo.shop\/de\/produkt\/klassisches-besteck\/","title":{"rendered":"Klassisches Salatbesteck aus Oliven Holz"},"content":{"rendered":"<p class=\"p1\">Ideal zum Servieren von Salat. Nimmt keine Ger\u00fcche auf und bildet keinen Schimmel. Kann von Hand mit warmem Wasser und Sp\u00fclmittel gereinigt werden.<\/p>\n<p>&nbsp;<\/p>\n<p class=\"p1\"><strong>Lebensmittelecht.<\/strong><\/p>\n<p>&nbsp;<\/p>\n<p class=\"p1\">Ein schlichtes und zugleich praktisches Utensil: aus echtem Olivenholz gefertigt, vereint es originelles <strong>Design<\/strong> und <strong>Funktionalit\u00e4t<\/strong>. Perfekt, um der K\u00fcche eine warme, nat\u00fcrliche Note zu verleihen.<\/p>\n<p class=\"p1\">Das <strong>Olivenholz<\/strong> mit seiner einzigartigen Maserung und den warmen, beruhigenden Farbt\u00f6nen macht jedes St\u00fcck zu einem <strong>Unikat<\/strong>. Ausschlie\u00dflich mit nat\u00fcrlichem \u00d6l behandelt, ohne Lacke oder Chemikalien \u2013 ganz im Sinne traditioneller Handwerkskunst und im Einklang mit der Natur.<\/p>\n<p class=\"p1\"><strong>Nachhaltig und authentisch<\/strong> \u2013 Olivenholz ist eine bewusste Wahl f\u00fcr alle, die Sch\u00f6nheit, praktische Handhabung, Natur und Handarbeit sch\u00e4tzen.<\/p>\n<h2 class=\"p1\">Eine originelle Idee f\u00fcr ein umweltfreundliches Gastgeschenk<\/h2>\n<p class=\"p1\">Der nat\u00fcrliche Stil und die handwerkliche Verarbeitung machen es zu einem idealen Pr\u00e4sent f\u00fcr <em>Hochzeiten, Kommunionen oder besondere Anl\u00e4sse<\/em>.<\/p>\n<p class=\"p1\">Auf Wunsch fertigen wir auch <strong>individuelle Gravuren<\/strong> an.<\/p>\n<h3 class=\"p1\">Wichtiger Hinweis<\/h3>\n<p class=\"p1\"><em>Dieses Produkt wird in Handarbeit hergestellt: Kleine Unregelm\u00e4\u00dfigkeiten oder leichte Abweichungen sind kein Mangel, sondern ein Zeichen f\u00fcr die Echtheit des Produkts.<\/em><\/p>\n","protected":false},"excerpt":{"rendered":"<p>Ideal zum Servieren von Salat. Nimmt keine Ger\u00fcche auf und bildet keinen Schimmel. Kann von Hand mit warmem Wasser und Sp\u00fclmittel gereinigt werden. &nbsp; Lebensmittelecht. &nbsp; Ein schlichtes und zugleich praktisches Utensil: aus echtem Olivenholz gefertigt, vereint es originelles Design und Funktionalit\u00e4t. Perfekt, um der K\u00fcche eine warme, nat\u00fcrliche Note zu verleihen. Das Olivenholz mit&#8230;<\/p>\n","protected":false},"featured_media":10558,"template":"","meta":{"_acf_changed":false},"product_brand":[],"product_cat":[277,287],"product_tag":[],"class_list":{"0":"post-7725","1":"product","2":"type-product","3":"status-publish","4":"has-post-thumbnail","6":"product_cat-in-der-kueche","7":"product_cat-besteck","9":"first","10":"instock","11":"sale","12":"taxable","13":"shipping-taxable","14":"purchasable","15":"product-type-variable"},"acf":[],"_links":{"self":[{"href":"https:\/\/www.dolivo.shop\/de\/wp-json\/wp\/v2\/product\/7725","targetHints":{"allow":["GET"]}}],"collection":[{"href":"https:\/\/www.dolivo.shop\/de\/wp-json\/wp\/v2\/product"}],"about":[{"href":"https:\/\/www.dolivo.shop\/de\/wp-json\/wp\/v2\/types\/product"}],"wp:featuredmedia":[{"embeddable":true,"href":"https:\/\/www.dolivo.shop\/de\/wp-json\/wp\/v2\/media\/10558"}],"wp:attachment":[{"href":"https:\/\/www.dolivo.shop\/de\/wp-json\/wp\/v2\/media?parent=7725"}],"wp:term":[{"taxonomy":"product_brand","embeddable":true,"href":"https:\/\/www.dolivo.shop\/de\/wp-json\/wp\/v2\/product_brand?post=7725"},{"taxonomy":"product_cat","embeddable":true,"href":"https:\/\/www.dolivo.shop\/de\/wp-json\/wp\/v2\/product_cat?post=7725"},{"taxonomy":"product_tag","embeddable":true,"href":"https:\/\/www.dolivo.shop\/de\/wp-json\/wp\/v2\/product_tag?post=7725"}],"curies":[{"name":"wp","href":"https:\/\/api.w.org\/{rel}","templated":true}]}}