{"id":7755,"date":"2021-06-24T15:58:36","date_gmt":"2021-06-24T14:58:36","guid":{"rendered":"https:\/\/www.dolivo.shop\/prodotto\/breites-besteck\/"},"modified":"2025-08-15T17:13:01","modified_gmt":"2025-08-15T16:13:01","slug":"breites-besteck","status":"publish","type":"product","link":"https:\/\/www.dolivo.shop\/de\/produkt\/breites-besteck\/","title":{"rendered":"Breite Salatbesteck"},"content":{"rendered":"<p class=\"p1\">Ideal zum Servieren von Salaten. Nimmt keine Ger\u00fcche an und bildet keinen Schimmel. Von Hand mit warmem Wasser und mildem Sp\u00fclmittel abwaschbar.<\/p>\n<p class=\"p1\"><strong>Lebensmittelecht.<\/strong><\/p>\n<p class=\"p1\">Ein schlichtes und dennoch \u00e4u\u00dferst praktisches Utensil: gefertigt aus echtem Olivenholz, verbindet es originelles <strong>Design<\/strong> mit hoher <strong>Funktionalit\u00e4t<\/strong>. Perfekt, um der K\u00fcche eine warme, nat\u00fcrliche Note zu verleihen.<\/p>\n<p class=\"p1\">Die nat\u00fcrliche Maserung und die warmen, beruhigenden Farbt\u00f6ne des <strong>Olivenholzes<\/strong> machen jedes Besteckteil zu einem <strong>Unikat<\/strong>. Ausschlie\u00dflich mit nat\u00fcrlichem \u00d6l behandelt, ohne Lacke oder chemische Zus\u00e4tze \u2013 ganz im Sinne traditioneller Handwerkskunst und im Einklang mit der Umwelt.<\/p>\n<p class=\"p1\"><strong>Nachhaltig und authentisch<\/strong> ist Olivenholz eine bewusste Wahl f\u00fcr alle, die Sch\u00f6nheit, Benutzerfreundlichkeit, Natur und Handarbeit sch\u00e4tzen.<\/p>\n<h3 class=\"p1\">Eine originelle Idee f\u00fcr ein umweltfreundliches Gastgeschenk<\/h3>\n<p class=\"p1\">Der nat\u00fcrliche Stil und die handwerkliche Verarbeitung machen es zu einem perfekten Geschenk f\u00fcr <em>Hochzeiten, Kommunionen oder besondere Anl\u00e4sse<\/em>.<\/p>\n<p class=\"p1\">Auf Wunsch k\u00f6nnen wir <strong>individuelle Gravuren<\/strong> anfertigen.<\/p>\n<h4 class=\"p1\">Wichtiger Hinweis<\/h4>\n<p class=\"p1\"><em>Dieses Produkt ist handgefertigt: Kleine Unregelm\u00e4\u00dfigkeiten oder leichte Abweichungen sind nicht als M\u00e4ngel zu verstehen, sondern als Zeichen der Echtheit des Produkts.<\/em><\/p>\n","protected":false},"excerpt":{"rendered":"<p>Ideal zum Servieren von Salaten. Nimmt keine Ger\u00fcche an und bildet keinen Schimmel. Von Hand mit warmem Wasser und mildem Sp\u00fclmittel abwaschbar. Lebensmittelecht. Ein schlichtes und dennoch \u00e4u\u00dferst praktisches Utensil: gefertigt aus echtem Olivenholz, verbindet es originelles Design mit hoher Funktionalit\u00e4t. Perfekt, um der K\u00fcche eine warme, nat\u00fcrliche Note zu verleihen. Die nat\u00fcrliche Maserung und&#8230;<\/p>\n","protected":false},"featured_media":7756,"template":"","meta":{"_acf_changed":false},"product_brand":[],"product_cat":[277,287],"product_tag":[],"class_list":{"0":"post-7755","1":"product","2":"type-product","3":"status-publish","4":"has-post-thumbnail","6":"product_cat-in-der-kueche","7":"product_cat-besteck","9":"first","10":"instock","11":"sale","12":"taxable","13":"shipping-taxable","14":"purchasable","15":"product-type-variable"},"acf":[],"_links":{"self":[{"href":"https:\/\/www.dolivo.shop\/de\/wp-json\/wp\/v2\/product\/7755","targetHints":{"allow":["GET"]}}],"collection":[{"href":"https:\/\/www.dolivo.shop\/de\/wp-json\/wp\/v2\/product"}],"about":[{"href":"https:\/\/www.dolivo.shop\/de\/wp-json\/wp\/v2\/types\/product"}],"wp:featuredmedia":[{"embeddable":true,"href":"https:\/\/www.dolivo.shop\/de\/wp-json\/wp\/v2\/media\/7756"}],"wp:attachment":[{"href":"https:\/\/www.dolivo.shop\/de\/wp-json\/wp\/v2\/media?parent=7755"}],"wp:term":[{"taxonomy":"product_brand","embeddable":true,"href":"https:\/\/www.dolivo.shop\/de\/wp-json\/wp\/v2\/product_brand?post=7755"},{"taxonomy":"product_cat","embeddable":true,"href":"https:\/\/www.dolivo.shop\/de\/wp-json\/wp\/v2\/product_cat?post=7755"},{"taxonomy":"product_tag","embeddable":true,"href":"https:\/\/www.dolivo.shop\/de\/wp-json\/wp\/v2\/product_tag?post=7755"}],"curies":[{"name":"wp","href":"https:\/\/api.w.org\/{rel}","templated":true}]}}