{"id":7779,"date":"2021-06-24T15:58:35","date_gmt":"2021-06-24T14:58:35","guid":{"rendered":"https:\/\/www.dolivo.shop\/prodotto\/kochloffel-fur-risotto\/"},"modified":"2025-08-15T18:35:39","modified_gmt":"2025-08-15T17:35:39","slug":"kochloffel-fur-risotto","status":"publish","type":"product","link":"https:\/\/www.dolivo.shop\/de\/produkt\/kochloffel-fur-risotto\/","title":{"rendered":"Risotto L\u00f6ffel"},"content":{"rendered":"<p class=\"p2\">Ideal zum R\u00fchren von Saucen, Risottos und Polenta. Die \u00d6ffnung in der Mitte ist so gestaltet, dass sich auch dickfl\u00fcssige Speisen m\u00fchelos vermengen lassen, ohne das Handgelenk \u00fcberm\u00e4\u00dfig zu belasten. Nimmt keine Ger\u00fcche auf und bildet keinen Schimmel. Von Hand mit warmem Wasser und Sp\u00fclmittel waschbar.<\/p>\n<p>&nbsp;<\/p>\n<p class=\"p1\"><b>Lebensmittelecht.<\/b><b><\/b><\/p>\n<p>&nbsp;<\/p>\n<p class=\"p2\">Ein schlichtes und zugleich \u00e4u\u00dferst n\u00fctzliches Utensil: Aus echtem Olivenholz gefertigt, vereint es <strong>originelles<\/strong> <strong>Design<\/strong> und <strong>Funktionalit\u00e4t<\/strong>. Perfekt, um der K\u00fcche eine warme, einladende Note zu verleihen.<\/p>\n<p class=\"p2\">Das <strong>Olivenholz<\/strong>, mit seiner nat\u00fcrlichen Maserung und den warmen, beruhigenden Farbt\u00f6nen, macht jeden L\u00f6ffel zu einem <strong>Unikat<\/strong>. Ausschlie\u00dflich mit nat\u00fcrlichem \u00d6l behandelt \u2013 ganz ohne Lacke oder chemische Substanzen \u2013 in voller Achtung der handwerklichen Tradition und der Umwelt.<\/p>\n<p class=\"p2\"><strong>Nachhaltig und authentisch<\/strong>: Olivenholz ist eine bewusste Wahl f\u00fcr alle, die Sch\u00f6nheit, Benutzerfreundlichkeit, Natur und Handwerkskunst sch\u00e4tzen.<\/p>\n<h3 class=\"p1\"><b>Eine originelle Idee f\u00fcr ein umweltfreundliches Gastgeschenk<\/b><b><\/b><\/h3>\n<p class=\"p2\">Sein nat\u00fcrlicher Stil und die handwerkliche Verarbeitung machen ihn zu einer perfekten Aufmerksamkeit f\u00fcr <em>Hochzeiten, Kommunionen oder besondere Anl\u00e4sse<\/em>.<\/p>\n<p class=\"p2\">Auf Wunsch k\u00f6nnen wir <em>individuelle Gravuren<\/em> anfertigen.<\/p>\n<p>&nbsp;<\/p>\n<p class=\"p2\"><span class=\"s1\"><b>Ma\u00dfe:<\/b><\/span> 6,5 \u00d7 30 cm<\/p>\n<h4 class=\"p1\"><b>Wichtiger Hinweis<\/b><b><\/b><\/h4>\n<p class=\"p2\"><em>Handgefertigtes Produkt: Kleine Unregelm\u00e4\u00dfigkeiten oder leichte Abweichungen sind keine M\u00e4ngel, sondern ein Zeichen der Echtheit des Produkts.<\/em><\/p>\n","protected":false},"excerpt":{"rendered":"<p>Ideal zum R\u00fchren von Saucen, Risottos und Polenta. Die \u00d6ffnung in der Mitte ist so gestaltet, dass sich auch dickfl\u00fcssige Speisen m\u00fchelos vermengen lassen, ohne das Handgelenk \u00fcberm\u00e4\u00dfig zu belasten. Nimmt keine Ger\u00fcche auf und bildet keinen Schimmel. Von Hand mit warmem Wasser und Sp\u00fclmittel waschbar. &nbsp; Lebensmittelecht. &nbsp; Ein schlichtes und zugleich \u00e4u\u00dferst n\u00fctzliches&#8230;<\/p>\n","protected":false},"featured_media":7780,"template":"","meta":{"_acf_changed":false},"product_brand":[],"product_cat":[277,287],"product_tag":[],"class_list":{"0":"post-7779","1":"product","2":"type-product","3":"status-publish","4":"has-post-thumbnail","6":"product_cat-in-der-kueche","7":"product_cat-besteck","9":"first","10":"instock","11":"taxable","12":"shipping-taxable","13":"purchasable","14":"product-type-simple"},"acf":[],"_links":{"self":[{"href":"https:\/\/www.dolivo.shop\/de\/wp-json\/wp\/v2\/product\/7779","targetHints":{"allow":["GET"]}}],"collection":[{"href":"https:\/\/www.dolivo.shop\/de\/wp-json\/wp\/v2\/product"}],"about":[{"href":"https:\/\/www.dolivo.shop\/de\/wp-json\/wp\/v2\/types\/product"}],"wp:featuredmedia":[{"embeddable":true,"href":"https:\/\/www.dolivo.shop\/de\/wp-json\/wp\/v2\/media\/7780"}],"wp:attachment":[{"href":"https:\/\/www.dolivo.shop\/de\/wp-json\/wp\/v2\/media?parent=7779"}],"wp:term":[{"taxonomy":"product_brand","embeddable":true,"href":"https:\/\/www.dolivo.shop\/de\/wp-json\/wp\/v2\/product_brand?post=7779"},{"taxonomy":"product_cat","embeddable":true,"href":"https:\/\/www.dolivo.shop\/de\/wp-json\/wp\/v2\/product_cat?post=7779"},{"taxonomy":"product_tag","embeddable":true,"href":"https:\/\/www.dolivo.shop\/de\/wp-json\/wp\/v2\/product_tag?post=7779"}],"curies":[{"name":"wp","href":"https:\/\/api.w.org\/{rel}","templated":true}]}}