{"id":7785,"date":"2021-06-24T15:58:35","date_gmt":"2021-06-24T14:58:35","guid":{"rendered":"https:\/\/www.dolivo.shop\/prodotto\/saucenabschmeckloffel\/"},"modified":"2025-08-15T14:23:37","modified_gmt":"2025-08-15T13:23:37","slug":"saucenabschmeckloffel","status":"publish","type":"product","link":"https:\/\/www.dolivo.shop\/de\/produkt\/saucenabschmeckloffel\/","title":{"rendered":"Saucen Kostl\u00f6ffel"},"content":{"rendered":"<p class=\"p1\"><b><\/b>Ideal zum R\u00fchren und Probieren von Saucen, So\u00dfen, Cremes oder Br\u00fche. Die doppelte L\u00f6ffelform erm\u00f6glicht es, w\u00e4hrend des R\u00fchrens zu kosten: Die Sauce wird mit dem vorderen (gro\u00dfen) L\u00f6ffel aufgenommen, in den hinteren (kleineren) L\u00f6ffel flie\u00dfen gelassen \u2013 und dabei leicht abgek\u00fchlt \u2013 und von dort probiert. Diese Konstruktion ist besonders hygienisch, da der Teil des L\u00f6ffels, mit dem gekostet wird, niemals in das zubereitete Gericht eingetaucht wird. Nimmt keine Ger\u00fcche an und bildet keinen Schimmel. Von Hand mit warmem Wasser und Sp\u00fclmittel waschbar.<\/p>\n<p>&nbsp;<\/p>\n<p class=\"p1\"><b>Lebensmittelecht.<\/b><b><\/b><\/p>\n<p>&nbsp;<\/p>\n<p class=\"p2\">Ein einfaches und zugleich praktisches K\u00fcchenutensil: Aus echtem Olivenholz gefertigt, verbindet es originelles <strong>Design<\/strong> mit hoher <strong>Funktionalit\u00e4t<\/strong>. Perfekt, um Ihrer K\u00fcche eine warme, nat\u00fcrliche Note zu verleihen.<\/p>\n<p class=\"p2\">Das <strong>Olivenholz<\/strong> mit seiner einzigartigen Maserung und den warmen, beruhigenden Farbt\u00f6nen macht jeden L\u00f6ffel zu einem <strong>Unikat<\/strong>. Ausschlie\u00dflich mit nat\u00fcrlichem \u00d6l behandelt \u2013 ohne Lacke oder chemische Zus\u00e4tze \u2013 in vollem Respekt vor handwerklicher Tradition und Umwelt.<\/p>\n<p class=\"p2\"><strong>Nachhaltig und authentisch<\/strong> ist Olivenholz die bewusste Wahl f\u00fcr alle, die Sch\u00f6nheit, Funktionalit\u00e4t, Natur und Handarbeit sch\u00e4tzen.<\/p>\n<h3 class=\"p1\"><b>Eine originelle Idee f\u00fcr ein umweltfreundliches Gastgeschenk<\/b><b><\/b><\/h3>\n<p class=\"p2\">Sein nat\u00fcrlicher Stil und die handwerkliche Verarbeitung machen ihn zu einem besonderen Geschenk f\u00fcr <em>Hochzeiten, Kommunionen oder andere festliche Anl\u00e4sse<\/em>.<\/p>\n<p>&nbsp;<\/p>\n<p class=\"p2\"><span class=\"s1\"><b>Ma\u00dfe:<\/b><\/span> 4,5 \u00d7 26 cm<\/p>\n<h4 class=\"p1\"><b>Wichtiger Hinweis<\/b><b><\/b><\/h4>\n<p class=\"p2\"><em>Handgefertigter Artikel: Kleine Unregelm\u00e4\u00dfigkeiten oder leichte Abweichungen sind keine M\u00e4ngel, sondern ein Zeichen der Echtheit des Produkts.<\/em><\/p>\n","protected":false},"excerpt":{"rendered":"<p>Ideal zum R\u00fchren und Probieren von Saucen, So\u00dfen, Cremes oder Br\u00fche. Die doppelte L\u00f6ffelform erm\u00f6glicht es, w\u00e4hrend des R\u00fchrens zu kosten: Die Sauce wird mit dem vorderen (gro\u00dfen) L\u00f6ffel aufgenommen, in den hinteren (kleineren) L\u00f6ffel flie\u00dfen gelassen \u2013 und dabei leicht abgek\u00fchlt \u2013 und von dort probiert. Diese Konstruktion ist besonders hygienisch, da der Teil&#8230;<\/p>\n","protected":false},"featured_media":7786,"template":"","meta":{"_acf_changed":false},"product_brand":[],"product_cat":[277,287],"product_tag":[],"class_list":{"0":"post-7785","1":"product","2":"type-product","3":"status-publish","4":"has-post-thumbnail","6":"product_cat-in-der-kueche","7":"product_cat-besteck","9":"first","10":"instock","11":"taxable","12":"shipping-taxable","13":"purchasable","14":"product-type-simple"},"acf":[],"_links":{"self":[{"href":"https:\/\/www.dolivo.shop\/de\/wp-json\/wp\/v2\/product\/7785","targetHints":{"allow":["GET"]}}],"collection":[{"href":"https:\/\/www.dolivo.shop\/de\/wp-json\/wp\/v2\/product"}],"about":[{"href":"https:\/\/www.dolivo.shop\/de\/wp-json\/wp\/v2\/types\/product"}],"wp:featuredmedia":[{"embeddable":true,"href":"https:\/\/www.dolivo.shop\/de\/wp-json\/wp\/v2\/media\/7786"}],"wp:attachment":[{"href":"https:\/\/www.dolivo.shop\/de\/wp-json\/wp\/v2\/media?parent=7785"}],"wp:term":[{"taxonomy":"product_brand","embeddable":true,"href":"https:\/\/www.dolivo.shop\/de\/wp-json\/wp\/v2\/product_brand?post=7785"},{"taxonomy":"product_cat","embeddable":true,"href":"https:\/\/www.dolivo.shop\/de\/wp-json\/wp\/v2\/product_cat?post=7785"},{"taxonomy":"product_tag","embeddable":true,"href":"https:\/\/www.dolivo.shop\/de\/wp-json\/wp\/v2\/product_tag?post=7785"}],"curies":[{"name":"wp","href":"https:\/\/api.w.org\/{rel}","templated":true}]}}