{"id":7804,"date":"2021-06-24T15:58:34","date_gmt":"2021-06-24T14:58:34","guid":{"rendered":"https:\/\/www.dolivo.shop\/prodotto\/schopfkelle\/"},"modified":"2025-08-14T16:30:55","modified_gmt":"2025-08-14T15:30:55","slug":"schopfkelle","status":"publish","type":"product","link":"https:\/\/www.dolivo.shop\/de\/produkt\/schopfkelle\/","title":{"rendered":"Gro\u00dfer Kochl\u00f6ffel"},"content":{"rendered":"<p class=\"p2\">Zum Servieren von Suppen, Eint\u00f6pfen mit H\u00fclsenfr\u00fcchten, Getreidesuppen oder Risotto. Nimmt keine Ger\u00fcche auf und bildet kein Schimmel. Per Hand mit warmem Wasser und Sp\u00fclmittel abwaschbar.<\/p>\n<p>&nbsp;<\/p>\n<p class=\"p1\"><b>Lebensmittelecht.<\/b><b><\/b><\/p>\n<p>&nbsp;<\/p>\n<p class=\"p2\">Ein einfaches und zugleich praktisches K\u00fcchenutensil: Aus echtem Olivenholz gefertigt, vereint es originelles <strong>Design<\/strong> und <strong>Funktionalit\u00e4t<\/strong>. Perfekt, um der K\u00fcche eine warme, nat\u00fcrliche Note zu verleihen.<\/p>\n<p class=\"p2\">Das <strong>Olivenholz<\/strong>, mit seiner charakteristischen Maserung und den warmen, beruhigenden Farbt\u00f6nen, macht jeden Kochl\u00f6ffel zu einem <strong>Unikat<\/strong>. Ausschlie\u00dflich mit nat\u00fcrlichem \u00d6l behandelt \u2013 ohne Lacke oder chemische Zus\u00e4tze \u2013 ganz im Einklang mit handwerklicher Tradition und Umwelt.<\/p>\n<p class=\"p2\"><strong>Nachhaltig und authentisch<\/strong>: Olivenholz ist eine bewusste Wahl f\u00fcr alle, die Sch\u00f6nheit, Gebrauchstauglichkeit, Natur und Handwerkskunst sch\u00e4tzen.<\/p>\n<h3 class=\"p1\"><b>Eine originelle Idee f\u00fcr ein umweltfreundliches Gastgeschenk<\/b><b><\/b><\/h3>\n<p class=\"p2\">Sein nat\u00fcrlicher Stil und die handwerkliche Verarbeitung machen ihn zu einem perfekten Pr\u00e4sent f\u00fcr Hochzeiten, Kommunionen oder besondere Anl\u00e4sse.<\/p>\n<p class=\"p2\">Auf Wunsch fertigen wir auch <strong>individuelle Gravuren<\/strong> an.<\/p>\n<p>&nbsp;<\/p>\n<p class=\"p2\"><span class=\"s1\"><b>Ma\u00dfe:<\/b><\/span> 8,5 \u00d7 34 cm<\/p>\n<h4 class=\"p1\"><b>Wichtiger Hinweis<\/b><b><\/b><\/h4>\n<p class=\"p2\"><em>Handgefertigter Artikel: Kleine Unregelm\u00e4\u00dfigkeiten oder leichte Abweichungen sind nicht als M\u00e4ngel zu betrachten, sondern als Zeichen der Echtheit des Produkts.<\/em><\/p>\n","protected":false},"excerpt":{"rendered":"<p>Zum Servieren von Suppen, Eint\u00f6pfen mit H\u00fclsenfr\u00fcchten, Getreidesuppen oder Risotto. Nimmt keine Ger\u00fcche auf und bildet kein Schimmel. Per Hand mit warmem Wasser und Sp\u00fclmittel abwaschbar. &nbsp; Lebensmittelecht. &nbsp; Ein einfaches und zugleich praktisches K\u00fcchenutensil: Aus echtem Olivenholz gefertigt, vereint es originelles Design und Funktionalit\u00e4t. Perfekt, um der K\u00fcche eine warme, nat\u00fcrliche Note zu verleihen&#8230;.<\/p>\n","protected":false},"featured_media":7805,"template":"","meta":{"_acf_changed":false},"product_brand":[],"product_cat":[277,287],"product_tag":[],"class_list":{"0":"post-7804","1":"product","2":"type-product","3":"status-publish","4":"has-post-thumbnail","6":"product_cat-in-der-kueche","7":"product_cat-besteck","9":"first","10":"instock","11":"sale","12":"taxable","13":"shipping-taxable","14":"purchasable","15":"product-type-simple"},"acf":[],"_links":{"self":[{"href":"https:\/\/www.dolivo.shop\/de\/wp-json\/wp\/v2\/product\/7804","targetHints":{"allow":["GET"]}}],"collection":[{"href":"https:\/\/www.dolivo.shop\/de\/wp-json\/wp\/v2\/product"}],"about":[{"href":"https:\/\/www.dolivo.shop\/de\/wp-json\/wp\/v2\/types\/product"}],"wp:featuredmedia":[{"embeddable":true,"href":"https:\/\/www.dolivo.shop\/de\/wp-json\/wp\/v2\/media\/7805"}],"wp:attachment":[{"href":"https:\/\/www.dolivo.shop\/de\/wp-json\/wp\/v2\/media?parent=7804"}],"wp:term":[{"taxonomy":"product_brand","embeddable":true,"href":"https:\/\/www.dolivo.shop\/de\/wp-json\/wp\/v2\/product_brand?post=7804"},{"taxonomy":"product_cat","embeddable":true,"href":"https:\/\/www.dolivo.shop\/de\/wp-json\/wp\/v2\/product_cat?post=7804"},{"taxonomy":"product_tag","embeddable":true,"href":"https:\/\/www.dolivo.shop\/de\/wp-json\/wp\/v2\/product_tag?post=7804"}],"curies":[{"name":"wp","href":"https:\/\/api.w.org\/{rel}","templated":true}]}}