{"id":7815,"date":"2021-06-24T15:57:21","date_gmt":"2021-06-24T14:57:21","guid":{"rendered":"https:\/\/www.dolivo.shop\/prodotto\/gewurzloffel\/"},"modified":"2025-08-15T14:27:46","modified_gmt":"2025-08-15T13:27:46","slug":"gewurzloffel","status":"publish","type":"product","link":"https:\/\/www.dolivo.shop\/de\/produkt\/gewurzloffel\/","title":{"rendered":"Gew\u00fcrzl\u00f6ffel"},"content":{"rendered":"<p class=\"p2\">Ideal zum Portionieren von Zucker, Salz, Pfeffer, Parmesan oder Gew\u00fcrzen aller Art. Auch empfohlen zum F\u00fcttern von Babys als nat\u00fcrliche Alternative zu Plastikl\u00f6ffeln. Nimmt keine Ger\u00fcche an und bildet keinen Schimmel. Kann von Hand mit warmem Wasser und Sp\u00fclmittel gereinigt werden.<\/p>\n<p>&nbsp;<\/p>\n<p class=\"p1\"><b>Lebensmittelecht.<\/b><b><\/b><\/p>\n<p>&nbsp;<\/p>\n<p class=\"p2\">Ein einfaches, aber zugleich praktisches Utensil: Aus echtem Olivenholz gefertigt, vereint es originelles <strong>Design<\/strong> und <strong>Funktionalit\u00e4t<\/strong>. Perfekt, um der K\u00fcche eine warme Note zu verleihen.<\/p>\n<p class=\"p2\"><strong>Olivenholz<\/strong>, mit seiner individuellen Maserung und seinen warmen, beruhigenden Farbt\u00f6nen, macht jeden L\u00f6ffel zu einem <strong>Unikat<\/strong>. Ausschlie\u00dflich mit nat\u00fcrlichem \u00d6l behandelt \u2013 ohne Lacke oder Chemikalien \u2013 und ganz im Sinne traditioneller Handwerkskunst und Umweltfreundlichkeit.<\/p>\n<p class=\"p2\"><strong>Nachhaltig und authentisch<\/strong>: Olivenholz ist eine bewusste Wahl f\u00fcr alle, die Sch\u00f6nheit, Benutzerfreundlichkeit, Natur und Handwerk sch\u00e4tzen.<\/p>\n<h3 class=\"p1\"><b>Eine originelle Idee f\u00fcr ein umweltfreundliches Gastgeschenk<\/b><b><\/b><\/h3>\n<p class=\"p2\">Sein nat\u00fcrlicher Stil und die handwerkliche Verarbeitung machen ihn zu einem perfekten Pr\u00e4sent f\u00fcr <em>Hochzeiten, Taufen oder besondere Anl\u00e4sse<\/em>.<\/p>\n<p>&nbsp;<\/p>\n<p class=\"p2\"><span class=\"s1\"><b>Ma\u00dfe:<\/b><\/span> 2,5 \u00d7 10 cm<\/p>\n<h4 class=\"p1\"><b>Wichtiger Hinweis<\/b><b><\/b><\/h4>\n<p class=\"p2\"><em>Handgefertigtes Produkt: Kleine Unregelm\u00e4\u00dfigkeiten oder leichte Abweichungen sind keine M\u00e4ngel, sondern ein Zeichen der Echtheit.<\/em><\/p>\n","protected":false},"excerpt":{"rendered":"<p>Ideal zum Portionieren von Zucker, Salz, Pfeffer, Parmesan oder Gew\u00fcrzen aller Art. Auch empfohlen zum F\u00fcttern von Babys als nat\u00fcrliche Alternative zu Plastikl\u00f6ffeln. Nimmt keine Ger\u00fcche an und bildet keinen Schimmel. Kann von Hand mit warmem Wasser und Sp\u00fclmittel gereinigt werden. &nbsp; Lebensmittelecht. &nbsp; Ein einfaches, aber zugleich praktisches Utensil: Aus echtem Olivenholz gefertigt, vereint&#8230;<\/p>\n","protected":false},"featured_media":7816,"template":"","meta":{"_acf_changed":false},"product_brand":[],"product_cat":[277,287],"product_tag":[],"class_list":{"0":"post-7815","1":"product","2":"type-product","3":"status-publish","4":"has-post-thumbnail","6":"product_cat-in-der-kueche","7":"product_cat-besteck","9":"first","10":"instock","11":"taxable","12":"shipping-taxable","13":"purchasable","14":"product-type-simple"},"acf":[],"_links":{"self":[{"href":"https:\/\/www.dolivo.shop\/de\/wp-json\/wp\/v2\/product\/7815","targetHints":{"allow":["GET"]}}],"collection":[{"href":"https:\/\/www.dolivo.shop\/de\/wp-json\/wp\/v2\/product"}],"about":[{"href":"https:\/\/www.dolivo.shop\/de\/wp-json\/wp\/v2\/types\/product"}],"wp:featuredmedia":[{"embeddable":true,"href":"https:\/\/www.dolivo.shop\/de\/wp-json\/wp\/v2\/media\/7816"}],"wp:attachment":[{"href":"https:\/\/www.dolivo.shop\/de\/wp-json\/wp\/v2\/media?parent=7815"}],"wp:term":[{"taxonomy":"product_brand","embeddable":true,"href":"https:\/\/www.dolivo.shop\/de\/wp-json\/wp\/v2\/product_brand?post=7815"},{"taxonomy":"product_cat","embeddable":true,"href":"https:\/\/www.dolivo.shop\/de\/wp-json\/wp\/v2\/product_cat?post=7815"},{"taxonomy":"product_tag","embeddable":true,"href":"https:\/\/www.dolivo.shop\/de\/wp-json\/wp\/v2\/product_tag?post=7815"}],"curies":[{"name":"wp","href":"https:\/\/api.w.org\/{rel}","templated":true}]}}