{"id":7820,"date":"2021-09-30T17:35:36","date_gmt":"2021-09-30T16:35:36","guid":{"rendered":"https:\/\/www.dolivo.shop\/prodotto\/parmesanmesser\/"},"modified":"2026-05-03T11:26:56","modified_gmt":"2026-05-03T10:26:56","slug":"parmesanmesser","status":"publish","type":"product","link":"https:\/\/www.dolivo.shop\/de\/produkt\/parmesanmesser\/","title":{"rendered":"Parmigiano-Messer aus Oliven Holz und Stahl"},"content":{"rendered":"<p class=\"p3\">Das Parmigiano-Messer ist ein traditionelles K\u00fcchenwerkzeug, das zum Brechen oder Portionieren von Parmigiano Reggiano, Grana Padano oder Blauschimmelk\u00e4se in Sp\u00e4ne oder unregelm\u00e4\u00dfige St\u00fccke dient \u2013 ganz wie es die Tradition verlangt. Ideal f\u00fcr K\u00e4seliebhaber und f\u00fcr alle, die sch\u00f6ne, funktionale und zeitlose K\u00fcchenutensilien sch\u00e4tzen.<\/p>\n<p>&nbsp;<\/p>\n<p class=\"p3\"><strong>Lebensmittelecht.<\/strong><\/p>\n<p>&nbsp;<\/p>\n<p class=\"p3\">Diese Ausf\u00fchrung ist mit einer <strong>Klinge<\/strong> aus <strong>rostfreiem Edelstahl<\/strong> und einem <strong>ergonomischen Griff aus edlem Olivenholz<\/strong> ausgestattet, der jedem St\u00fcck W\u00e4rme, Eleganz und Einzigartigkeit verleiht. Das Olivenholz mit seiner charakteristischen Maserung macht jedes Parmigiano-Messer zu einem <strong>Unikat<\/strong> voller handwerklichem Charme. Ausschlie\u00dflich mit nat\u00fcrlichem \u00d6l behandelt \u2013 ohne Lacke oder Chemikalien \u2013 ganz im Sinne traditioneller Handwerkskunst und der Umwelt.<\/p>\n<p class=\"p3\"><strong>Nachhaltig und authentisch<\/strong> ist Olivenholz eine bewusste Wahl f\u00fcr alle, die Sch\u00f6nheit, praktische Anwendung, Natur und Handarbeit sch\u00e4tzen.<\/p>\n<h2 class=\"p1\">Eine originelle, umweltfreundliche Geschenkidee<b><\/b><\/h2>\n<p class=\"p3\">Sein nat\u00fcrlicher Stil und die handwerkliche Fertigung machen es zu einem besonderen Pr\u00e4sent f\u00fcr <strong>Hochzeiten, Kommunionen oder andere festliche Anl\u00e4sse<\/strong>.<\/p>\n<p class=\"p3\">Auf Wunsch sind <strong>individuelle Gravuren<\/strong> m\u00f6glich \u2013 sowohl auf dem Metall als auch auf dem Holz.<\/p>\n<p>&nbsp;<\/p>\n<p class=\"p3\"><span class=\"s1\"><b>Ma\u00dfe:<\/b><\/span> 16 \u00d7 4 cm.<\/p>\n<h3 class=\"p1\">Wichtiger Hinweis<b><\/b><\/h3>\n<p class=\"p3\"><em>Dieses Produkt wird in Handarbeit hergestellt: kleine Unregelm\u00e4\u00dfigkeiten oder leichte Abweichungen sind keine M\u00e4ngel, sondern Zeichen der Echtheit und Individualit\u00e4t.<\/em><\/p>\n","protected":false},"excerpt":{"rendered":"<p>Das Parmigiano-Messer ist ein traditionelles K\u00fcchenwerkzeug, das zum Brechen oder Portionieren von Parmigiano Reggiano, Grana Padano oder Blauschimmelk\u00e4se in Sp\u00e4ne oder unregelm\u00e4\u00dfige St\u00fccke dient \u2013 ganz wie es die Tradition verlangt. Ideal f\u00fcr K\u00e4seliebhaber und f\u00fcr alle, die sch\u00f6ne, funktionale und zeitlose K\u00fcchenutensilien sch\u00e4tzen. &nbsp; Lebensmittelecht. &nbsp; Diese Ausf\u00fchrung ist mit einer Klinge aus rostfreiem&#8230;<\/p>\n","protected":false},"featured_media":7825,"template":"","meta":{"_acf_changed":false},"product_brand":[],"product_cat":[277,288],"product_tag":[],"class_list":{"0":"post-7820","1":"product","2":"type-product","3":"status-publish","4":"has-post-thumbnail","6":"product_cat-in-der-kueche","7":"product_cat-kuechengeraete","9":"first","10":"outofstock","11":"taxable","12":"shipping-taxable","13":"purchasable","14":"product-type-simple"},"acf":[],"_links":{"self":[{"href":"https:\/\/www.dolivo.shop\/de\/wp-json\/wp\/v2\/product\/7820","targetHints":{"allow":["GET"]}}],"collection":[{"href":"https:\/\/www.dolivo.shop\/de\/wp-json\/wp\/v2\/product"}],"about":[{"href":"https:\/\/www.dolivo.shop\/de\/wp-json\/wp\/v2\/types\/product"}],"wp:featuredmedia":[{"embeddable":true,"href":"https:\/\/www.dolivo.shop\/de\/wp-json\/wp\/v2\/media\/7825"}],"wp:attachment":[{"href":"https:\/\/www.dolivo.shop\/de\/wp-json\/wp\/v2\/media?parent=7820"}],"wp:term":[{"taxonomy":"product_brand","embeddable":true,"href":"https:\/\/www.dolivo.shop\/de\/wp-json\/wp\/v2\/product_brand?post=7820"},{"taxonomy":"product_cat","embeddable":true,"href":"https:\/\/www.dolivo.shop\/de\/wp-json\/wp\/v2\/product_cat?post=7820"},{"taxonomy":"product_tag","embeddable":true,"href":"https:\/\/www.dolivo.shop\/de\/wp-json\/wp\/v2\/product_tag?post=7820"}],"curies":[{"name":"wp","href":"https:\/\/api.w.org\/{rel}","templated":true}]}}